{"id":3618,"date":"2022-06-07T07:22:07","date_gmt":"2022-06-07T07:22:07","guid":{"rendered":"https:\/\/mensch3000.ch\/impressum\/"},"modified":"2024-02-26T11:49:40","modified_gmt":"2024-02-26T11:49:40","slug":"impressum","status":"publish","type":"page","link":"https:\/\/mensch3000.ch\/en\/impressum\/","title":{"rendered":"Impressum"},"content":{"rendered":"<section class=\"l-section wpb_row height_medium\"><div class=\"l-section-h i-cf\"><div class=\"g-cols vc_row via_grid cols_1 laptops-cols_inherit tablets-cols_inherit mobiles-cols_1 valign_top type_default stacking_default\"><div class=\"wpb_column vc_column_container\"><div class=\"vc_column-inner\"><div class=\"wpb_text_column\"><div class=\"wpb_wrapper\"><p style=\"text-align: left;\"><strong>Kontaktadresse, Vertretungsberechtigte Personen, F\u00fcr den Inhalt verantwortlich<\/strong><\/p>\n<p style=\"text-align: left;\"><a href=\"https:\/\/mensch3000.ch\/kontakt\/\">Mensch3000<\/a><\/p>\n<p style=\"text-align: left;\">Unterst\u00fctzung:<strong><br \/>\n<\/strong><a href=\"https:\/\/www.fabo.ch\/\">FABO communication AG<\/a><br \/>\nRheinstrasse 22, 7320 Sargans<br \/>\nT: 081 710 44 48 \/ mail@fabo.ch<\/p>\n<p style=\"text-align: left;\"><strong>Copyright \/ Urheberrecht<\/strong><\/p>\n<p style=\"text-align: left;\">Der gesamte Inhalt der Website mensch3000.ch ist urheberrechtlich gesch\u00fctzt. Die Urheberrechte kommen dabei mensch3000.ch zu. Die Elemente auf der Website sind nur f\u00fcr Browsingzwecke frei zug\u00e4nglich. Jede Art der Verbreitung, Vervielf\u00e4ltigung, Bearbeitung und Verwertung des gegenst\u00e4ndlichen Materials (auch Teile daraus) ausserhalb der Grenzen des Urheberrechts bedarf der vorherigen schriftlichen Zustimmung des Urhebers. Die Verbreitung und Vervielf\u00e4ltigung des gegenst\u00e4ndlichen Materials (auch Teile daraus) in gedruckter oder elektronischer Form innerhalb der Grenzen des Urheberrechts sind nur mit ausdr\u00fccklicher namentlicher Nennung des Urhebers gestattet.<\/p>\n<p style=\"text-align: left;\">Durch das Herunterladen oder Kopieren von Inhalten, Bildern, Fotos oder anderen Dateien werden keinerlei Rechte bez\u00fcglich der Inhalte \u00fcbertragen. Die verwendeten Namen und Logos sind eingetragene und daher gesch\u00fctzte Marken, weshalb kein Recht zur Nutzung der Bilder, Namen und Logos besteht. mensch3000.ch beh\u00e4lt sich s\u00e4mtliche Rechte hinsichtlich des gesamten Inhaltes der Website \u2013 ausgenommen davon sind Rechte Dritter \u2013 vor.<\/p>\n<\/div><\/div><\/div><\/div><\/div><\/div><\/section>\n","protected":false},"excerpt":{"rendered":"Kontaktadresse, Vertretungsberechtigte Personen, F\u00fcr den Inhalt verantwortlich Mensch3000 Unterst\u00fctzung: FABO communication AG Rheinstrasse 22, 7320 Sargans T: 081 710 44 48 \/ mail@fabo.ch Copyright \/ Urheberrecht Der gesamte Inhalt der Website mensch3000.ch ist urheberrechtlich gesch\u00fctzt. Die Urheberrechte kommen dabei mensch3000.ch zu. Die Elemente auf der Website sind nur f\u00fcr Browsingzwecke frei zug\u00e4nglich. Jede Art der...","protected":false},"author":1,"featured_media":0,"parent":0,"menu_order":0,"comment_status":"closed","ping_status":"closed","template":"","meta":[],"acf":[],"_links":{"self":[{"href":"https:\/\/mensch3000.ch\/en\/wp-json\/wp\/v2\/pages\/3618"}],"collection":[{"href":"https:\/\/mensch3000.ch\/en\/wp-json\/wp\/v2\/pages"}],"about":[{"href":"https:\/\/mensch3000.ch\/en\/wp-json\/wp\/v2\/types\/page"}],"author":[{"embeddable":true,"href":"https:\/\/mensch3000.ch\/en\/wp-json\/wp\/v2\/users\/1"}],"replies":[{"embeddable":true,"href":"https:\/\/mensch3000.ch\/en\/wp-json\/wp\/v2\/comments?post=3618"}],"version-history":[{"count":1,"href":"https:\/\/mensch3000.ch\/en\/wp-json\/wp\/v2\/pages\/3618\/revisions"}],"predecessor-version":[{"id":3620,"href":"https:\/\/mensch3000.ch\/en\/wp-json\/wp\/v2\/pages\/3618\/revisions\/3620"}],"wp:attachment":[{"href":"https:\/\/mensch3000.ch\/en\/wp-json\/wp\/v2\/media?parent=3618"}],"curies":[{"name":"wp","href":"https:\/\/api.w.org\/{rel}","templated":true}]}}