{"id":3175,"date":"2022-04-04T13:19:40","date_gmt":"2022-04-04T13:19:40","guid":{"rendered":"https:\/\/mensch3000.ch\/virtuell-inschtruggdr\/"},"modified":"2025-06-07T13:54:52","modified_gmt":"2025-06-07T13:54:52","slug":"virtuell-inschtruggdr","status":"publish","type":"page","link":"https:\/\/mensch3000.ch\/en\/virtuell-inschtruggdr\/","title":{"rendered":"Virtuell Inschtruggdr"},"content":{"rendered":"<section class=\"l-section wpb_row height_medium\"><div class=\"l-section-h i-cf\"><div class=\"g-cols vc_row via_grid cols_1 laptops-cols_inherit tablets-cols_inherit mobiles-cols_1 valign_top type_default stacking_default\"><div class=\"wpb_column vc_column_container\"><div class=\"vc_column-inner\"><h1 class=\"w-post-elm post_title align_center entry-title color_link_inherit\">Virtuell Inschtruggdr<\/h1><div class=\"g-cols wpb_row via_grid cols_6 laptops-cols_inherit tablets-cols_inherit mobiles-cols_1 valign_top type_default stacking_default\" style=\"grid-gap:1rem;\"><div class=\"wpb_column vc_column_container us_custom_0d15be52 has_bg_color\"><div class=\"vc_column-inner\"><div class=\"wpb_text_column\"><div class=\"wpb_wrapper\"><p class=\"p1\" style=\"text-align: center;\"><strong>Baskilisk<br \/>\n<\/strong><\/p>\n<\/div><\/div><div class=\"wpb_text_column\"><div class=\"wpb_wrapper\"><p style=\"text-align: center;\">2025<\/p>\n<\/div><\/div><div class=\"w-separator size_small\"><\/div><div class=\"w-image align_center\"><a title=\"Schnuurepflutteri\" href=\"https:\/\/mensch3000.ch\/wp-content\/uploads\/2025\/06\/Baskilisk-juno-7.mp3\" aria-label=\"Link\" class=\"w-image-h\"><img width=\"1881\" height=\"2660\" src=\"https:\/\/mensch3000.ch\/wp-content\/uploads\/2024\/04\/Dragondlune-scaled.jpg?wsr\" class=\"attachment-full size-full\" alt=\"\" decoding=\"async\" loading=\"lazy\" srcset=\"https:\/\/mensch3000.ch\/wp-content\/uploads\/2024\/04\/Dragondlune-scaled.jpg 1881w, https:\/\/mensch3000.ch\/wp-content\/uploads\/2024\/04\/Dragondlune-212x300.jpg 212w, https:\/\/mensch3000.ch\/wp-content\/uploads\/2024\/04\/Dragondlune-724x1024.jpg 724w, https:\/\/mensch3000.ch\/wp-content\/uploads\/2024\/04\/Dragondlune-566x800.jpg 566w, https:\/\/mensch3000.ch\/wp-content\/uploads\/2024\/04\/Dragondlune-283x400.jpg 283w\" sizes=\"(max-width: 1881px) 100vw, 1881px\" \/><\/a><\/div><div class=\"w-separator size_small\"><\/div><div class=\"w-btn-wrapper align_center\"><a class=\"w-btn us-btn-style_3\" href=\"https:\/\/mensch3000.ch\/de\/cantiga-del-dragon-lunar-2\/\"><span class=\"w-btn-label\">SETZKASTEN<\/span><\/a><\/div><div class=\"w-separator size_small\"><\/div><div class=\"w-btn-wrapper align_center\"><a class=\"w-btn us-btn-style_3\" href=\"https:\/\/mensch3000.ch\/cantiga-del-dragon-lunar-2\/\"><span class=\"w-btn-label\">INFO<\/span><\/a><\/div><div class=\"w-separator size_small\"><\/div><div class=\"w-btn-wrapper align_center\"><a class=\"w-btn us-btn-style_3\" href=\"https:\/\/mensch3000.ch\/wp-content\/uploads\/2025\/06\/Baskilisk-juno-7.mp3\"><span class=\"w-btn-label\">AUDIO<\/span><\/a><\/div><\/div><\/div><div class=\"wpb_column vc_column_container us_custom_0d15be52 has_bg_color\"><div class=\"vc_column-inner\"><div class=\"wpb_text_column\"><div class=\"wpb_wrapper\"><p style=\"text-align: center;\"><strong>SchnuurePflutteri<\/strong><\/p>\n<\/div><\/div><div class=\"wpb_text_column\"><div class=\"wpb_wrapper\"><p style=\"text-align: center;\">2022<\/p>\n<\/div><\/div><div class=\"w-separator size_small\"><\/div><div class=\"w-image align_center\"><a title=\"Schnuurepflutteri\" href=\"https:\/\/mensch3000.ch\/schnuurepflutteri\/\" aria-label=\"Link\" class=\"w-image-h\"><img width=\"1810\" height=\"2560\" src=\"https:\/\/mensch3000.ch\/wp-content\/uploads\/2022\/06\/SchnuPflu-Deckblatt-scaled.jpg?wsr\" class=\"attachment-full size-full\" alt=\"\" decoding=\"async\" loading=\"lazy\" srcset=\"https:\/\/mensch3000.ch\/wp-content\/uploads\/2022\/06\/SchnuPflu-Deckblatt-scaled.jpg 1810w, https:\/\/mensch3000.ch\/wp-content\/uploads\/2022\/06\/SchnuPflu-Deckblatt-212x300.jpg 212w, https:\/\/mensch3000.ch\/wp-content\/uploads\/2022\/06\/SchnuPflu-Deckblatt-724x1024.jpg 724w, https:\/\/mensch3000.ch\/wp-content\/uploads\/2022\/06\/SchnuPflu-Deckblatt-566x800.jpg 566w, https:\/\/mensch3000.ch\/wp-content\/uploads\/2022\/06\/SchnuPflu-Deckblatt-283x400.jpg 283w\" sizes=\"(max-width: 1810px) 100vw, 1810px\" \/><\/a><\/div><div class=\"w-separator size_small\"><\/div><div class=\"w-btn-wrapper align_center\"><a class=\"w-btn us-btn-style_3\" href=\"https:\/\/mensch3000.ch\/schnuurepflutteri\/\"><span class=\"w-btn-label\">SETZKASTEN<\/span><\/a><\/div><div class=\"w-separator size_small\"><\/div><div class=\"w-btn-wrapper align_center\"><a class=\"w-btn us-btn-style_3\" href=\"https:\/\/mensch3000.ch\/info-zum-schnuurepflutteri\/\"><span class=\"w-btn-label\">INFO<\/span><\/a><\/div><div class=\"w-separator size_small\"><\/div><div class=\"w-btn-wrapper align_center\"><a class=\"w-btn us-btn-style_3\" href=\"https:\/\/mensch3000.ch\/wp-content\/uploads\/2023\/02\/SchnuurePflutteri-2023-konzertant.mp3\"><span class=\"w-btn-label\">AUDIO<\/span><\/a><\/div><\/div><\/div><div class=\"wpb_column vc_column_container us_custom_0d15be52 has_bg_color\"><div class=\"vc_column-inner\"><div class=\"wpb_text_column\"><div class=\"wpb_wrapper\"><p style=\"text-align: center;\"><strong>TatterRabatt<\/strong><\/p>\n<\/div><\/div><div class=\"wpb_text_column\"><div class=\"wpb_wrapper\"><p style=\"text-align: center;\">2018<\/p>\n<\/div><\/div><div class=\"w-separator size_small\"><\/div><div class=\"w-image align_center\"><a href=\"https:\/\/mensch3000.ch\/tatterrabatt\/\" aria-label=\"Link\" class=\"w-image-h\"><img width=\"1200\" height=\"1697\" src=\"https:\/\/mensch3000.ch\/wp-content\/uploads\/2024\/04\/Tatterrabatt-copy.jpg?wsr\" class=\"attachment-full size-full\" alt=\"\" decoding=\"async\" loading=\"lazy\" srcset=\"https:\/\/mensch3000.ch\/wp-content\/uploads\/2024\/04\/Tatterrabatt-copy.jpg 1200w, https:\/\/mensch3000.ch\/wp-content\/uploads\/2024\/04\/Tatterrabatt-copy-212x300.jpg 212w, https:\/\/mensch3000.ch\/wp-content\/uploads\/2024\/04\/Tatterrabatt-copy-724x1024.jpg 724w, https:\/\/mensch3000.ch\/wp-content\/uploads\/2024\/04\/Tatterrabatt-copy-566x800.jpg 566w, https:\/\/mensch3000.ch\/wp-content\/uploads\/2024\/04\/Tatterrabatt-copy-283x400.jpg 283w\" sizes=\"(max-width: 1200px) 100vw, 1200px\" \/><\/a><\/div><div class=\"w-separator size_small\"><\/div><div class=\"w-btn-wrapper align_center\"><a class=\"w-btn us-btn-style_3\" title=\"TatterRabatt\" href=\"https:\/\/mensch3000.ch\/tatterrabatt\/\"><span class=\"w-btn-label\">SETZKASTEN<\/span><\/a><\/div><div class=\"w-separator size_small\"><\/div><div class=\"w-btn-wrapper align_center\"><a class=\"w-btn us-btn-style_3\" href=\"https:\/\/mensch3000.ch\/dr-tatterrabatt\/\"><span class=\"w-btn-label\">INFO<\/span><\/a><\/div><div class=\"w-separator size_small\"><\/div><div class=\"w-btn-wrapper align_center\"><a class=\"w-btn us-btn-style_3\" href=\"https:\/\/mensch3000.ch\/wp-content\/uploads\/2024\/02\/TatterRabatt-2024.mp3\"><span class=\"w-btn-label\">AUDIO<\/span><\/a><\/div><div class=\"w-separator size_small\"><\/div><div class=\"w-btn-wrapper align_center\"><a class=\"w-btn us-btn-style_3\" target=\"_blank\" href=\"https:\/\/www.youtube.com\/watch?v=CpatJDa1euE\" rel=\"noopener\"><span class=\"w-btn-label\">VIDEO<\/span><\/a><\/div><\/div><\/div><div class=\"wpb_column vc_column_container us_custom_0d15be52 has_bg_color\"><div class=\"vc_column-inner\"><div class=\"wpb_text_column\"><div class=\"wpb_wrapper\"><p style=\"text-align: center;\"><strong>Fuudyblutt<\/strong><\/p>\n<\/div><\/div><div class=\"wpb_text_column\"><div class=\"wpb_wrapper\"><p style=\"text-align: center;\">2015<\/p>\n<\/div><\/div><div class=\"w-separator size_small\"><\/div><div class=\"w-image align_center\"><a title=\"Schnuurepflutteri\" href=\"https:\/\/mensch3000.ch\/fuudyblutt\/\" aria-label=\"Link\" class=\"w-image-h\"><img width=\"1240\" height=\"1755\" src=\"https:\/\/mensch3000.ch\/wp-content\/uploads\/2022\/06\/Titelblatt_fuudy.jpg?wsr\" class=\"attachment-full size-full\" alt=\"\" decoding=\"async\" loading=\"lazy\" srcset=\"https:\/\/mensch3000.ch\/wp-content\/uploads\/2022\/06\/Titelblatt_fuudy.jpg 1240w, https:\/\/mensch3000.ch\/wp-content\/uploads\/2022\/06\/Titelblatt_fuudy-212x300.jpg 212w, https:\/\/mensch3000.ch\/wp-content\/uploads\/2022\/06\/Titelblatt_fuudy-724x1024.jpg 724w, https:\/\/mensch3000.ch\/wp-content\/uploads\/2022\/06\/Titelblatt_fuudy-565x800.jpg 565w, https:\/\/mensch3000.ch\/wp-content\/uploads\/2022\/06\/Titelblatt_fuudy-283x400.jpg 283w\" sizes=\"(max-width: 1240px) 100vw, 1240px\" \/><\/a><\/div><div class=\"w-separator size_small\"><\/div><div class=\"w-btn-wrapper align_center\"><a class=\"w-btn us-btn-style_3\" title=\"Fuudyblutt!\" href=\"https:\/\/mensch3000.ch\/fuudyblutt\/\"><span class=\"w-btn-label\">SETZKASTEN<\/span><\/a><\/div><div class=\"w-separator size_small\"><\/div><div class=\"w-btn-wrapper align_center\"><a class=\"w-btn us-btn-style_3\" href=\"https:\/\/mensch3000.ch\/fasnacht\/fuudyblutt\/\"><span class=\"w-btn-label\">INFO<\/span><\/a><\/div><div class=\"w-separator size_small\"><\/div><div class=\"w-btn-wrapper align_center\"><a class=\"w-btn us-btn-style_3\" href=\"https:\/\/mensch3000.ch\/wp-content\/uploads\/2022\/04\/MIDALLEM.mp3\"><span class=\"w-btn-label\">AUDIO<\/span><\/a><\/div><div class=\"w-separator size_small\"><\/div><div class=\"w-btn-wrapper align_center\"><a class=\"w-btn us-btn-style_3\" href=\"https:\/\/www.youtube.com\/watch?v=2h1UaSbfk-M\"><span class=\"w-btn-label\">VIDEO<\/span><\/a><\/div><\/div><\/div><div class=\"wpb_column vc_column_container us_custom_0d15be52 has_bg_color\"><div class=\"vc_column-inner\"><div class=\"wpb_text_column\"><div class=\"wpb_wrapper\"><p style=\"text-align: center;\"><strong>ZukumftsMusig&#8230;<\/strong><\/p>\n<\/div><\/div><div class=\"wpb_text_column\"><div class=\"wpb_wrapper\"><p style=\"text-align: center;\">2025 !<\/p>\n<\/div><\/div><div class=\"w-separator size_small\"><\/div><div class=\"w-image align_center\"><a title=\"Dragon v. 4\" target=\"_blank\" href=\"https:\/\/mensch3000.ch\/wp-content\/uploads\/2025\/05\/Kuttebruenzler-Impro-1.mp3\" rel=\"noopener\" aria-label=\"Link\" class=\"w-image-h\"><img width=\"3840\" height=\"2784\" src=\"https:\/\/mensch3000.ch\/wp-content\/uploads\/2022\/06\/peenibugfrei-scaled.jpg?wsr\" class=\"attachment-full size-full\" alt=\"\" decoding=\"async\" loading=\"lazy\" srcset=\"https:\/\/mensch3000.ch\/wp-content\/uploads\/2022\/06\/peenibugfrei-scaled.jpg 3840w, https:\/\/mensch3000.ch\/wp-content\/uploads\/2022\/06\/peenibugfrei-300x218.jpg 300w, https:\/\/mensch3000.ch\/wp-content\/uploads\/2022\/06\/peenibugfrei-1024x742.jpg 1024w, https:\/\/mensch3000.ch\/wp-content\/uploads\/2022\/06\/peenibugfrei-800x580.jpg 800w, https:\/\/mensch3000.ch\/wp-content\/uploads\/2022\/06\/peenibugfrei-552x400.jpg 552w\" sizes=\"(max-width: 3840px) 100vw, 3840px\" \/><\/a><\/div><div class=\"w-separator size_small\"><\/div><div class=\"w-btn-wrapper align_center\"><a class=\"w-btn us-btn-style_3\" href=\"#\"><span class=\"w-btn-label\">wenn denn&#8230;<\/span><\/a><\/div><div class=\"w-separator size_small\"><\/div><div class=\"w-btn-wrapper align_center\"><a class=\"w-btn us-btn-style_3\" href=\"#\"><span class=\"w-btn-label\">UFO&#8230;<\/span><\/a><\/div><div class=\"w-separator size_small\"><\/div><div class=\"w-btn-wrapper align_center\"><a class=\"w-btn us-btn-style_3\" href=\"#\"><span class=\"w-btn-label\">A So&#8230;<\/span><\/a><\/div><\/div><\/div><div class=\"wpb_column vc_column_container us_custom_0d15be52 has_bg_color\"><div class=\"vc_column-inner\"><div class=\"wpb_text_column\"><div class=\"wpb_wrapper\"><p style=\"text-align: center;\"><strong>BassPiccolo<\/strong><\/p>\n<\/div><\/div><div class=\"wpb_text_column\"><div class=\"wpb_wrapper\"><p style=\"text-align: center;\"><a href=\"https:\/\/mensch3000.ch\/fasnacht\/zusatz-bass-piccolo-stimmen\/\"><strong>Zuesatzstimme fir&#8217;s BassPiccolo und Info drzue<\/strong><\/a><\/p>\n<\/div><\/div><div class=\"wpb_text_column\"><div class=\"wpb_wrapper\"><p>&nbsp;<\/p>\n<p style=\"text-align: center;\">&#8230;und\/+ neuery Piccolo-M\u00e4rsch vom<br \/>\n<strong><a href=\"https:\/\/geraldpretot.ch\/kompositionen-und-arrangements\/\">G\u00e9rald Pr\u00e9t\u00f4t<\/a><\/strong><\/p>\n<\/div><\/div><\/div><\/div><\/div><div class=\"w-separator size_small\"><\/div><div class=\"g-cols wpb_row via_grid cols_5 laptops-cols_inherit tablets-cols_inherit mobiles-cols_1 valign_top type_default stacking_default\" style=\"grid-gap:1rem;\"><div class=\"wpb_column vc_column_container us_custom_0d15be52 has_bg_color\"><div class=\"vc_column-inner\"><div class=\"w-separator size_small\"><\/div><\/div><\/div><div class=\"wpb_column vc_column_container us_custom_0d15be52 has_bg_color\"><div class=\"vc_column-inner\"><\/div><\/div><div class=\"wpb_column vc_column_container us_custom_0d15be52 has_bg_color\"><div class=\"vc_column-inner\"><\/div><\/div><div class=\"wpb_column vc_column_container us_custom_0d15be52 has_bg_color\"><div class=\"vc_column-inner\"><\/div><\/div><div class=\"wpb_column vc_column_container us_custom_0d15be52 has_bg_color\"><div class=\"vc_column-inner\"><\/div><\/div><\/div><\/div><\/div><\/div><\/div><\/section>\n","protected":false},"excerpt":{"rendered":"Virtuell InschtruggdrBaskilisk 2025 SETZKASTENINFOAUDIOSchnuurePflutteri 2022 SETZKASTENINFOAUDIOTatterRabatt 2018 SETZKASTENINFOAUDIOVIDEOFuudyblutt 2015 SETZKASTENINFOAUDIOVIDEOZukumftsMusig&#8230; 2025 ! wenn denn&#8230;UFO&#8230;A So&#8230;BassPiccolo Zuesatzstimme fir&#8217;s BassPiccolo und Info drzue &nbsp; &#8230;und\/+ neuery Piccolo-M\u00e4rsch vom G\u00e9rald Pr\u00e9t\u00f4t","protected":false},"author":1,"featured_media":0,"parent":0,"menu_order":0,"comment_status":"closed","ping_status":"closed","template":"","meta":[],"acf":[],"_links":{"self":[{"href":"https:\/\/mensch3000.ch\/en\/wp-json\/wp\/v2\/pages\/3175"}],"collection":[{"href":"https:\/\/mensch3000.ch\/en\/wp-json\/wp\/v2\/pages"}],"about":[{"href":"https:\/\/mensch3000.ch\/en\/wp-json\/wp\/v2\/types\/page"}],"author":[{"embeddable":true,"href":"https:\/\/mensch3000.ch\/en\/wp-json\/wp\/v2\/users\/1"}],"replies":[{"embeddable":true,"href":"https:\/\/mensch3000.ch\/en\/wp-json\/wp\/v2\/comments?post=3175"}],"version-history":[{"count":29,"href":"https:\/\/mensch3000.ch\/en\/wp-json\/wp\/v2\/pages\/3175\/revisions"}],"predecessor-version":[{"id":4594,"href":"https:\/\/mensch3000.ch\/en\/wp-json\/wp\/v2\/pages\/3175\/revisions\/4594"}],"wp:attachment":[{"href":"https:\/\/mensch3000.ch\/en\/wp-json\/wp\/v2\/media?parent=3175"}],"curies":[{"name":"wp","href":"https:\/\/api.w.org\/{rel}","templated":true}]}}