{"id":3171,"date":"2022-05-27T11:19:21","date_gmt":"2022-05-27T11:19:21","guid":{"rendered":"https:\/\/mensch3000.ch\/tatterrabatt\/"},"modified":"2024-04-16T21:01:18","modified_gmt":"2024-04-16T21:01:18","slug":"tatterrabatt","status":"publish","type":"page","link":"https:\/\/mensch3000.ch\/en\/tatterrabatt\/","title":{"rendered":"TatterRabatt"},"content":{"rendered":"<section class=\"l-section wpb_row height_medium\"><div class=\"l-section-h i-cf\"><div class=\"g-cols vc_row via_grid cols_1 laptops-cols_inherit tablets-cols_inherit mobiles-cols_1 valign_top type_default stacking_default\"><div class=\"wpb_column vc_column_container\"><div class=\"vc_column-inner\"><div class=\"wpb_text_column\"><div class=\"wpb_wrapper\"><p style=\"text-align: center;\"><span style=\"font-family: Arial;\"><b><span style=\"font-size: x-large;\"><a href=\"https:\/\/www.youtube.com\/watch?v=CpatJDa1euE\">Dr TatterRabatt<\/a><br \/>\n<\/span><\/b><\/span><a href=\"https:\/\/mensch3000.ch\/dr-tatterrabatt\/\"><strong>+ d&#8217;Hintergrundinfo drzue<\/strong><\/a><\/p>\n<p>Stand April 2024:<br \/>\n&#8230;es wird (vrmuetlig) eher k\u00e4y DrummelT\u00e4kscht g\u00e4, oder wenn, denn erscht ab em 2\/2tel D\u00e4yl (mit eme&#8217;n&#8217;Ussetzer bim Irrl\u00e4ndler&#8230;)<\/p>\n<\/div><\/div><div class=\"w-separator size_medium\"><\/div><div class=\"g-cols wpb_row via_grid cols_1 laptops-cols_inherit tablets-cols_inherit mobiles-cols_1 valign_top type_default stacking_default\"><div class=\"wpb_column vc_column_container\"><div class=\"vc_column-inner\"><div class=\"wpb_text_column\"><div class=\"wpb_wrapper\">\n<table id=\"tablepress-10\" class=\"tablepress tablepress-id-10 tablepress-responsive\">\n<thead>\n<tr class=\"row-1 odd\">\n\t<th class=\"column-1\">Wely Stimm?<\/th><th class=\"column-2\">a tempo<\/th><th class=\"column-3\">&nbsp;<\/th><th class=\"column-4\">vrlangsamte <br \/>\n7\/8-tel D\u00e4yl<\/th><th class=\"column-5\">e Schlaufe<\/th><th class=\"column-6\">&nbsp;<\/th><th class=\"column-7\">&nbsp;<\/th>\n<\/tr>\n<\/thead>\n<tbody class=\"row-hover\">\n<tr class=\"row-2 even\">\n\t<td class=\"column-1\"><\/td><td class=\"column-2\"><strong>Solo<\/strong><\/td><td class=\"column-3\"><strong>Playback<\/strong><\/td><td class=\"column-4\"><strong>eifach bstelle!<\/strong><\/td><td class=\"column-5\"><strong>Takt 33 - 36<\/strong><\/td><td class=\"column-6\"><\/td><td class=\"column-7\"><\/td>\n<\/tr>\n<tr class=\"row-3 odd\">\n\t<td class=\"column-1\"><strong>Tutti<\/strong><\/td><td class=\"column-2\"><a href=\"https:\/\/mensch3000.ch\/wp-content\/uploads\/2024\/02\/TatterRabatt-2024.mp3\">Tutti<\/a><\/td><td class=\"column-3\"><\/td><td class=\"column-4\"><a href=\"https:\/\/mensch3000.ch\/kontakt\/\">vl Tutti<\/a><\/td><td class=\"column-5\"><a href=\"https:\/\/mensch3000.ch\/wp-content\/uploads\/2022\/08\/verschleunigend.mp3\">beschleunigend<\/a><\/td><td class=\"column-6\"><\/td><td class=\"column-7\"><\/td>\n<\/tr>\n<tr class=\"row-4 even\">\n\t<td class=\"column-1\"><strong>Erschty<\/strong><\/td><td class=\"column-2\"><a href=\"https:\/\/mensch3000.ch\/wp-content\/uploads\/2023\/07\/2023-TaRa-1ty.mp3\">1ty mit Metronom<\/a><\/td><td class=\"column-3\"><a href=\"https:\/\/mensch3000.ch\/wp-content\/uploads\/2024\/02\/TaRa-PB-1ty-2024.mp3\">1ty pb<\/a><\/td><td class=\"column-4\"><a href=\"https:\/\/mensch3000.ch\/kontakt\/\">vl PB 1ty<\/a><\/td><td class=\"column-5\"><\/td><td class=\"column-6\"><\/td><td class=\"column-7\"><\/td>\n<\/tr>\n<tr class=\"row-5 odd\">\n\t<td class=\"column-1\"><strong>Zweity<\/strong><\/td><td class=\"column-2\"><a href=\"https:\/\/mensch3000.ch\/wp-content\/uploads\/2023\/07\/2023-TaRa-2ty.mp3\">2ty mit Metronom<\/a><\/td><td class=\"column-3\"><a href=\"https:\/\/mensch3000.ch\/wp-content\/uploads\/2024\/02\/TaRa-PB-2ty-2024.mp3\">2ty pb<\/a><\/td><td class=\"column-4\"><a href=\"https:\/\/mensch3000.ch\/kontakt\/\">vl PB 2ty<\/a><\/td><td class=\"column-5\"><\/td><td class=\"column-6\"><\/td><td class=\"column-7\"><\/td>\n<\/tr>\n<tr class=\"row-6 even\">\n\t<td class=\"column-1\"><strong>Dritty<\/strong><\/td><td class=\"column-2\"><a href=\"https:\/\/mensch3000.ch\/wp-content\/uploads\/2024\/02\/TaRa-3ty-2024-.mp3\">3ty mit Metronom<\/a><\/td><td class=\"column-3\"><a href=\"https:\/\/mensch3000.ch\/wp-content\/uploads\/2024\/02\/TaRa-PB-3ty-2024.mp3\">3ty pb<\/a><\/td><td class=\"column-4\"><a href=\"https:\/\/mensch3000.ch\/kontakt\/\">vl PB 3ty<\/a><\/td><td class=\"column-5\"><\/td><td class=\"column-6\"><\/td><td class=\"column-7\"><\/td>\n<\/tr>\n<tr class=\"row-7 odd\">\n\t<td class=\"column-1\"><strong>Basspiccolo<\/strong><\/td><td class=\"column-2\"><a href=\"https:\/\/mensch3000.ch\/wp-content\/uploads\/2024\/02\/TaRa-4ty-bapi-2024-.mp3\">BP_mit Metronom<\/a><\/td><td class=\"column-3\"><a href=\"https:\/\/mensch3000.ch\/wp-content\/uploads\/2023\/07\/2023-TaRa-PB-4ty-bapi.mp3\">BP pb<\/a><\/td><td class=\"column-4\"><a href=\"https:\/\/mensch3000.ch\/kontakt\/\">vl PB BassPicc<\/a><\/td><td class=\"column-5\"><\/td><td class=\"column-6\"><\/td><td class=\"column-7\"><\/td>\n<\/tr>\n<tr class=\"row-8 even\">\n\t<td class=\"column-1\"><\/td><td class=\"column-2\"><\/td><td class=\"column-3\"><\/td><td class=\"column-4\"><\/td><td class=\"column-5\"><\/td><td class=\"column-6\"><\/td><td class=\"column-7\"><\/td>\n<\/tr>\n<\/tbody>\n<\/table>\n<!-- #tablepress-10 from cache -->\n<\/div><\/div><\/div><\/div><\/div><div class=\"w-separator size_medium\"><\/div><div class=\"wpb_text_column\"><div class=\"wpb_wrapper\"><\/div><\/div><div class=\"wpb_text_column\"><div class=\"wpb_wrapper\"><p style=\"text-align: left;\" align=\"center\">sicher ka me das au anders usleege, wenn \u00e4ym 7\/8-tel nid feil isch&#8230; <a href=\"https:\/\/www.youtube.com\/watch?v=4IhUjsIvhHQ\">bittsch\u00f6n<\/a>&#8230; f\u00fcr Trampeltier goht&#8217;s au im Rasta-Schritt und baschta&#8230; \ud83d\ude42<\/p>\n<p style=\"text-align: left;\" align=\"center\"><span style=\"font-family: Arial;\">Und wenner emol e P\u00f6isli mached bim Yebe, h\u00e4tt&#8217;s do no anderi virtuelli Fasnachts-Bl\u00fcete wie dr<br \/>\n<a href=\"http:\/\/youtu.be\/pvL28v6eCeA\">Rasta Lumpi (Lumpesammler)<\/a><br \/>\noder dr<br \/>\n<a href=\"http:\/\/youtu.be\/sbTMQqUqYRA\">Altfrangg<\/a><br \/>\nemol anderscht<\/span><\/p>\n<p style=\"text-align: left;\" align=\"center\"><span style=\"font-family: Arial;\">und w\u00e4r&#8217;s nid glaubt, s\u00f6ll doch sini L\u00e4ckerli s\u00e4lber mache. Do isch&#8217;s Rez\u00e4pt drzue:<br \/>\n<a class=\"moz-txt-link-freetext\" href=\"http:\/\/youtu.be\/faOAWV0HQmI\">http:\/\/youtu.be\/faOAWV0HQmI<\/a><\/span><\/p>\n<\/div><\/div><\/div><\/div><\/div><\/div><\/section>\n","protected":false},"excerpt":{"rendered":"Dr TatterRabatt + d&#8217;Hintergrundinfo drzue Stand April 2024: &#8230;es wird (vrmuetlig) eher k\u00e4y DrummelT\u00e4kscht g\u00e4, oder wenn, denn erscht ab em 2\/2tel D\u00e4yl (mit eme&#8217;n&#8217;Ussetzer bim Irrl\u00e4ndler&#8230;) Wely Stimm?a tempo&nbsp;vrlangsamte 7\/8-tel D\u00e4yle Schlaufe&nbsp;&nbsp; SoloPlaybackeifach bstelle!Takt 33 - 36 TuttiTuttivl Tuttibeschleunigend Erschty1ty mit Metronom1ty pbvl PB 1ty Zweity2ty mit Metronom2ty pbvl PB 2ty Dritty3ty mit Metronom3ty...","protected":false},"author":1,"featured_media":0,"parent":0,"menu_order":0,"comment_status":"closed","ping_status":"closed","template":"","meta":[],"acf":[],"_links":{"self":[{"href":"https:\/\/mensch3000.ch\/en\/wp-json\/wp\/v2\/pages\/3171"}],"collection":[{"href":"https:\/\/mensch3000.ch\/en\/wp-json\/wp\/v2\/pages"}],"about":[{"href":"https:\/\/mensch3000.ch\/en\/wp-json\/wp\/v2\/types\/page"}],"author":[{"embeddable":true,"href":"https:\/\/mensch3000.ch\/en\/wp-json\/wp\/v2\/users\/1"}],"replies":[{"embeddable":true,"href":"https:\/\/mensch3000.ch\/en\/wp-json\/wp\/v2\/comments?post=3171"}],"version-history":[{"count":3,"href":"https:\/\/mensch3000.ch\/en\/wp-json\/wp\/v2\/pages\/3171\/revisions"}],"predecessor-version":[{"id":3778,"href":"https:\/\/mensch3000.ch\/en\/wp-json\/wp\/v2\/pages\/3171\/revisions\/3778"}],"wp:attachment":[{"href":"https:\/\/mensch3000.ch\/en\/wp-json\/wp\/v2\/media?parent=3171"}],"curies":[{"name":"wp","href":"https:\/\/api.w.org\/{rel}","templated":true}]}}