{"id":3170,"date":"2022-11-01T07:25:01","date_gmt":"2022-11-01T07:25:01","guid":{"rendered":"https:\/\/mensch3000.ch\/soham\/"},"modified":"2024-02-26T11:19:47","modified_gmt":"2024-02-26T11:19:47","slug":"soham","status":"publish","type":"page","link":"https:\/\/mensch3000.ch\/en\/soham\/","title":{"rendered":"So&#8217;ham"},"content":{"rendered":"<p>So\u2019ham ist ein hinduistisches Mantra, das in mehreren Upanishaden erw\u00e4hnt wird. Es spielt auch im Yoga und im Tantra eine Rolle. So\u2019ham besteht aus den beiden Sanskritpronomen \u0938\u0903 sa\u1e25 \u00bber\u00ab und \u0905\u0939\u092e\u094d aham \u00bbich\u00ab, das im Sandhi die Form so\u2019ham annimmt.<br \/>\n\u00bbEr ist ich\u00ab, eine wirksame Technik f\u00fcr inneren Frieden, f\u00fcr Zugang zu einer h\u00f6heren Wirklichkeit.<\/p>\n<p>Soham gilt als Ajapa Japa Mantra &#8211; als von selbst rezitiertes Mantra und bedeutet so viel wie \u201eIch bin DAS\u201c. Soham dr\u00fcckt die Einheit aus zwischen der Welt \u201eSo\u201c und dem Bewusstsein \u201eHAM\u201c. Im Vedanta bedeutet das: &#8220;Ich bin nicht der K\u00f6rper, ich bin nicht Denken und F\u00fchlen. Ich bin DAS Unsterbliche, Ewige, Unendliche&#8221;.<\/p>\n<div>&#8212;&#8212;&#8212;&#8212;&#8212;&#8212;&#8212;&#8212;&#8212;&#8212;&#8212;&#8212;&#8212;&#8212;&#8211;<\/div>\n<div><\/div>\n<div id=\"siteSub\" class=\"noprint\">From Wikipedia, the free (ha ha! )encyclopedia<\/div>\n<div id=\"contentSub\"><\/div>\n<div id=\"mw-content-text\" class=\"mw-body-content mw-content-ltr\" dir=\"ltr\" lang=\"en\">\n<div class=\"mw-parser-output\">\n<p><i><b>Soham<\/b> or <b>Sohum<\/b><\/i> (<span title=\"Sanskrit-language text\"><span lang=\"sa\">\u0938\u094b \u093d\u0939\u092e\u094d<\/span><\/span> <i><span title=\"International Alphabet of Sanskrit transliteration\"><i lang=\"sa-Latn\">so &#8216;ham or so &#8216;Hum<\/i><\/span><\/i><sup id=\"cite_ref-1\" class=\"reference\"><a href=\"https:\/\/en.wikipedia.org\/wiki\/Soham_(Sanskrit)#cite_note-1\">[1]<\/a><\/sup>) is a <a title=\"Hinduism\" href=\"https:\/\/en.wikipedia.org\/wiki\/Hinduism\">Hindu<\/a> <a title=\"Mantra\" href=\"https:\/\/en.wikipedia.org\/wiki\/Mantra\">mantra<\/a>, meaning &#8220;I am He\/She\/That&#8221; in <a title=\"Sanskrit\" href=\"https:\/\/en.wikipedia.org\/wiki\/Sanskrit\">Sanskrit<\/a>.<sup id=\"cite_ref-FOOTNOTEOlivelle199280\u201381,_210_with_footnotes_2-0\" class=\"reference\"><a href=\"https:\/\/en.wikipedia.org\/wiki\/Soham_(Sanskrit)#cite_note-FOOTNOTEOlivelle199280\u201381,_210_with_footnotes-2\">[2]<\/a><\/sup><sup id=\"cite_ref-dhavamonyhs129_3-0\" class=\"reference\"><a href=\"https:\/\/en.wikipedia.org\/wiki\/Soham_(Sanskrit)#cite_note-dhavamonyhs129-3\">[3]<\/a><\/sup><\/p>\n<p>In <a class=\"mw-redirect\" title=\"Vedic philosophy\" href=\"https:\/\/en.wikipedia.org\/wiki\/Vedic_philosophy\">Vedic philosophy<\/a> it means identifying oneself with the universe or ultimate reality.<sup id=\"cite_ref-FOOTNOTEOlivelle199280\u201381,_210_with_footnotes_2-1\" class=\"reference\"><a href=\"https:\/\/en.wikipedia.org\/wiki\/Soham_(Sanskrit)#cite_note-FOOTNOTEOlivelle199280\u201381,_210_with_footnotes-2\">[2]<\/a><\/sup><\/p>\n<p>The mantra is also inverted from <i><span title=\"International Alphabet of Sanskrit transliteration\"><i lang=\"sa-Latn\">so &#8216;ham<\/i><\/span><\/i> (the <a title=\"Sandhi\" href=\"https:\/\/en.wikipedia.org\/wiki\/Sandhi\">sandhi<\/a> of <i><span title=\"International Alphabet of Sanskrit transliteration\"><i lang=\"sa-Latn\">sa\u1e25 + aham<\/i><\/span><\/i>) to <i><span title=\"International Alphabet of Sanskrit transliteration\"><i lang=\"sa-Latn\">ham + sa<\/i><\/span><\/i>. The combination of <i><span title=\"International Alphabet of Sanskrit transliteration\"><i lang=\"sa-Latn\">so &#8216;ha\u1e43 ha\u1e43sa\u1e25<\/i><\/span><\/i> has also been interpreted as &#8220;I myself am the <a title=\"Hamsa (bird)\" href=\"https:\/\/en.wikipedia.org\/wiki\/Hamsa_(bird)\">Swan<\/a>&#8220;, where the swan symbolizes the <a title=\"\u0100tman (Hinduism)\" href=\"https:\/\/en.wikipedia.org\/wiki\/%C4%80tman_(Hinduism)\">Atman<\/a>.<sup id=\"cite_ref-4\" class=\"reference\"><a href=\"https:\/\/en.wikipedia.org\/wiki\/Soham_(Sanskrit)#cite_note-4\">[4]<\/a><\/sup><\/p>\n<\/div>\n<\/div>\n","protected":false},"excerpt":{"rendered":"<p>So\u2019ham ist ein hinduistisches Mantra, das in mehreren Upanishaden erw\u00e4hnt wird. Es spielt auch im Yoga und im Tantra eine Rolle. So\u2019ham besteht aus den beiden Sanskritpronomen \u0938\u0903 sa\u1e25 \u00bber\u00ab und \u0905\u0939\u092e\u094d aham \u00bbich\u00ab, das im Sandhi die Form so\u2019ham annimmt. \u00bbEr ist ich\u00ab, eine wirksame Technik f\u00fcr inneren Frieden, f\u00fcr Zugang zu einer h\u00f6heren&#8230;<\/p>\n","protected":false},"author":2,"featured_media":0,"parent":0,"menu_order":0,"comment_status":"closed","ping_status":"closed","template":"","meta":[],"acf":[],"_links":{"self":[{"href":"https:\/\/mensch3000.ch\/en\/wp-json\/wp\/v2\/pages\/3170"}],"collection":[{"href":"https:\/\/mensch3000.ch\/en\/wp-json\/wp\/v2\/pages"}],"about":[{"href":"https:\/\/mensch3000.ch\/en\/wp-json\/wp\/v2\/types\/page"}],"author":[{"embeddable":true,"href":"https:\/\/mensch3000.ch\/en\/wp-json\/wp\/v2\/users\/2"}],"replies":[{"embeddable":true,"href":"https:\/\/mensch3000.ch\/en\/wp-json\/wp\/v2\/comments?post=3170"}],"version-history":[{"count":0,"href":"https:\/\/mensch3000.ch\/en\/wp-json\/wp\/v2\/pages\/3170\/revisions"}],"wp:attachment":[{"href":"https:\/\/mensch3000.ch\/en\/wp-json\/wp\/v2\/media?parent=3170"}],"curies":[{"name":"wp","href":"https:\/\/api.w.org\/{rel}","templated":true}]}}