{"id":3169,"date":"2022-05-27T09:56:51","date_gmt":"2022-05-27T09:56:51","guid":{"rendered":"https:\/\/mensch3000.ch\/schnuurepflutteri\/"},"modified":"2024-02-26T11:19:42","modified_gmt":"2024-02-26T11:19:42","slug":"schnuurepflutteri","status":"publish","type":"page","link":"https:\/\/mensch3000.ch\/en\/schnuurepflutteri\/","title":{"rendered":"Schnuurepflutteri"},"content":{"rendered":"<section class=\"l-section wpb_row height_medium\"><div class=\"l-section-h i-cf\"><div class=\"g-cols vc_row via_grid cols_1 laptops-cols_inherit tablets-cols_inherit mobiles-cols_1 valign_top type_default stacking_default\"><div class=\"wpb_column vc_column_container\"><div class=\"vc_column-inner\"><div class=\"wpb_text_column\"><div class=\"wpb_wrapper\"><p style=\"text-align: center;\" align=\"center\"><b><span style=\"font-family: Arial;\"><span style=\"font-size: x-large;\">Dr<\/span><span style=\"font-size: x-large;\">\u00a0SchnuurePflutteri<\/span><\/span><\/b><\/p>\n<\/div><\/div><div class=\"wpb_text_column\"><div class=\"wpb_wrapper\"><p style=\"text-align: center;\" align=\"center\"><a href=\"https:\/\/mensch3000.ch\/info-zum-schnuurepflutteri\/\"><span style=\"font-family: Arial;\"><strong>+ d&#8217;Hintergrundinfo drzue<\/strong><\/span><\/a><\/p>\n<p style=\"text-align: left;\" align=\"center\"><span style=\"font-family: Arial;\">Aber zerscht emol e<a href=\"https:\/\/mensch3000.ch\/virtuell-inschtruggdr\/\"><span style=\"color: #000000;\"><br \/>\ndidaktische Leitfaade<\/span><\/a>\u00a0mit Audio<br \/>\nin 3 Versione (in d\u00e4ne 3 &#8216;Setzk\u00e4schte&#8217;):<\/span><\/p>\n<p style=\"text-align: left;\" align=\"center\"><span style=\"font-family: Arial;\"><b><span style=\"font-size: large;\">Nr. 1<\/span><\/b>: ally Stimme einzeln f\u00fcr d&#8217;<b><span style=\"color: #ff0000; font-size: large;\"><a href=\"https:\/\/mensch3000.ch\/wp-content\/uploads\/2022\/05\/Gassehauer-mit-Drummle-1.mp3\"><span style=\"color: #ff0000;\">Gossehauer<\/span><\/a><\/span><span style=\"color: #ff0000;\">_Version<br \/>\n<\/span><\/b>(ohny s&#8217;fulminante Drummelsolo vor em Schluss)<\/span><\/p>\n<\/div><\/div><div class=\"w-separator size_medium\"><\/div><div class=\"wpb_text_column\"><div class=\"wpb_wrapper\"><div id=\"tablepress-7-scroll-wrapper\" class=\"tablepress-scroll-wrapper\">\n\n<table id=\"tablepress-7\" class=\"tablepress tablepress-id-7 tablepress-responsive\">\n<thead>\n<tr class=\"row-1 odd\">\n\t<th class=\"column-1\">Wely Stimm?<\/th><th class=\"column-2\">mit Metronom\t<\/th><th class=\"column-3\">mit Drummle<\/th><th class=\"column-4\">Wunschprogramm...<\/th><th class=\"column-5\">&nbsp;<\/th><th class=\"column-6\">&nbsp;<\/th><th class=\"column-7\">&nbsp;<\/th>\n<\/tr>\n<\/thead>\n<tbody class=\"row-hover\">\n<tr class=\"row-2 even\">\n\t<td class=\"column-1\"><\/td><td class=\"column-2\"><strong>Einzelstimme<\/strong><\/td><td class=\"column-3\"><strong>Playback<\/strong><\/td><td class=\"column-4\"><strong>eifach \"bstelle\"!<\/strong><\/td><td class=\"column-5\"><strong>Playback<\/strong><\/td><td class=\"column-6\"><strong>Details<\/strong><\/td><td class=\"column-7\"><strong>Playback<\/strong><\/td>\n<\/tr>\n<tr class=\"row-3 odd\">\n\t<td class=\"column-1\"><strong>Erschty<\/strong><\/td><td class=\"column-2\"><a href=\"https:\/\/mensch3000.ch\/wp-content\/uploads\/2022\/06\/1ty-kurz-mit-Metro.mp3\"> mit Metronom<\/a>\t<\/td><td class=\"column-3\"><a href=\"https:\/\/mensch3000.ch\/wp-content\/uploads\/2022\/06\/1ty-kurz-PB-mit-Drummle.mp3\"> mit Drummle<\/a><\/td><td class=\"column-4\"><a href=\"https:\/\/mensch3000.ch\/kontakt\/\">was genau?<\/a><\/td><td class=\"column-5\"><\/td><td class=\"column-6\"><\/td><td class=\"column-7\"><\/td>\n<\/tr>\n<tr class=\"row-4 even\">\n\t<td class=\"column-1\"><strong>Zweity<\/strong><\/td><td class=\"column-2\"><a href=\"https:\/\/mensch3000.ch\/wp-content\/uploads\/2022\/06\/2ty-kurz-mit-Metro.mp3\"> mit Metronom<\/a>\t<\/td><td class=\"column-3\"><a href=\"https:\/\/mensch3000.ch\/wp-content\/uploads\/2022\/06\/2ty-kurz-PB-mit-Drummle.mp3\"> mit Drummle<\/a><\/td><td class=\"column-4\"><a href=\"https:\/\/mensch3000.ch\/kontakt\/\">was genau?<\/a><\/td><td class=\"column-5\"><\/td><td class=\"column-6\"><\/td><td class=\"column-7\"><\/td>\n<\/tr>\n<tr class=\"row-5 odd\">\n\t<td class=\"column-1\"><strong>Dritty<\/strong><\/td><td class=\"column-2\"><a href=\"https:\/\/mensch3000.ch\/wp-content\/uploads\/2022\/06\/3ty-kurz-mit-Metro.mp3\"> mit Metronom<\/a>\t<\/td><td class=\"column-3\"><a href=\"https:\/\/mensch3000.ch\/wp-content\/uploads\/2022\/06\/3ty-kurz-PB-mit-Drummle.mp3\"> mit Drummle<\/a><\/td><td class=\"column-4\"><a href=\"https:\/\/mensch3000.ch\/kontakt\/\">was genau?<\/a><\/td><td class=\"column-5\"><\/td><td class=\"column-6\"><\/td><td class=\"column-7\"><\/td>\n<\/tr>\n<tr class=\"row-6 even\">\n\t<td class=\"column-1\"><strong>Basspiccolo<\/strong><\/td><td class=\"column-2\"><a href=\"https:\/\/mensch3000.ch\/wp-content\/uploads\/2022\/06\/BP-kurz-mit-Metro.mp3\"> mit Metronom<\/a><\/td><td class=\"column-3\"><a href=\"https:\/\/mensch3000.ch\/wp-content\/uploads\/2022\/06\/BP-kurz-PB-mit-Drummle.mp3\"> mit Drummle<\/a><\/td><td class=\"column-4\"><a href=\"https:\/\/mensch3000.ch\/kontakt\/\">was genau?<\/a><\/td><td class=\"column-5\"><\/td><td class=\"column-6\"><\/td><td class=\"column-7\"><\/td>\n<\/tr>\n<tr class=\"row-7 odd\">\n\t<td class=\"column-1\"><strong>Tutti<\/strong><\/td><td class=\"column-2\"><a href=\"https:\/\/mensch3000.ch\/wp-content\/uploads\/2022\/06\/Gassehauer-mit-Drummle-1.mp3\"> mit Drummle<\/a>\t<\/td><td class=\"column-3\"><a href=\"https:\/\/mensch3000.ch\/wp-content\/uploads\/2022\/06\/SP-5-stimmig-1.mp3\">5-stimmig!<\/a><\/td><td class=\"column-4\"><a href=\"https:\/\/mensch3000.ch\/kontakt\/\">was genau?<\/a><\/td><td class=\"column-5\"><\/td><td class=\"column-6\"><\/td><td class=\"column-7\"><\/td>\n<\/tr>\n<tr class=\"row-8 even\">\n\t<td class=\"column-1\">alternativy Vierty<\/td><td class=\"column-2\"><a href=\"https:\/\/mensch3000.ch\/wp-content\/uploads\/2022\/06\/alt-4ty-mit-Metronom.mp3\"> mit Metronom<\/a><\/td><td class=\"column-3\"><\/td><td class=\"column-4\"><a href=\"https:\/\/mensch3000.ch\/kontakt\/\">was genau?<\/a><\/td><td class=\"column-5\"><\/td><td class=\"column-6\"><\/td><td class=\"column-7\"><\/td>\n<\/tr>\n<\/tbody>\n<\/table>\n\n<\/div><!-- #tablepress-7 from cache -->\n<\/div><\/div><div class=\"w-separator size_medium\"><\/div><div class=\"wpb_text_column\"><div class=\"wpb_wrapper\"><p style=\"text-align: left;\" align=\"center\"><span style=\"font-family: Arial;\"><a href=\"https:\/\/mensch3000.ch\/wp-content\/uploads\/2022\/05\/alt-4ty-vs-BP-1-1.mp3\">s&#8217;Bass Piccolo mit dr alternative 4te (als Vrglyych)<\/a><\/span><\/p>\n<\/div><\/div><\/div><\/div><\/div><\/div><\/section><section class=\"l-section wpb_row height_medium\"><div class=\"l-section-h i-cf\"><div class=\"g-cols vc_row via_grid cols_1 laptops-cols_inherit tablets-cols_inherit mobiles-cols_1 valign_top type_default stacking_default\"><div class=\"wpb_column vc_column_container\"><div class=\"vc_column-inner\"><div class=\"wpb_text_column\"><div class=\"wpb_wrapper\"><p style=\"text-align: left;\"><b><span style=\"font-size: large;\">Nr. 2<\/span><\/b>: d&#8217;&#8221;Vollversion&#8221;, d.h. die\u00a0<a href=\"https:\/\/mensch3000.ch\/wp-content\/uploads\/2023\/02\/SchnuurePflutteri-2023-konzertant.mp3\"><b><span style=\"color: #ff0000; font-size: large;\">konzertanti Version<\/span><\/b><\/a>, mit em zues\u00e4tzlige, grossartige Drummel_Solo vor em letschte &#8220;Kari Biker&#8221;)<\/p>\n<\/div><\/div><div class=\"w-separator size_medium\"><\/div><div class=\"wpb_text_column\"><div class=\"wpb_wrapper\"><div id=\"tablepress-8-scroll-wrapper\" class=\"tablepress-scroll-wrapper\">\n\n<table id=\"tablepress-8\" class=\"tablepress tablepress-id-8 tablepress-responsive\">\n<thead>\n<tr class=\"row-1 odd\">\n\t<th class=\"column-1\">Wely Stimm?<\/th><th class=\"column-2\">&nbsp;<\/th><th class=\"column-3\">&nbsp;<\/th><th class=\"column-4\">&nbsp;<\/th><th class=\"column-5\">&nbsp;<\/th><th class=\"column-6\">&nbsp;<\/th><th class=\"column-7\">&nbsp;<\/th>\n<\/tr>\n<\/thead>\n<tbody class=\"row-hover\">\n<tr class=\"row-2 even\">\n\t<td class=\"column-1\"><\/td><td class=\"column-2\"><strong>Einzelstimme<\/strong><\/td><td class=\"column-3\"><strong>Playback<\/strong><\/td><td class=\"column-4\"><strong>Wunschprogramm<\/strong><\/td><td class=\"column-5\"><strong>Playback<\/strong><\/td><td class=\"column-6\"><strong>Details<\/strong><\/td><td class=\"column-7\"><strong>Playback<\/strong><\/td>\n<\/tr>\n<tr class=\"row-3 odd\">\n\t<td class=\"column-1\"><strong>Erschty<\/strong><\/td><td class=\"column-2\"><a href=\"https:\/\/mensch3000.ch\/wp-content\/uploads\/2022\/05\/1ty-mM-1.mp3\">mit Metronom<\/a><\/td><td class=\"column-3\"><a href=\"https:\/\/mensch3000.ch\/wp-content\/uploads\/2022\/05\/PB-fir-1ty-1.mp3\">mit Metronom<\/a><\/td><td class=\"column-4\"><a href=\"https:\/\/mensch3000.ch\/kontakt\/\">was genau?<\/a><\/td><td class=\"column-5\"><\/td><td class=\"column-6\"><\/td><td class=\"column-7\"><\/td>\n<\/tr>\n<tr class=\"row-4 even\">\n\t<td class=\"column-1\"><strong>Zweity<\/strong><\/td><td class=\"column-2\"><a href=\"https:\/\/mensch3000.ch\/wp-content\/uploads\/2022\/05\/2ty-mM-1.mp3\">mit Metronom<\/a><\/td><td class=\"column-3\"><a href=\"https:\/\/mensch3000.ch\/wp-content\/uploads\/2022\/05\/PB-fir-2ty-1.mp3\">mit Metronom<\/a><\/td><td class=\"column-4\"><a href=\"https:\/\/mensch3000.ch\/kontakt\/\">was genau?<\/a><\/td><td class=\"column-5\"><\/td><td class=\"column-6\"><\/td><td class=\"column-7\"><\/td>\n<\/tr>\n<tr class=\"row-5 odd\">\n\t<td class=\"column-1\"><strong>Dritty<\/strong><\/td><td class=\"column-2\"><a href=\"https:\/\/mensch3000.ch\/wp-content\/uploads\/2022\/05\/3ty-mM-1.mp3\">mit Metronom<\/a><\/td><td class=\"column-3\"><a href=\"https:\/\/mensch3000.ch\/wp-content\/uploads\/2022\/05\/PB-fir-3ty-1.mp3\">mit Metronom<\/a><\/td><td class=\"column-4\"><a href=\"https:\/\/mensch3000.ch\/kontakt\/\">was genau?<\/a><\/td><td class=\"column-5\"><\/td><td class=\"column-6\"><\/td><td class=\"column-7\"><\/td>\n<\/tr>\n<tr class=\"row-6 even\">\n\t<td class=\"column-1\"><strong>Basspiccolo<\/strong><\/td><td class=\"column-2\"><a href=\"https:\/\/mensch3000.ch\/wp-content\/uploads\/2022\/05\/BP-mM-1.mp3\">mit Metronom<\/a><\/td><td class=\"column-3\"><a href=\"https:\/\/mensch3000.ch\/wp-content\/uploads\/2022\/05\/PB-fir-BassPicc-1.mp3\">mit Metronom<\/a><\/td><td class=\"column-4\"><a href=\"https:\/\/mensch3000.ch\/kontakt\/\">was genau?<\/a><\/td><td class=\"column-5\"><\/td><td class=\"column-6\"><\/td><td class=\"column-7\"><\/td>\n<\/tr>\n<tr class=\"row-7 odd\">\n\t<td class=\"column-1\"><strong>Tutti<\/strong><\/td><td class=\"column-2\"><a href=\"https:\/\/mensch3000.ch\/wp-content\/uploads\/2023\/02\/SchnuurePflutteri-2023-konzertant.mp3\">mit Metronom<\/a><\/td><td class=\"column-3\"><a href=\"https:\/\/mensch3000.ch\/wp-content\/uploads\/2022\/05\/Drummle-a-capella-1.mp3\">Drummle solo<\/a><\/td><td class=\"column-4\"><a href=\"https:\/\/mensch3000.ch\/kontakt\/\">was genau?<\/a><\/td><td class=\"column-5\"><\/td><td class=\"column-6\"><\/td><td class=\"column-7\"><\/td>\n<\/tr>\n<tr class=\"row-8 even\">\n\t<td class=\"column-1\">alternativy Vierty<\/td><td class=\"column-2\"><a href=\"https:\/\/mensch3000.ch\/wp-content\/uploads\/2022\/05\/alt-4ty-mM-1.mp3\">mit Metronom<\/a><\/td><td class=\"column-3\"><\/td><td class=\"column-4\"><a href=\"https:\/\/mensch3000.ch\/kontakt\/\">was genau?<\/a><\/td><td class=\"column-5\"><\/td><td class=\"column-6\"><\/td><td class=\"column-7\"><\/td>\n<\/tr>\n<\/tbody>\n<\/table>\n\n<\/div><!-- #tablepress-8 from cache -->\n<\/div><\/div><div class=\"w-separator size_medium\"><\/div><div class=\"wpb_text_column\"><div class=\"wpb_wrapper\"><p><span style=\"font-family: Arial;\">und do wieder <\/span><span style=\"font-family: Arial;\"><a href=\"https:\/\/mensch3000.ch\/wp-content\/uploads\/2022\/05\/alt-4ty-vs-BP-mM.mp3\">s&#8217;Bass Piccolo mit dr alternative 4te (als Vrglyych)<\/a><\/span><\/p>\n<\/div><\/div><\/div><\/div><\/div><\/div><\/section><section class=\"l-section wpb_row height_medium\"><div class=\"l-section-h i-cf\"><div class=\"g-cols vc_row via_grid cols_1 laptops-cols_inherit tablets-cols_inherit mobiles-cols_1 valign_top type_default stacking_default\"><div class=\"wpb_column vc_column_container\"><div class=\"vc_column-inner\"><div class=\"wpb_text_column\"><div class=\"wpb_wrapper\"><p style=\"text-align: left;\"><b><span style=\"font-size: large;\">Nr. 3<\/span><\/b>: e <span style=\"color: #ff0000;\"><strong>&#8220;Schreyholz only&#8221; Version<\/strong><\/span>\u00a0<span style=\"color: #000000;\">(ohny Drummle)<\/span>.<\/p>\n<\/div><\/div><div class=\"w-separator size_medium\"><\/div><div class=\"wpb_text_column\"><div class=\"wpb_wrapper\"><div id=\"tablepress-9-scroll-wrapper\" class=\"tablepress-scroll-wrapper\">\n\n<table id=\"tablepress-9\" class=\"tablepress tablepress-id-9 tablepress-responsive\">\n<thead>\n<tr class=\"row-1 odd\">\n\t<th class=\"column-1\">Wely Stimm?<\/th><th class=\"column-2\">a tempo (116 BpM)<\/th><th class=\"column-3\">&nbsp;<\/th><th class=\"column-4\">Wunschprogramm<\/th><th class=\"column-5\">&nbsp;<\/th><th class=\"column-6\">&nbsp;<\/th><th class=\"column-7\">&nbsp;<\/th>\n<\/tr>\n<\/thead>\n<tbody class=\"row-hover\">\n<tr class=\"row-2 even\">\n\t<td class=\"column-1\"><\/td><td class=\"column-2\"><strong>Einzelstimme<\/strong><\/td><td class=\"column-3\"><strong>Playback<\/strong><\/td><td class=\"column-4\"><strong>z.B. verlangsamty?<\/strong><\/td><td class=\"column-5\"><strong>Playback<\/strong><\/td><td class=\"column-6\"><strong>Details<\/strong><\/td><td class=\"column-7\"><strong>Playback<\/strong><\/td>\n<\/tr>\n<tr class=\"row-3 odd\">\n\t<td class=\"column-1\"><strong>Erschty<\/strong><\/td><td class=\"column-2\"><a href=\"https:\/\/mensch3000.ch\/wp-content\/uploads\/2022\/07\/SP-od-1ty.mp3\"> mit Metronom<\/a>\t<\/td><td class=\"column-3\"><a href=\"https:\/\/mensch3000.ch\/wp-content\/uploads\/2022\/07\/SP-od-PB-1ty.mp3\"> mit Metronom<\/a>\t<\/td><td class=\"column-4\"><a href=\"https:\/\/mensch3000.ch\/kontakt\/\">was genau?<\/a><\/td><td class=\"column-5\"><\/td><td class=\"column-6\"><\/td><td class=\"column-7\"><\/td>\n<\/tr>\n<tr class=\"row-4 even\">\n\t<td class=\"column-1\"><strong>Zweity<\/strong><\/td><td class=\"column-2\"><a href=\"https:\/\/mensch3000.ch\/wp-content\/uploads\/2022\/07\/SP-od-2ty.mp3\"> mit Metronom<\/a>\t<\/td><td class=\"column-3\"><a href=\"https:\/\/mensch3000.ch\/wp-content\/uploads\/2022\/07\/SP-od-PB-2ty.mp3\"> mit Metronom<\/a>\t<\/td><td class=\"column-4\"><a href=\"https:\/\/mensch3000.ch\/kontakt\/\">was genau?<\/a><\/td><td class=\"column-5\"><\/td><td class=\"column-6\"><\/td><td class=\"column-7\"><\/td>\n<\/tr>\n<tr class=\"row-5 odd\">\n\t<td class=\"column-1\"><strong>Dritty<\/strong><\/td><td class=\"column-2\"><a href=\"https:\/\/mensch3000.ch\/wp-content\/uploads\/2022\/07\/SP-od-3ty.mp3\"> mit Metronom<\/a>\t<\/td><td class=\"column-3\"><a href=\"https:\/\/mensch3000.ch\/wp-content\/uploads\/2022\/07\/SP-od-PB-3ty.mp3\"> mit Metronom<\/a>\t<\/td><td class=\"column-4\"><a href=\"https:\/\/mensch3000.ch\/kontakt\/\">was genau?<\/a><\/td><td class=\"column-5\"><\/td><td class=\"column-6\"><\/td><td class=\"column-7\"><\/td>\n<\/tr>\n<tr class=\"row-6 even\">\n\t<td class=\"column-1\"><strong>Basspiccolo<\/strong><\/td><td class=\"column-2\"><a href=\"https:\/\/mensch3000.ch\/wp-content\/uploads\/2022\/07\/SP-od-4ty-BP.mp3\"> mit Metronom<\/a>\t<\/td><td class=\"column-3\"><a href=\"https:\/\/mensch3000.ch\/wp-content\/uploads\/2022\/07\/SP-od-PB-4ty-und-5ty.mp3\"> mit Metronom<\/a>\t<\/td><td class=\"column-4\"><a href=\"https:\/\/mensch3000.ch\/kontakt\/\">was genau?<\/a><\/td><td class=\"column-5\"><\/td><td class=\"column-6\"><\/td><td class=\"column-7\"><\/td>\n<\/tr>\n<tr class=\"row-7 odd\">\n\t<td class=\"column-1\"><strong>Tutti<\/strong><\/td><td class=\"column-2\"><a href=\"https:\/\/mensch3000.ch\/wp-content\/uploads\/2022\/07\/SP-od-tutti_4stimmyg.mp3\">4-stimmyg<br \/>\n<\/a>\t<\/td><td class=\"column-3\"><a href=\"https:\/\/mensch3000.ch\/wp-content\/uploads\/2022\/07\/SP-od-tutti_5stimmyg.mp3\"> 5-stimmyg<\/a>\t<\/td><td class=\"column-4\"><a href=\"https:\/\/mensch3000.ch\/kontakt\/\">was genau?<\/a><\/td><td class=\"column-5\"><\/td><td class=\"column-6\"><\/td><td class=\"column-7\"><\/td>\n<\/tr>\n<tr class=\"row-8 even\">\n\t<td class=\"column-1\">alternativy Vierty<\/td><td class=\"column-2\"><a href=\"https:\/\/mensch3000.ch\/wp-content\/uploads\/2022\/07\/SP-od-alt4ty.mp3\">mit Metronom<\/a>\t<\/td><td class=\"column-3\"><a href=\"https:\/\/mensch3000.ch\/wp-content\/uploads\/2022\/07\/SP-od-PB-4ty-und-5ty.mp3\">mit Metronom<\/a>\t<\/td><td class=\"column-4\"><a href=\"https:\/\/mensch3000.ch\/kontakt\/\">was genau?<\/a><\/td><td class=\"column-5\"><\/td><td class=\"column-6\"><\/td><td class=\"column-7\"><\/td>\n<\/tr>\n<\/tbody>\n<\/table>\n\n<\/div><!-- #tablepress-9 from cache -->\n<p>&nbsp;<\/p>\n<p>und dito ebefalls s&#8217;<a href=\"https:\/\/mensch3000.ch\/wp-content\/uploads\/2022\/07\/SP-od-alt-4ty-vs-BP.mp3\">Audio vom BassPiccolo vs. s&#8217;alterna\u00efve Schreyholz<\/a> (die alternatyvy 4ty)<\/p>\n<p>n.b.: ganz bsunders abwyychend\/alternyierend im erschte &#8220;Kari Biker&#8221; (V\u00e4rs 2)<br \/>\n<a href=\"https:\/\/mensch3000.ch\/wp-content\/uploads\/2022\/07\/2022-Schnuure_alternat_4ty_am-Stuegg.pdf\">siehe StimmUszug Takt 21 &#8211; 29<\/a>, wo so scheen abwyycht vom BassPiccolo&#8230;<\/p>\n<p>worum? will d&#8217;Oberstimme nur&#8217;s Chassis zem gwaggle bringe s\u00f6lle, und d&#8217;&#8221;Basslinie&#8221; ebe die eigentligy Melodie zur Verfyiegyg stellt, damit me nid nume gwagglet, sondern ebe &#8220;sway&#8221; (sway is the way!, siehe d&#8217;<a href=\"https:\/\/mensch3000.ch\/fasnacht\/schlampegroove\/\">Zuesatzinfo<\/a>&#8230;)<\/p>\n<\/div><\/div><div class=\"w-separator size_medium\"><\/div><div class=\"wpb_text_column\"><div class=\"wpb_wrapper\"><p>(e Schnuurepflutteri-light gubbt&#8217;s au no, soz.\u00a0<a href=\"https:\/\/mensch3000.ch\/wp-content\/uploads\/2022\/05\/Schnuurepflutteri-in-Spanie-1.mp3\">s&#8217;Bettm\u00fcmpfeli f\u00fcr Kurz-Aabundeni (nur so fir luschtig)&#8230;)&#8230;<\/a><\/p>\n<\/div><\/div><\/div><\/div><\/div><\/div><\/section><section class=\"l-section wpb_row height_huge with_img\"><div class=\"l-section-img\" style=\"background-image: url(https:\/\/mensch3000.ch\/wp-content\/uploads\/2022\/04\/vil-Schnuure2.jpg?wsr);\" data-img-width=\"1560\" data-img-height=\"512\"><\/div><div class=\"l-section-h i-cf\"><div class=\"g-cols vc_row via_grid cols_1 laptops-cols_inherit tablets-cols_inherit mobiles-cols_1 valign_top type_default stacking_default\"><div class=\"wpb_column vc_column_container\"><div class=\"vc_column-inner\"><\/div><\/div><\/div><\/div><\/section>\n","protected":false},"excerpt":{"rendered":"Dr\u00a0SchnuurePflutteri + d&#8217;Hintergrundinfo drzue Aber zerscht emol e didaktische Leitfaade\u00a0mit Audio in 3 Versione (in d\u00e4ne 3 &#8216;Setzk\u00e4schte&#8217;): Nr. 1: ally Stimme einzeln f\u00fcr d&#8217;Gossehauer_Version (ohny s&#8217;fulminante Drummelsolo vor em Schluss) Wely Stimm?mit Metronom mit DrummleWunschprogramm...&nbsp;&nbsp;&nbsp; EinzelstimmePlaybackeifach \"bstelle\"!PlaybackDetailsPlayback Erschty mit Metronom mit Drummlewas genau? Zweity mit Metronom mit Drummlewas genau? Dritty mit Metronom mit Drummlewas...","protected":false},"author":1,"featured_media":0,"parent":0,"menu_order":0,"comment_status":"closed","ping_status":"closed","template":"","meta":[],"acf":[],"_links":{"self":[{"href":"https:\/\/mensch3000.ch\/en\/wp-json\/wp\/v2\/pages\/3169"}],"collection":[{"href":"https:\/\/mensch3000.ch\/en\/wp-json\/wp\/v2\/pages"}],"about":[{"href":"https:\/\/mensch3000.ch\/en\/wp-json\/wp\/v2\/types\/page"}],"author":[{"embeddable":true,"href":"https:\/\/mensch3000.ch\/en\/wp-json\/wp\/v2\/users\/1"}],"replies":[{"embeddable":true,"href":"https:\/\/mensch3000.ch\/en\/wp-json\/wp\/v2\/comments?post=3169"}],"version-history":[{"count":1,"href":"https:\/\/mensch3000.ch\/en\/wp-json\/wp\/v2\/pages\/3169\/revisions"}],"predecessor-version":[{"id":3312,"href":"https:\/\/mensch3000.ch\/en\/wp-json\/wp\/v2\/pages\/3169\/revisions\/3312"}],"wp:attachment":[{"href":"https:\/\/mensch3000.ch\/en\/wp-json\/wp\/v2\/media?parent=3169"}],"curies":[{"name":"wp","href":"https:\/\/api.w.org\/{rel}","templated":true}]}}