{"id":3160,"date":"2022-04-04T12:01:35","date_gmt":"2022-04-04T12:01:35","guid":{"rendered":"https:\/\/mensch3000.ch\/links\/"},"modified":"2026-02-04T09:39:55","modified_gmt":"2026-02-04T09:39:55","slug":"links","status":"publish","type":"page","link":"https:\/\/mensch3000.ch\/en\/links\/","title":{"rendered":"Links"},"content":{"rendered":"<section class=\"l-section wpb_row height_medium\"><div class=\"l-section-h i-cf\"><div class=\"g-cols vc_row via_grid cols_1 laptops-cols_inherit tablets-cols_inherit mobiles-cols_1 valign_top type_default stacking_default\"><div class=\"wpb_column vc_column_container\"><div class=\"vc_column-inner\"><div class=\"wpb_text_column\"><div class=\"wpb_wrapper\"><h2>We have great pleasure to connect you with some of the fine people of our Guest-Book (our CD&#8217;s) as well as vibe-wise related URLs<br \/>\nfeel free to site-seeing<\/h2>\n<\/div><\/div><div class=\"w-separator size_small\"><\/div><div class=\"wpb_text_column\"><div class=\"wpb_wrapper\"><p align=\"left\"><strong><span style=\"font-family: Arial; font-size: small;\"><br \/>\n<\/span><\/strong><span style=\"font-family: Arial; font-size: small;\"><strong><a href=\"http:\/\/www.didiermalherbe.com\/\">Didier Malherbe<\/a>: <\/strong>grand druid of Pataphysiconia and most welcome part to our plot<strong><br \/>\n<a href=\"https:\/\/geraldpretot.ch\/kompositionen-und-arrangements\/\">G\u00e9rald Pr\u00e9t\u00f4t<\/a>: <\/strong>e super piccolo player and generator of genuine pieces for piccolo<strong><br \/>\n<a href=\"http:\/\/www.lintonkwesijohnson.com\/\" name=\"Linton K. Johnson\">Linton Kwesi Johnson<\/a><\/strong>: what can we say? A fine gentleman indeed! Go check his site, read his books!<br \/>\n<b><a href=\"http:\/\/aalankushaann.webs.com\/\">Alan Kushan<\/a><\/b>: master of all masters, a rare sun for our planet<br \/>\n<b><a href=\"http:\/\/www.barbaradennerlein.de\/\" target=\"_blank\" rel=\"noopener\" name=\"Barbara Dennerlein\">Barbara Dennerlein\u00a0<\/a><\/b>what a flabbergasting, extraordinary organ player and what a great gentlewoman!<br \/>\n<b><a href=\"http:\/\/www.morgan-fisher.com\/contents.html\">Morgan Fisher<\/a>,<\/b>\u00a0hopefully soon to be on board of our adventures, too&#8230;<br \/>\n<b><a href=\"http:\/\/ricorodriguez.wikia.com\/wiki\/Main_Page\" target=\"_blank\" rel=\"noopener\" name=\"Rico Rodriguez\">Rico Rodriguez\u00a0<\/a><\/b>check this excellent site on\/about Rico. Rico&#8217;s\u00a0\u00a0<a href=\"https:\/\/mensch3000.ch\/rico-discography\/\">discography<\/a>\u00a0is selfexplanatory, but Reinhard Braun&#8217;s site is a gas!<br \/>\n<b>Alex Rabus<\/b>, an extraordinary painter with a lovely family and my oldest friend from when I lived in Neuch\u00e2tel<br \/>\nunfortunately, Alex seems not to keep his links &#8220;tidy&#8221;, but salute from my heart to you anyway, old friend!<br \/>\n<\/span><strong><span style=\"font-family: Arial; font-size: small;\"><a href=\"http:\/\/www.theateramrand.de\/\" name=\"Linton K. Johnson\">Tobias Morgenstern<\/a><\/span><\/strong><span style=\"font-family: Arial; font-size: small;\">, the fantastic accordion player on so many tunes of our stable now just opened his own web-site.<br \/>\n<b><a href=\"http:\/\/www.helmutlipsky.com\/\">Helmut Lipsky<\/a><\/b>, extraordinaire violin player, living in Montreal today<\/span><br \/>\n<b><span style=\"font-family: Arial; font-size: small;\"><a href=\"http:\/\/www.klingstefan.de\/\">Stefan Kling<\/a>\u00a0<\/span><\/b><span style=\"font-family: Arial; font-size: small;\">the piano player with the sweetest dynamics we came across so far<br \/>\n<strong><a href=\"http:\/\/www.spahni.biz\/\" name=\"Daniel Spahni\">Daniel Spahni<\/a>,\u00a0<\/strong><a href=\"http:\/\/www.bardill.ch\/\" target=\"_blank\" rel=\"noopener\" name=\"Linard Bardill0\"><span style=\"color: #000000;\">drummer<\/span><\/a><br \/>\n<strong><a href=\"http:\/\/face-music.ch\/\" target=\"_blank\" rel=\"noopener\" name=\"Face Music\">Face Music<\/a><\/strong><\/span><br \/>\n<span style=\"font-family: Arial; font-size: small;\"><b><a href=\"http:\/\/www.babyblaue-seiten.de\/album_12743.html#oben\">Baby Blaue Seiten<\/a><\/b>\u00a0&#8211; ein unverzichtbares Portal mit der wirklichen Musik<br \/>\n<strong><a href=\"http:\/\/www.aebi-flutes.com\/index.php\/de\/bass-piccolo\">Tom Aebi <\/a><\/strong>fine Bass Piccolo manufacture<br \/>\n<\/span><\/p>\n<\/div><\/div><\/div><\/div><\/div><\/div><\/section>\n","protected":false},"excerpt":{"rendered":"We have great pleasure to connect you with some of the fine people of our Guest-Book (our CD&#8217;s) as well as vibe-wise related URLs feel free to site-seeing Didier Malherbe: grand druid of Pataphysiconia and most welcome part to our plot G\u00e9rald Pr\u00e9t\u00f4t: e super piccolo player and generator of genuine pieces for piccolo Linton...","protected":false},"author":1,"featured_media":0,"parent":0,"menu_order":0,"comment_status":"closed","ping_status":"closed","template":"","meta":[],"acf":[],"_links":{"self":[{"href":"https:\/\/mensch3000.ch\/en\/wp-json\/wp\/v2\/pages\/3160"}],"collection":[{"href":"https:\/\/mensch3000.ch\/en\/wp-json\/wp\/v2\/pages"}],"about":[{"href":"https:\/\/mensch3000.ch\/en\/wp-json\/wp\/v2\/types\/page"}],"author":[{"embeddable":true,"href":"https:\/\/mensch3000.ch\/en\/wp-json\/wp\/v2\/users\/1"}],"replies":[{"embeddable":true,"href":"https:\/\/mensch3000.ch\/en\/wp-json\/wp\/v2\/comments?post=3160"}],"version-history":[{"count":3,"href":"https:\/\/mensch3000.ch\/en\/wp-json\/wp\/v2\/pages\/3160\/revisions"}],"predecessor-version":[{"id":5118,"href":"https:\/\/mensch3000.ch\/en\/wp-json\/wp\/v2\/pages\/3160\/revisions\/5118"}],"wp:attachment":[{"href":"https:\/\/mensch3000.ch\/en\/wp-json\/wp\/v2\/media?parent=3160"}],"curies":[{"name":"wp","href":"https:\/\/api.w.org\/{rel}","templated":true}]}}