{"id":3158,"date":"2022-10-08T17:05:33","date_gmt":"2022-10-08T17:05:33","guid":{"rendered":"https:\/\/mensch3000.ch\/jadoa\/"},"modified":"2024-02-26T11:18:35","modified_gmt":"2024-02-26T11:18:35","slug":"jadoa","status":"publish","type":"page","link":"https:\/\/mensch3000.ch\/en\/jadoa\/","title":{"rendered":"jadoa"},"content":{"rendered":"<p>aus dem hebr\u00e4ischen:<\/p>\n<p>durch die Oberfl\u00e4che dringen und kritisch t\u00e4tig nach immer gr\u00f6sserer Ann\u00e4herung an die Wahrheit zu streben (Wissen in der Weise des Seins leben, im Gegensatz zur Weise des Habens)&#8230; loslassen&#8230;<\/p>\n","protected":false},"excerpt":{"rendered":"<p>aus dem hebr\u00e4ischen: durch die Oberfl\u00e4che dringen und kritisch t\u00e4tig nach immer gr\u00f6sserer Ann\u00e4herung an die Wahrheit zu streben (Wissen in der Weise des Seins leben, im Gegensatz zur Weise des Habens)&#8230; loslassen&#8230;<\/p>\n","protected":false},"author":2,"featured_media":0,"parent":0,"menu_order":0,"comment_status":"closed","ping_status":"closed","template":"","meta":[],"acf":[],"_links":{"self":[{"href":"https:\/\/mensch3000.ch\/en\/wp-json\/wp\/v2\/pages\/3158"}],"collection":[{"href":"https:\/\/mensch3000.ch\/en\/wp-json\/wp\/v2\/pages"}],"about":[{"href":"https:\/\/mensch3000.ch\/en\/wp-json\/wp\/v2\/types\/page"}],"author":[{"embeddable":true,"href":"https:\/\/mensch3000.ch\/en\/wp-json\/wp\/v2\/users\/2"}],"replies":[{"embeddable":true,"href":"https:\/\/mensch3000.ch\/en\/wp-json\/wp\/v2\/comments?post=3158"}],"version-history":[{"count":1,"href":"https:\/\/mensch3000.ch\/en\/wp-json\/wp\/v2\/pages\/3158\/revisions"}],"predecessor-version":[{"id":3276,"href":"https:\/\/mensch3000.ch\/en\/wp-json\/wp\/v2\/pages\/3158\/revisions\/3276"}],"wp:attachment":[{"href":"https:\/\/mensch3000.ch\/en\/wp-json\/wp\/v2\/media?parent=3158"}],"curies":[{"name":"wp","href":"https:\/\/api.w.org\/{rel}","templated":true}]}}