{"id":3151,"date":"2022-05-27T13:41:26","date_gmt":"2022-05-27T13:41:26","guid":{"rendered":"https:\/\/mensch3000.ch\/fuudyblutt\/fuudyblutt-2018\/fuudyblutt-nur-fyygeblatt-2018\/"},"modified":"2024-02-26T11:18:02","modified_gmt":"2024-02-26T11:18:02","slug":"fuudyblutt-nur-fyygeblatt-2018","status":"publish","type":"page","link":"https:\/\/mensch3000.ch\/en\/fuudyblutt\/fuudyblutt-2018\/fuudyblutt-nur-fyygeblatt-2018\/","title":{"rendered":"Fuudyblutt nur fyygeblatt 2018"},"content":{"rendered":"<section class=\"l-section wpb_row height_medium\"><div class=\"l-section-h i-cf\"><div class=\"g-cols vc_row via_grid cols_1 laptops-cols_inherit tablets-cols_inherit mobiles-cols_1 valign_top type_default stacking_default\"><div class=\"wpb_column vc_column_container\"><div class=\"vc_column-inner\"><div class=\"wpb_text_column\"><div class=\"wpb_wrapper\"><p><b><span style=\"color: #ff0000; font-family: Arial; font-size: x-large;\"><u>Fyygeblatt-V\u00e4rs Tab\u00e4lle\u00a0<\/u><\/span><span style=\"font-family: Arial;\">(Mitteldayl_D\u00e4yl vom &#8220;Fuudyblutt +!&#8221;)<\/span><\/b><\/p>\n<\/div><\/div><div class=\"wpb_text_column\"><div class=\"wpb_wrapper\">\n<table id=\"tablepress-16\" class=\"tablepress tablepress-id-16 tablepress-responsive\">\n<thead>\n<tr class=\"row-1 odd\">\n\t<th class=\"column-1\">Wely Stimm?<\/th><th class=\"column-2\">a tempo <\/th><th class=\"column-3\">&nbsp;<\/th><th class=\"column-4\">verlangsamt<\/th><th class=\"column-5\">&nbsp;<\/th><th class=\"column-6\">stark verlangsamt<\/th><th class=\"column-7\">&nbsp;<\/th>\n<\/tr>\n<\/thead>\n<tbody class=\"row-hover\">\n<tr class=\"row-2 even\">\n\t<td class=\"column-1\"><\/td><td class=\"column-2\"><strong>Solo<\/strong><\/td><td class=\"column-3\"><strong>Playback<\/strong><\/td><td class=\"column-4\"><strong>Solo<\/strong><\/td><td class=\"column-5\"><strong>Playback<\/strong><\/td><td class=\"column-6\"><strong>Details<\/strong><\/td><td class=\"column-7\"><strong>Playback<\/strong><\/td>\n<\/tr>\n<tr class=\"row-3 odd\">\n\t<td class=\"column-1\"><strong>Erschty<\/strong><\/td><td class=\"column-2\"><a href=\"https:\/\/mensch3000.ch\/wp-content\/uploads\/2022\/05\/1_solo-2.mp3\">1_click<\/a><\/td><td class=\"column-3\">< href=\"https:\/\/mensch3000.ch\/wp-content\/uploads\/2022\/05\/1_PB-3.mp3\">1_pb<\/a><\/td><td class=\"column-4\"><a href=\"https:\/\/mensch3000.ch\/wp-content\/uploads\/2022\/05\/1_solo_vl_15_Proz-2.mp3\">1_click<\/a><\/td><td class=\"column-5\">< href=\"https:\/\/mensch3000.ch\/wp-content\/uploads\/2022\/05\/1_PB_vl_15_Proz-1.mp3\">1_pb<\/a><\/td><td class=\"column-6\"><a href=\"https:\/\/mensch3000.ch\/wp-content\/uploads\/2022\/05\/1_solo_vl_40_Proz.mp3\">1_click<\/a><\/td><td class=\"column-7\">< href=\"https:\/\/mensch3000.ch\/wp-content\/uploads\/2022\/05\/1_PB_vl_40_Proz.mp3\">1_pb<\/a><\/td>\n<\/tr>\n<tr class=\"row-4 even\">\n\t<td class=\"column-1\"><strong>Zweity<\/strong><\/td><td class=\"column-2\"><a href=\"https:\/\/mensch3000.ch\/wp-content\/uploads\/2022\/05\/2_solo-2.mp3\">2_click<\/a><\/td><td class=\"column-3\"><a href=\"https:\/\/mensch3000.ch\/wp-content\/uploads\/2022\/05\/2_PB-3.mp3\">2_pb<\/a><\/td><td class=\"column-4\"><a href=\"https:\/\/mensch3000.ch\/wp-content\/uploads\/2022\/05\/2_solo_vl_15_Proz-2.mp3\">2_click<\/a><\/td><td class=\"column-5\"><a href=\"https:\/\/mensch3000.ch\/wp-content\/uploads\/2022\/05\/2_PB_vl_15_Proz-1.mp3\">2_pb<\/a><\/td><td class=\"column-6\"><a href=\"\">2_click<\/a><\/td><td class=\"column-7\"><a href=\"https:\/\/mensch3000.ch\/wp-content\/uploads\/2022\/05\/2_PB_vl_40_Proz.mp3\">2_pb<\/a><\/td>\n<\/tr>\n<tr class=\"row-5 odd\">\n\t<td class=\"column-1\"><strong>Dritty<\/strong><\/td><td class=\"column-2\"><a href=\"https:\/\/mensch3000.ch\/wp-content\/uploads\/2022\/05\/3_solo-2.mp3\">3_click<\/a><\/td><td class=\"column-3\"><a href=\"https:\/\/mensch3000.ch\/wp-content\/uploads\/2022\/05\/3_PB-2.mp3\">3_pb<\/a><\/td><td class=\"column-4\"><a href=\"https:\/\/mensch3000.ch\/wp-content\/uploads\/2022\/05\/3_solo_vl_15_Proz-2.mp3\">3_click<\/a><\/td><td class=\"column-5\"><a href=\"https:\/\/mensch3000.ch\/wp-content\/uploads\/2022\/05\/3_PB_vl_15_Proz-1.mp3\">3_pb<\/a><\/td><td class=\"column-6\"><a href=\"https:\/\/mensch3000.ch\/wp-content\/uploads\/2022\/05\/3_solo_vl_40_Proz.mp3\">3_click<\/a><\/td><td class=\"column-7\"><a href=\"https:\/\/mensch3000.ch\/wp-content\/uploads\/2022\/05\/3_PB_vl_40_Proz.mp3\">3_pb<\/a><\/td>\n<\/tr>\n<tr class=\"row-6 even\">\n\t<td class=\"column-1\">alt. Vierty<\/td><td class=\"column-2\"><a href=\"https:\/\/mensch3000.ch\/wp-content\/uploads\/2022\/05\/4_solo-2.mp3\">4_click<\/a><\/td><td class=\"column-3\"><a href=\"https:\/\/mensch3000.ch\/wp-content\/uploads\/2022\/05\/4_PB-2.mp3\">4_pb<\/a><\/td><td class=\"column-4\"><a href=\"https:\/\/mensch3000.ch\/wp-content\/uploads\/2022\/05\/4_solo_vl_15_Proz-2.mp3\">4_click<\/a><\/td><td class=\"column-5\"><a href=\"https:\/\/mensch3000.ch\/wp-content\/uploads\/2022\/05\/4_BP_vl_15_Proz.mp3\">4_pb<\/a><\/td><td class=\"column-6\"><a href=\"https:\/\/mensch3000.ch\/wp-content\/uploads\/2022\/05\/4_solo_vl_40_Proz.mp3\">4_click<\/a><\/td><td class=\"column-7\"><a href=\"https:\/\/mensch3000.ch\/wp-content\/uploads\/2022\/05\/4_PB_vl_40_Proz.mp3\">4_pb<\/a><\/td>\n<\/tr>\n<tr class=\"row-7 odd\">\n\t<td class=\"column-1\"><strong>Basspiccolo<\/strong><\/td><td class=\"column-2\"><a href=\"https:\/\/mensch3000.ch\/wp-content\/uploads\/2022\/05\/BP_solo-2.mp3\">BP_click<\/a><\/td><td class=\"column-3\"><a href=\"https:\/\/mensch3000.ch\/wp-content\/uploads\/2022\/05\/BP_PB-1.mp3\">BP_pb<\/a><\/td><td class=\"column-4\"><a href=\"https:\/\/mensch3000.ch\/wp-content\/uploads\/2022\/05\/BP_solo_vl_15_Proz.mp3\">BP_click<\/a><\/td><td class=\"column-5\"><a href=\"https:\/\/mensch3000.ch\/wp-content\/uploads\/2022\/05\/BP_PB_vl_15_Proz.mp3\">BP_pb<\/a><\/td><td class=\"column-6\"><a href=\"https:\/\/mensch3000.ch\/wp-content\/uploads\/2022\/05\/BP_PB_vl_40_Proz.mp3\">BP_click<\/a><\/td><td class=\"column-7\"><a href=\"https:\/\/mensch3000.ch\/wp-content\/uploads\/2022\/05\/BP_PB_vl_40_Proz.mp3\">BP_pb<\/a><\/td>\n<\/tr>\n<tr class=\"row-8 even\">\n\t<td class=\"column-1\">Tutti<\/td><td class=\"column-2\"><a href=\"https:\/\/mensch3000.ch\/wp-content\/uploads\/2022\/05\/Tutti_a_capella.mp3\">Solo<\/a><\/td><td class=\"column-3\"><a href=\"https:\/\/mensch3000.ch\/wp-content\/uploads\/2022\/05\/2018_Fyygeblatt.mp3\">mit Drumle<\/a><\/td><td class=\"column-4\"><\/td><td class=\"column-5\"><\/td><td class=\"column-6\"><\/td><td class=\"column-7\"><\/td>\n<\/tr>\n<tr class=\"row-9 odd\">\n\t<td class=\"column-1\">nur Drumle\t<\/td><td class=\"column-2\"><a href=\"https:\/\/mensch3000.ch\/wp-content\/uploads\/2022\/05\/nur_Fyygeblatt_Drumle.mp3\">solo<\/a><\/td><td class=\"column-3\"><\/td><td class=\"column-4\"><\/td><td class=\"column-5\"><\/td><td class=\"column-6\"><\/td><td class=\"column-7\"><\/td>\n<\/tr>\n<\/tbody>\n<\/table>\n<!-- #tablepress-16 from cache -->\n<\/div><\/div><div class=\"wpb_text_column\"><div class=\"wpb_wrapper\"><p align=\"center\"><b><span style=\"color: #ff0000; font-family: Arial; font-size: x-large;\"><u><a href=\"https:\/\/mensch3000.ch\/fuudyblutt\/fuudyblutt-2018\/\">zrugg zer Vollversion_Tab\u00e4lle<\/a><\/u><\/span><\/b><\/p>\n<p align=\"center\"><b><span style=\"font-family: Arial; font-size: x-large;\"><a href=\"https:\/\/mensch3000.ch\/fuudyblutt\/fuudyblutt-2018\/\">Urversion_Tab\u00e4lle (ohny Mitteldayl)<\/a><\/span><\/b><\/p>\n<p align=\"center\"><span style=\"font-family: Arial; font-size: large;\">W\u00e4r andery Variazione zem Yiebe m\u00f6cht: eifach &#8220;<a href=\"https:\/\/mensch3000.ch\/kontakt\/\">https:\/\/mensch3000.ch\/kontakt\/<\/a>&#8220;&#8230;<br \/>\n<\/span>d.h. dr k\u00f6nne au anderi- oder Teil-Uszyg vom fb+! bstelle, also z.B.<br \/>\n&#8211; (weniger) verlangsamti Uszyg (z.B. einzelni Stimme)<br \/>\n&#8211; Loops (Schlaufe) \/ Teilabschnitt in Wiederholige, d.h. z.B. vo Taggt x bis Taggt y<br \/>\n&#8211; solo-Stimme ohni Metronom o.\u00e4. etc.<\/p>\n<p align=\"center\"><span style=\"font-family: Arial; font-size: large;\">&#8230;und do no e Hilfestellig im Clarendon V\u00e4rs, wo sech als verhaltens-uff\u00e4llig g&#8217;outet het:<br \/>\n<\/span><span style=\"font-family: Arial;\">als\u00a0<a href=\"https:\/\/mensch3000.ch\/Audio\/Fuudyblutt%202016\/verhaltensuff%C3%A4lligi%20S%C3%BCngkoop%C3%A4.mp3\">beschleunigendi Schlaufe zem Yiebe<\/a>.<\/span><\/p>\n<\/div><\/div><div class=\"w-image align_none\"><div class=\"w-image-h\"><img width=\"1024\" height=\"431\" src=\"https:\/\/mensch3000.ch\/wp-content\/uploads\/2022\/05\/Schlauf-1-1.jpg?wsr\" class=\"attachment-large size-large\" alt=\"\" decoding=\"async\" loading=\"lazy\" srcset=\"https:\/\/mensch3000.ch\/wp-content\/uploads\/2022\/05\/Schlauf-1-1.jpg 1024w, https:\/\/mensch3000.ch\/wp-content\/uploads\/2022\/05\/Schlauf-1-1-300x126.jpg 300w, https:\/\/mensch3000.ch\/wp-content\/uploads\/2022\/05\/Schlauf-1-1-800x337.jpg 800w, https:\/\/mensch3000.ch\/wp-content\/uploads\/2022\/05\/Schlauf-1-1-600x253.jpg 600w\" sizes=\"(max-width: 1024px) 100vw, 1024px\" \/><\/div><\/div><div class=\"wpb_text_column\"><div class=\"wpb_wrapper\"><p align=\"center\"><span style=\"font-family: Arial;\">d\u00e4\u00e4ne S\u00fcngkoope mues me eifach e bitz Ellbooge&#8217;n&#8217;\u00d6l g\u00e4 (vil yiebe)<\/span><\/p>\n<p align=\"center\">s&#8217; deent vilicht e weeny anders als es usgseht, aber dasch, will uf dr Ufnahm no die alternativi Vierty drby isch (uf dr Paritur nid ersichtlig), und die isch lyycht anders als s&#8217;Basspiccolo&#8230;<\/p>\n<p align=\"center\"><span style=\"color: #ff0000;\"><b>&#8212;&#8212;&#8212;&#8212;&#8212;&#8212;&#8212;&#8212;&#8212;&#8212;&#8212;&#8212;&#8212;&#8212;&#8212;&#8212;&#8212;&#8212;&#8212;&#8212;&#8212;&#8212;&#8212;&#8212;&#8212;&#8212;&#8212;&#8212;&#8212;&#8212;&#8212;&#8212;&#8212;&#8212;&#8212;&#8212;&#8212;&#8212;&#8212;&#8212;&#8212;&#8212;&#8212;<br \/>\ndemn\u00e4gscht kunnt do also au dr ganz fb + mit Drummelt\u00e4ggscht als Partitur!&#8230;<\/b><\/span><\/p>\n<\/div><\/div><div class=\"wpb_text_column\"><div class=\"wpb_wrapper\"><p align=\"center\"><b><span style=\"color: #ff0000; font-family: Arial;\"><a href=\"https:\/\/www.dropbox.com\/sh\/2nuef0mt3c8hrfk\/AAAYPbP7lOskYXzkPhFBhI-oa?dl=0\">Au die langfingerfertige kenne&#8217;s jetz ab DropBox suuge&#8230;<\/a><\/span><\/b><\/p>\n<p align=\"center\"><span style=\"font-size: large;\">d&#8217;W\u00e4lturuffyeryg isch am 21.11.2015 im Casino Basel gsii mit em fantastische Piccolo Ensemble vom SJDS<\/span><\/p>\n<\/div><\/div><div class=\"w-image align_none\"><div class=\"w-image-h\"><img width=\"769\" height=\"439\" src=\"https:\/\/mensch3000.ch\/wp-content\/uploads\/2022\/05\/SJDSLive.jpg?wsr\" class=\"attachment-large size-large\" alt=\"\" decoding=\"async\" loading=\"lazy\" srcset=\"https:\/\/mensch3000.ch\/wp-content\/uploads\/2022\/05\/SJDSLive.jpg 769w, https:\/\/mensch3000.ch\/wp-content\/uploads\/2022\/05\/SJDSLive-300x171.jpg 300w, https:\/\/mensch3000.ch\/wp-content\/uploads\/2022\/05\/SJDSLive-600x343.jpg 600w\" sizes=\"(max-width: 769px) 100vw, 769px\" \/><\/div><\/div><\/div><\/div><\/div><\/div><\/section>\n","protected":false},"excerpt":{"rendered":"Fyygeblatt-V\u00e4rs Tab\u00e4lle\u00a0(Mitteldayl_D\u00e4yl vom &#8220;Fuudyblutt +!&#8221;) Wely Stimm?a tempo &nbsp;verlangsamt&nbsp;stark verlangsamt&nbsp; SoloPlaybackSoloPlaybackDetailsPlayback Erschty1_click< href=\"https:\/\/mensch3000.ch\/wp-content\/uploads\/2022\/05\/1_PB-3.mp3\">1_pb1_click< href=\"https:\/\/mensch3000.ch\/wp-content\/uploads\/2022\/05\/1_PB_vl_15_Proz-1.mp3\">1_pb1_click< href=\"https:\/\/mensch3000.ch\/wp-content\/uploads\/2022\/05\/1_PB_vl_40_Proz.mp3\">1_pb Zweity2_click2_pb2_click2_pb2_click2_pb Dritty3_click3_pb3_click3_pb3_click3_pb alt. Vierty4_click4_pb4_click4_pb4_click4_pb BasspiccoloBP_clickBP_pbBP_clickBP_pbBP_clickBP_pb TuttiSolomit Drumle nur Drumle solo zrugg zer Vollversion_Tab\u00e4lle Urversion_Tab\u00e4lle (ohny Mitteldayl) W\u00e4r andery Variazione zem Yiebe m\u00f6cht: eifach &#8220;https:\/\/mensch3000.ch\/kontakt\/&#8220;&#8230; d.h. dr k\u00f6nne au anderi- oder Teil-Uszyg vom fb+! bstelle, also z.B. &#8211; (weniger) verlangsamti Uszyg...","protected":false},"author":1,"featured_media":0,"parent":3150,"menu_order":0,"comment_status":"closed","ping_status":"closed","template":"","meta":[],"acf":[],"_links":{"self":[{"href":"https:\/\/mensch3000.ch\/en\/wp-json\/wp\/v2\/pages\/3151"}],"collection":[{"href":"https:\/\/mensch3000.ch\/en\/wp-json\/wp\/v2\/pages"}],"about":[{"href":"https:\/\/mensch3000.ch\/en\/wp-json\/wp\/v2\/types\/page"}],"author":[{"embeddable":true,"href":"https:\/\/mensch3000.ch\/en\/wp-json\/wp\/v2\/users\/1"}],"replies":[{"embeddable":true,"href":"https:\/\/mensch3000.ch\/en\/wp-json\/wp\/v2\/comments?post=3151"}],"version-history":[{"count":1,"href":"https:\/\/mensch3000.ch\/en\/wp-json\/wp\/v2\/pages\/3151\/revisions"}],"predecessor-version":[{"id":3249,"href":"https:\/\/mensch3000.ch\/en\/wp-json\/wp\/v2\/pages\/3151\/revisions\/3249"}],"up":[{"embeddable":true,"href":"https:\/\/mensch3000.ch\/en\/wp-json\/wp\/v2\/pages\/3150"}],"wp:attachment":[{"href":"https:\/\/mensch3000.ch\/en\/wp-json\/wp\/v2\/media?parent=3151"}],"curies":[{"name":"wp","href":"https:\/\/api.w.org\/{rel}","templated":true}]}}