{"id":3150,"date":"2022-05-27T13:06:19","date_gmt":"2022-05-27T13:06:19","guid":{"rendered":"https:\/\/mensch3000.ch\/fuudyblutt\/fuudyblutt-2018\/"},"modified":"2024-02-26T11:17:56","modified_gmt":"2024-02-26T11:17:56","slug":"fuudyblutt-2018","status":"publish","type":"page","link":"https:\/\/mensch3000.ch\/en\/fuudyblutt\/fuudyblutt-2018\/","title":{"rendered":"Fuudyblutt 2018"},"content":{"rendered":"<section class=\"l-section wpb_row height_medium\"><div class=\"l-section-h i-cf\"><div class=\"g-cols vc_row via_grid cols_1 laptops-cols_inherit tablets-cols_inherit mobiles-cols_1 valign_top type_default stacking_default\"><div class=\"wpb_column vc_column_container\"><div class=\"vc_column-inner\"><div class=\"wpb_text_column\"><div class=\"wpb_wrapper\"><p align=\"center\"><b><span style=\"color: #000000;\"><a href=\"https:\/\/mensch3000.ch\/wp-content\/uploads\/2022\/05\/MIDALLEM-3.mp3\"><span style=\"font-family: Arial; font-size: xx-large;\">&#8220;fuudyblutt + !&#8221;<\/span><\/a><\/span><br \/>\n<\/b>(Fuudyblutt 2018)<b><br \/>\n<\/b>+\u00a0 heisst: inkl. ad libido, e zues\u00e4tzlige Mitteld\u00e4yl<br \/>\n<a href=\"https:\/\/mensch3000.ch\/fasnacht\/fuudyblutt\/\"><span style=\"color: #ff0000;\">meh Info drzue<\/span><\/a><\/p>\n<p align=\"center\"><span style=\"font-size: large;\">mittels d\u00e4ne Tab\u00e4lle ka me d&#8217;Einzelstimme mit oder ohni Playb\u00e4ck lose und yiebe, sowohl a tempo als au vrlangsamt<\/span><b><\/b><\/p>\n<\/div><\/div><div class=\"w-separator size_medium\"><\/div><div class=\"wpb_text_column\"><div class=\"wpb_wrapper\"><div id=\"tablepress-12-scroll-wrapper\" class=\"tablepress-scroll-wrapper\">\n\n<table id=\"tablepress-12\" class=\"tablepress tablepress-id-12 tablepress-responsive\">\n<thead>\n<tr class=\"row-1 odd\">\n\t<th class=\"column-1\">Wely Stimm?<\/th><th class=\"column-2\">a tempo <\/th><th class=\"column-3\">&nbsp;<\/th><th class=\"column-4\">verlangsamt<\/th><th class=\"column-5\">&nbsp;<\/th><th class=\"column-6\">stark verlangsamt<\/th><th class=\"column-7\">&nbsp;<\/th>\n<\/tr>\n<\/thead>\n<tbody class=\"row-hover\">\n<tr class=\"row-2 even\">\n\t<td class=\"column-1\"><\/td><td class=\"column-2\"><strong>Solo<\/strong><\/td><td class=\"column-3\"><strong>Playback<\/strong><\/td><td class=\"column-4\"><strong>Solo<\/strong><\/td><td class=\"column-5\"><strong>Playback<\/strong><\/td><td class=\"column-6\"><strong>Details<\/strong><\/td><td class=\"column-7\"><strong>Playback<\/strong><\/td>\n<\/tr>\n<tr class=\"row-3 odd\">\n\t<td class=\"column-1\"><strong>Erschty<\/strong><\/td><td class=\"column-2\"><a href=\"https:\/\/mensch3000.ch\/wp-content\/uploads\/2022\/05\/1_solo-2.mp3\">1_click<\/a><\/td><td class=\"column-3\"><a href=\"https:\/\/mensch3000.ch\/wp-content\/uploads\/2022\/05\/1_PB-3.mp3\">1_pb<\/a><\/td><td class=\"column-4\"><a href=\"https:\/\/mensch3000.ch\/wp-content\/uploads\/2022\/05\/1_solo_vl_15_Proz-2.mp3\">1_click<\/a><\/td><td class=\"column-5\"><a href=\"https:\/\/mensch3000.ch\/wp-content\/uploads\/2022\/05\/1_PB_vl_15_Proz-1.mp3\">1_pb<\/a><\/td><td class=\"column-6\"><a href=\"https:\/\/mensch3000.ch\/wp-content\/uploads\/2022\/05\/1_solo_vl_40_Proz.mp3\">1_click<\/a><\/td><td class=\"column-7\"><a href=\"https:\/\/mensch3000.ch\/wp-content\/uploads\/2022\/05\/1_PB_vl_40_Proz.mp3\">1_pb<\/a><\/td>\n<\/tr>\n<tr class=\"row-4 even\">\n\t<td class=\"column-1\"><strong>Zweity<\/strong><\/td><td class=\"column-2\"><a href=\"https:\/\/mensch3000.ch\/wp-content\/uploads\/2022\/05\/2_solo-2.mp3\">2_click<\/a><\/td><td class=\"column-3\"><a href=\"https:\/\/mensch3000.ch\/wp-content\/uploads\/2022\/05\/2_PB-3.mp3\">2_pb<\/a><\/td><td class=\"column-4\"><a href=\"https:\/\/mensch3000.ch\/wp-content\/uploads\/2022\/05\/2_solo_vl_15_Proz-2.mp3\">2_click<\/a><\/td><td class=\"column-5\"><a href=\"https:\/\/mensch3000.ch\/wp-content\/uploads\/2022\/05\/2_PB_vl_15_Proz-1.mp3\">2_pb<\/a><\/td><td class=\"column-6\"><a href=\"\">2_click<\/a><\/td><td class=\"column-7\"><a href=\"https:\/\/mensch3000.ch\/wp-content\/uploads\/2022\/05\/2_PB_vl_40_Proz.mp3\">2_pb<\/a><\/td>\n<\/tr>\n<tr class=\"row-5 odd\">\n\t<td class=\"column-1\"><strong>Dritty<\/strong><\/td><td class=\"column-2\"><a href=\"https:\/\/mensch3000.ch\/wp-content\/uploads\/2022\/05\/3_solo-2.mp3\">3_click<\/a><\/td><td class=\"column-3\"><a href=\"https:\/\/mensch3000.ch\/wp-content\/uploads\/2022\/05\/3_PB-2.mp3\">3_pb<\/a><\/td><td class=\"column-4\"><a href=\"https:\/\/mensch3000.ch\/wp-content\/uploads\/2022\/05\/3_solo_vl_15_Proz-2.mp3\">3_click<\/a><\/td><td class=\"column-5\"><a href=\"https:\/\/mensch3000.ch\/wp-content\/uploads\/2022\/05\/3_PB_vl_15_Proz-1.mp3\">3_pb<\/a><\/td><td class=\"column-6\"><a href=\"https:\/\/mensch3000.ch\/wp-content\/uploads\/2022\/05\/3_solo_vl_40_Proz.mp3\">3_click<\/a><\/td><td class=\"column-7\"><a href=\"https:\/\/mensch3000.ch\/wp-content\/uploads\/2022\/05\/3_PB_vl_40_Proz.mp3\">3_pb<\/a><\/td>\n<\/tr>\n<tr class=\"row-6 even\">\n\t<td class=\"column-1\">alt. Vierty<\/td><td class=\"column-2\"><a href=\"https:\/\/mensch3000.ch\/wp-content\/uploads\/2022\/05\/4_solo-2.mp3\">4_click<\/a><\/td><td class=\"column-3\"><a href=\"https:\/\/mensch3000.ch\/wp-content\/uploads\/2022\/05\/4_PB-2.mp3\">4_pb<\/a><\/td><td class=\"column-4\"><a href=\"https:\/\/mensch3000.ch\/wp-content\/uploads\/2022\/05\/4_solo_vl_15_Proz-2.mp3\">4_click<\/a><\/td><td class=\"column-5\"><a href=\"https:\/\/mensch3000.ch\/wp-content\/uploads\/2022\/05\/4_BP_vl_15_Proz.mp3\">4_pb<\/a><\/td><td class=\"column-6\"><a href=\"https:\/\/mensch3000.ch\/wp-content\/uploads\/2022\/05\/4_solo_vl_40_Proz.mp3\">4_click<\/a><\/td><td class=\"column-7\"><a href=\"https:\/\/mensch3000.ch\/wp-content\/uploads\/2022\/05\/4_PB_vl_40_Proz.mp3\">4_pb<\/a><\/td>\n<\/tr>\n<tr class=\"row-7 odd\">\n\t<td class=\"column-1\"><strong>Basspiccolo<\/strong><\/td><td class=\"column-2\"><a href=\"https:\/\/mensch3000.ch\/wp-content\/uploads\/2022\/05\/BP_solo-2.mp3\">BP_click<\/a><\/td><td class=\"column-3\"><a href=\"https:\/\/mensch3000.ch\/wp-content\/uploads\/2022\/05\/BP_PB-1.mp3\">BP_pb<\/a><\/td><td class=\"column-4\"><a href=\"https:\/\/mensch3000.ch\/wp-content\/uploads\/2022\/05\/BP_solo_vl_15_Proz.mp3\">BP_click<\/a><\/td><td class=\"column-5\"><a href=\"https:\/\/mensch3000.ch\/wp-content\/uploads\/2022\/05\/BP_PB_vl_15_Proz.mp3\">BP_pb<\/a><\/td><td class=\"column-6\"><a href=\"https:\/\/mensch3000.ch\/wp-content\/uploads\/2022\/05\/BP_PB_vl_40_Proz.mp3\">BP_click<\/a><\/td><td class=\"column-7\"><a href=\"https:\/\/mensch3000.ch\/wp-content\/uploads\/2022\/05\/BP_PB_vl_40_Proz.mp3\">BP_pb<\/a><\/td>\n<\/tr>\n<tr class=\"row-8 even\">\n\t<td class=\"column-1\">Tutti<\/td><td class=\"column-2\">Solo<\/td><td class=\"column-3\"><a href=\"https:\/\/mensch3000.ch\/wp-content\/uploads\/2022\/05\/MIDALLEM-3.mp3\">mit Drumle<\/a><\/td><td class=\"column-4\"><\/td><td class=\"column-5\"><\/td><td class=\"column-6\"><\/td><td class=\"column-7\"><\/td>\n<\/tr>\n<tr class=\"row-9 odd\">\n\t<td class=\"column-1\">nur Drumle\t<\/td><td class=\"column-2\"><a href=\"https:\/\/mensch3000.ch\/wp-content\/uploads\/2022\/05\/Tutti_nur_Drumle-1.mp3\">solo<\/a><\/td><td class=\"column-3\"><\/td><td class=\"column-4\"><\/td><td class=\"column-5\"><\/td><td class=\"column-6\"><\/td><td class=\"column-7\"><\/td>\n<\/tr>\n<\/tbody>\n<\/table>\n\n<\/div><!-- #tablepress-12 from cache -->\n<\/div><\/div><div class=\"wpb_text_column\"><div class=\"wpb_wrapper\"><\/div><\/div><div class=\"w-separator size_medium\"><\/div><div class=\"wpb_text_column\"><div class=\"wpb_wrapper\"><p style=\"text-align: center;\"><b><span style=\"color: #000000;\"><span style=\"font-size: x-large;\">d&#8217;Ur-Version\u00a0<\/span>(ohny Zuesatz, bzw. ohny Mitteld\u00e4y)<\/span><span style=\"color: #ff0000;\"><br \/>\neinzig g\u00fcltygy Version Fuudyblutt 2021<br \/>\n<\/span><\/b>(d.h. die kurzy Version, bzw. die glyych wie d&#8217;Druckfassig vo Anno 2015 (d.h. ohni dr Fyygeblatt-V\u00e4rs)<\/p>\n<\/div><\/div><div class=\"w-separator size_medium\"><\/div><div class=\"wpb_text_column\"><div class=\"wpb_wrapper\"><div id=\"tablepress-13-scroll-wrapper\" class=\"tablepress-scroll-wrapper\">\n\n<table id=\"tablepress-13\" class=\"tablepress tablepress-id-13 tablepress-responsive\">\n<thead>\n<tr class=\"row-1 odd\">\n\t<th class=\"column-1\">Wely Stimm?<\/th><th class=\"column-2\">a tempo <\/th><th class=\"column-3\">&nbsp;<\/th><th class=\"column-4\">verlangsamt<\/th><th class=\"column-5\">&nbsp;<\/th><th class=\"column-6\">stark verlangsamt<\/th><th class=\"column-7\">&nbsp;<\/th>\n<\/tr>\n<\/thead>\n<tbody class=\"row-hover\">\n<tr class=\"row-2 even\">\n\t<td class=\"column-1\"><\/td><td class=\"column-2\"><strong>Solo<\/strong><\/td><td class=\"column-3\"><strong>Playback<\/strong><\/td><td class=\"column-4\"><strong>Solo<\/strong><\/td><td class=\"column-5\"><strong>Playback<\/strong><\/td><td class=\"column-6\"><strong>Details<\/strong><\/td><td class=\"column-7\"><strong>Playback<\/strong><\/td>\n<\/tr>\n<tr class=\"row-3 odd\">\n\t<td class=\"column-1\"><strong>Erschty<\/strong><\/td><td class=\"column-2\"><a href=\"https:\/\/mensch3000.ch\/wp-content\/uploads\/2022\/05\/ErschtimitMetronom-1.mp3\">1_click<\/a><\/td><td class=\"column-3\"><a href=\"https:\/\/mensch3000.ch\/wp-content\/uploads\/2022\/05\/1_PB-4.mp3\">1_pb<\/a><\/td><td class=\"column-4\"><\/td><td class=\"column-5\"><\/td><td class=\"column-6\"><\/td><td class=\"column-7\"><\/td>\n<\/tr>\n<tr class=\"row-4 even\">\n\t<td class=\"column-1\"><strong>Zweity<\/strong><\/td><td class=\"column-2\"><a href=\"https:\/\/mensch3000.ch\/wp-content\/uploads\/2022\/05\/Zweiti-mit-Metronom-1.mp3\">2_click<\/a><\/td><td class=\"column-3\"><a href=\"https:\/\/mensch3000.ch\/wp-content\/uploads\/2022\/05\/2_PB-4.mp3\">2_pb<\/a><\/td><td class=\"column-4\"><\/td><td class=\"column-5\"><\/td><td class=\"column-6\"><\/td><td class=\"column-7\"><\/td>\n<\/tr>\n<tr class=\"row-5 odd\">\n\t<td class=\"column-1\"><strong>Dritty<\/strong><\/td><td class=\"column-2\"><a href=\"https:\/\/mensch3000.ch\/wp-content\/uploads\/2022\/05\/DrittimitMetronom-1.mp3>3_click<\/a><\/td><td class=\"column-3\"><a href=\"https:\/\/mensch3000.ch\/wp-content\/uploads\/2022\/05\/3_PB-3.mp3\">3_pb<\/a><\/td><td class=\"column-4\"><\/td><td class=\"column-5\"><\/td><td class=\"column-6\"><\/td><td class=\"column-7\"><\/td>\n<\/tr>\n<tr class=\"row-6 even\">\n\t<td class=\"column-1\">alt. Vierty<\/td><td class=\"column-2\"><a href=\"\">4_click<\/a><\/td><td class=\"column-3\"><a href=\"https:\/\/mensch3000.ch\/wp-content\/uploads\/2022\/05\/4_PB-3.mp3\">4_pb<\/a><\/td><td class=\"column-4\"><\/td><td class=\"column-5\"><\/td><td class=\"column-6\"><\/td><td class=\"column-7\"><\/td>\n<\/tr>\n<tr class=\"row-7 odd\">\n\t<td class=\"column-1\"><strong>Basspiccolo<\/strong><\/td><td class=\"column-2\"><a href=\"https:\/\/mensch3000.ch\/wp-content\/uploads\/2022\/05\/BasspiccolomitMetronom-1.mp3\">BP_click<\/a><\/td><td class=\"column-3\"><a href=\"https:\/\/mensch3000.ch\/wp-content\/uploads\/2022\/05\/BP_PB-2.mp3\">BP_pb<\/a><\/td><td class=\"column-4\"><\/td><td class=\"column-5\"><\/td><td class=\"column-6\"><\/td><td class=\"column-7\"><\/td>\n<\/tr>\n<tr class=\"row-8 even\">\n\t<td class=\"column-1\">Tutti<\/td><td class=\"column-2\"><a href=\"https:\/\/www.youtube.com\/watch?v=2h1UaSbfk-M\">Live<\/a><\/td><td class=\"column-3\"><a href=\"https:\/\/mensch3000.ch\/wp-content\/uploads\/2022\/05\/FBDrummleMixmitwenigPfyffe-1.mp3\">mit Drumle<\/a><\/td><td class=\"column-4\"><\/td><td class=\"column-5\"><\/td><td class=\"column-6\"><\/td><td class=\"column-7\"><\/td>\n<\/tr>\n<\/tbody>\n<\/table>\n\n<\/div><!-- #tablepress-13 from cache -->\n<\/div><\/div><div class=\"w-separator size_medium\"><\/div><div class=\"g-cols wpb_row via_grid cols_2 laptops-cols_inherit tablets-cols_inherit mobiles-cols_1 valign_top type_default stacking_default\"><div class=\"wpb_column vc_column_container\"><div class=\"vc_column-inner\"><div class=\"wpb_text_column\"><div class=\"wpb_wrapper\"><\/div><\/div><\/div><\/div><\/div><div class=\"w-separator size_medium\"><\/div><div class=\"g-cols wpb_row via_grid cols_2 laptops-cols_inherit tablets-cols_inherit mobiles-cols_1 valign_top type_default stacking_default\"><div class=\"wpb_column vc_column_container\"><div class=\"vc_column-inner\"><div class=\"w-image align_center\"><div class=\"w-image-h\"><img width=\"769\" height=\"439\" src=\"https:\/\/mensch3000.ch\/wp-content\/uploads\/2022\/05\/SJDSLive.jpg?wsr\" class=\"attachment-large size-large\" alt=\"\" decoding=\"async\" loading=\"lazy\" srcset=\"https:\/\/mensch3000.ch\/wp-content\/uploads\/2022\/05\/SJDSLive.jpg 769w, https:\/\/mensch3000.ch\/wp-content\/uploads\/2022\/05\/SJDSLive-300x171.jpg 300w, https:\/\/mensch3000.ch\/wp-content\/uploads\/2022\/05\/SJDSLive-600x343.jpg 600w\" sizes=\"(max-width: 769px) 100vw, 769px\" \/><\/div><\/div><div class=\"w-separator size_medium\"><\/div><div class=\"wpb_text_column\"><div class=\"wpb_wrapper\"><p>d&#8217;W\u00e4lturuffyeryg isch am 21.11.2015 im Casino Basel gsii mit em fantastische Piccolo Ensemble vom SJDS<\/p>\n<p><a href=\"https:\/\/mensch3000.ch\/fasnacht\/fuudyblutt\/\">ab denn d&#8217;Erfolgsstory&#8230;<\/a><\/p>\n<\/div><\/div><\/div><\/div><\/div><\/div><\/div><\/div><\/div><\/section>\n","protected":false},"excerpt":{"rendered":"&#8220;fuudyblutt + !&#8221; (Fuudyblutt 2018) +\u00a0 heisst: inkl. ad libido, e zues\u00e4tzlige Mitteld\u00e4yl meh Info drzue mittels d\u00e4ne Tab\u00e4lle ka me d&#8217;Einzelstimme mit oder ohni Playb\u00e4ck lose und yiebe, sowohl a tempo als au vrlangsamt Wely Stimm?a tempo &nbsp;verlangsamt&nbsp;stark verlangsamt&nbsp; SoloPlaybackSoloPlaybackDetailsPlayback Erschty1_click1_pb1_click1_pb1_click1_pb Zweity2_click2_pb2_click2_pb2_click2_pb Dritty3_click3_pb3_click3_pb3_click3_pb alt. Vierty4_click4_pb4_click4_pb4_click4_pb BasspiccoloBP_clickBP_pbBP_clickBP_pbBP_clickBP_pb TuttiSolomit Drumle nur Drumle solo d&#8217;Ur-Version\u00a0(ohny Zuesatz, bzw....","protected":false},"author":1,"featured_media":0,"parent":3149,"menu_order":0,"comment_status":"closed","ping_status":"closed","template":"","meta":[],"acf":[],"_links":{"self":[{"href":"https:\/\/mensch3000.ch\/en\/wp-json\/wp\/v2\/pages\/3150"}],"collection":[{"href":"https:\/\/mensch3000.ch\/en\/wp-json\/wp\/v2\/pages"}],"about":[{"href":"https:\/\/mensch3000.ch\/en\/wp-json\/wp\/v2\/types\/page"}],"author":[{"embeddable":true,"href":"https:\/\/mensch3000.ch\/en\/wp-json\/wp\/v2\/users\/1"}],"replies":[{"embeddable":true,"href":"https:\/\/mensch3000.ch\/en\/wp-json\/wp\/v2\/comments?post=3150"}],"version-history":[{"count":1,"href":"https:\/\/mensch3000.ch\/en\/wp-json\/wp\/v2\/pages\/3150\/revisions"}],"predecessor-version":[{"id":3247,"href":"https:\/\/mensch3000.ch\/en\/wp-json\/wp\/v2\/pages\/3150\/revisions\/3247"}],"up":[{"embeddable":true,"href":"https:\/\/mensch3000.ch\/en\/wp-json\/wp\/v2\/pages\/3149"}],"wp:attachment":[{"href":"https:\/\/mensch3000.ch\/en\/wp-json\/wp\/v2\/media?parent=3150"}],"curies":[{"name":"wp","href":"https:\/\/api.w.org\/{rel}","templated":true}]}}