{"id":3146,"date":"2022-05-19T13:15:33","date_gmt":"2022-05-19T13:15:33","guid":{"rendered":"https:\/\/mensch3000.ch\/fasnacht\/zusatz-bass-piccolo-stimmen\/"},"modified":"2024-02-26T11:17:34","modified_gmt":"2024-02-26T11:17:34","slug":"zusatz-bass-piccolo-stimmen","status":"publish","type":"page","link":"https:\/\/mensch3000.ch\/en\/fasnacht\/zusatz-bass-piccolo-stimmen\/","title":{"rendered":"Zusatz Bass Piccolo Stimmen"},"content":{"rendered":"<section class=\"l-section wpb_row height_medium\"><div class=\"l-section-h i-cf\"><div class=\"g-cols vc_row via_grid cols_1 laptops-cols_inherit tablets-cols_inherit mobiles-cols_1 valign_top type_default stacking_default\"><div class=\"wpb_column vc_column_container\"><div class=\"vc_column-inner\"><div class=\"wpb_text_column\"><div class=\"wpb_wrapper\"><p style=\"text-align: left;\" align=\"center\"><b><span style=\"font-family: Arial;\">n.b.<\/span><\/b><span style=\"font-family: Arial;\"><b><br \/>\n<\/b>ze d\u00e4ne<br \/>\n<b><span style=\"color: #ff0000;\">Zuesatz- bzw. BassPiccolo_Stimme:<br \/>\n<\/span><\/b>das sin k\u00e4yni &#8220;g&#8217;normte&#8221; (em &#8220;Kanon&#8221; entspr\u00e4chende) vierte Stimme, sondern meh wie &#8220;theoretischy Regelbr\u00fcch&#8221;&#8230; es wird uf d&#8217;Harmonielehr pfiffe&#8230; es isch (m\u00e4ngmol) &#8220;kontra&#8221;&#8230;punkt&#8230;<br \/>\n&#8230;Stimmkr\u00fctzige sin k\u00e4y Vrbr\u00e4che, genau so wenig wie do und d\u00f6rt e bitz derbery Ryybyg o.\u00e4&#8230;.<br \/>\n&#8230;die St\u00fcggli sin eifach <\/span><span style=\"font-family: Arial;\">e&#8217;n&#8217;andery Sichtwyys, e&#8217;n&#8217;andery &#8220;Spielart&#8221;&#8230; e gr\u00f6ssere Fokus uf Rythmik&#8230; \u00dcberraschyge sin obligatoryschy Tr\u00fcmpf&#8230;<br \/>\nW\u00e4r Frayd het dra kha&#8217;s ganz ungezwunge toleryiere und gnyiesse..<br \/>\nW\u00e4r T\u00fcpfli schisst, und &#8220;R\u00e4cht&#8221; nachere&#8217;n&#8217;einzige Sichtwyys heuscht, j\u00e4 nu, d\u00e4 mues es zwangswyys vrdamme und darf&#8217;s au nid spiile&#8230;<\/span><\/p>\n<p style=\"text-align: left;\" align=\"center\"><span style=\"font-family: Arial;\">do gubbty&#8217;s z.B. dr\u00a0<b><span style=\"color: #ff0000; font-size: large;\"><a href=\"https:\/\/mensch3000.ch\/wp-content\/uploads\/2022\/05\/Tatzelwurm_Trio_04_08_2018.mp3\">&#8220;Tatzelwurm&#8221;<\/a><\/span><\/b><br \/>\nvom Lukas Langlotz<br \/>\nmit ere<b>\u00a0<a href=\"https:\/\/mensch3000.ch\/wp-content\/uploads\/2022\/05\/Tatzelwurm_mit_BP_04_09_2018.mp3\">neye BassPiccolo<\/a><\/b>_Stimm\u00a0<span style=\"color: #000000;\">drzue<\/span><\/span><b><span style=\"font-family: Arial;\"><br \/>\n(do finde&#8217;n&#8217;r\u00a0<a href=\"https:\/\/mensch3000.ch\/wp-content\/uploads\/2022\/05\/Tatzelwurm_mit_BassPiccolo.pdf\">d&#8217;Partitur<\/a>)<\/span><\/b><\/p>\n<p style=\"text-align: left;\" align=\"center\"><span style=\"font-family: Arial;\">d\u00e4 Tatzelwurm git&#8217;s no als Kurzfassig:<br \/>\n<b><a href=\"https:\/\/mensch3000.ch\/wp-content\/uploads\/2022\/05\/TatzelwuermliRadibutz.mp3\">&#8216;s Tatzelw\u00fcrmli<\/a><\/b><\/span><\/p>\n<p style=\"text-align: left;\" align=\"center\"><span style=\"font-family: Arial;\">au<br \/>\n<b><a href=\"https:\/\/mensch3000.ch\/wp-content\/uploads\/2022\/05\/2017-die-neye-Glayblueuesler.mp3\"><span style=\"font-size: large;\">&#8220;<\/span><\/a><\/b><a href=\"https:\/\/mensch3000.ch\/wp-content\/uploads\/2022\/05\/2017-die-neye-Glayblueuesler.mp3\"><span style=\"font-size: large;\">Die neye<\/span><\/a><a href=\"https:\/\/mensch3000.ch\/wp-content\/uploads\/2022\/05\/2017-die-neye-Glayblueuesler.mp3\"><span style=\"font-size: large;\"> Glayblyysler<strong>&#8220;<\/strong><\/span><\/a><b><span style=\"font-size: large;\"><br \/>\n<\/span><\/b>&#8220;umschryybe&#8221; das ganz guet:<b>\u00a0<\/b>e BassPiccolo_Linie im Blues-Flair.<br \/>\nSozesage&#8217;n&#8217;e Wyterentwicklig, e neyi vierty Stimm f\u00fcr Basspiccolo vo de Neye Glaybasler&#8221;<br \/>\nmit eme&#8217;n&#8217;andere &#8220;Drall&#8221;&#8230;<br \/>\n&#8230;n\u00fcm Schlampegroove per se wie d&#8217;Vorg\u00e4nger (Fuudyblutt, Tatterrabatt und Schnuurepflutteri),<br \/>\n&#8230;aber mit Inflekzione, Fioriture, Vorschleeg und Bluenotes&#8230;<\/span><\/p>\n<p style=\"text-align: left;\" align=\"center\"><span style=\"font-family: Arial;\"><a href=\"https:\/\/mensch3000.ch\/wp-content\/uploads\/2022\/05\/2018-Neyi-Glaybluesler.pdf\">eso gseht&#8217;s gschriebe&#8217;n&#8217;us<\/a><b>&#8230;<br \/>\n<\/b>dasch nid &#8220;<i>drgege<\/i>&#8220;, aber halt &#8220;<i>anders<\/i>&#8221; als d&#8217;Oberstimme&#8230;<br \/>\nd&#8217;Kollege vom Oberstimme_Verein d\u00f6rfe ruhig schreye: &#8220;j\u00e4\u00e4\u00e4&#8230; do simm&#8217;r jo gar n\u00fcm eso wichtig?!&#8221; \/ &#8220;das goot \u00fcberhaupt nid&#8221; etc&#8230;<br \/>\n&#8230;s Narrativ het e ganze&#8217;n&#8217;andere Fokus als e &#8220;klassischy&#8221; \/ harmonischy Vierty drzue (die bruucht&#8217;s jo eigentlig gar nid&#8230;)&#8230;<br \/>\nWil\/drum:<br \/>\nus absolut jedem St\u00fcck ka me&#8217;n&#8217;e&#8217;n&#8217;&#8221;anders&#8221; mache. W\u00e4r kennt nid scho Bach &#8220;uf J\u00e4zz&#8221; (PlayBach)?<br \/>\n&#8230;d&#8217;NationalHymne\u00a0<a href=\"https:\/\/mensch3000.ch\/wp-content\/uploads\/2022\/05\/AllahLudovico.mp3\">\u00e0 la Beethoven<\/a>\u00a0?&#8230; oder em Johnny sy\u00a0<a href=\"https:\/\/www.youtube.com\/watch?v=9o--tEWER9g&amp;list=RDmZRb0FyAa9s&amp;index=11\">Pr\u00e9ludiumRumba<\/a>?\u00a0 bis\u00a0<a href=\"https:\/\/youtu.be\/vYidupMRIT4\">Debussy<\/a>\u00a0uf Reggae goht d&#8217;<b>M<\/b>usig&#8230; !<br \/>\nsogar uf e&#8217;n&#8217;<a href=\"https:\/\/www.youtube.com\/watch?v=SPMR4PS05vk&amp;list=RDmZRb0FyAa9s&amp;index=10\">Amadeus<\/a>\u00a0kasch mit em Fuudy gwaggle&#8230; usw.<br \/>\n&#8230;au usem <a href=\"http:\/\/youtu.be\/pvL28v6eCeA\">&#8220;Lumpesammler&#8221; lot sech locker e Raeggae<\/a>\u00a0stricke&#8230; dr Fantasie sin keiny Gr\u00e4nze gsetzt!<br \/>\nMynethalbe k\u00f6nne jetz d&#8217;Exegete zetere und fletere, das sey e Frevel, e&#8217;n&#8217;Arrangement wo nid passt etc., aber<br \/>\nk\u00e4y Meischter het mr jemols gsayt, es sey &#8220;falsch&#8221;&#8230;<br \/>\n&#8230;und wenn&#8217;s nid falsch isch, mues es jo au nid &#8220;richtig&#8221; syy, will &#8220;richtig&#8221; &#8211; je nach d\u00e4m, (je nach\u00a0<i>Perspektive)<\/i>\u00a0&#8211; ebe nur e&#8217;n&#8217;andery Sichtwyys isch!<br \/>\nGuet isch doch eifach, was gfallt&#8230; (deguschtybus non est rumpedibum o.\u00e4.)&#8230;<br \/>\n<\/span><\/p>\n<p style=\"text-align: left;\" align=\"center\"><span style=\"font-family: Arial;\">Im glyyche Sinn git&#8217;s au e BassPiccolo_Stimm f\u00fcr<br \/>\ndr\u00a0<b><span style=\"font-size: large;\">&#8220;<a href=\"https:\/\/mensch3000.ch\/wp-content\/uploads\/2022\/05\/Festival-erschti-und-BassPiccolo.pdf\">Festival<\/a>&#8220;<\/span><\/b><br \/>\nund \/ oder dr<b><br \/>\n<span style=\"font-size: large;\">&#8220;<\/span><a href=\"https:\/\/mensch3000.ch\/wp-content\/uploads\/2022\/05\/2018-Troubadour_4ty-firs-BassPicc.pdf\"><span style=\"font-size: large;\">Troubadour&#8221;<\/span><\/a><br \/>\n<\/b>und e BassPfiffe (Stimmuszug) vom<br \/>\n<strong><a href=\"https:\/\/mensch3000.ch\/wp-content\/uploads\/2022\/06\/BP-StimmUs-zum-Spinnrad-1.pdf\">&#8220;Spinnrad&#8221;<\/a><\/strong> und\/oder <a href=\"https:\/\/mensch3000.ch\/wp-content\/uploads\/2023\/03\/SpinnR-jetz-mit-Noppe.mp3\">s&#8217;Audio<\/a> drzue<br \/>\n(vom Dany Kreder)<\/span><\/p>\n<p align=\"center\"><span style=\"font-family: Arial;\">\u00a0<\/span><\/p>\n<\/div><\/div><\/div><\/div><\/div><\/div><\/section>\n","protected":false},"excerpt":{"rendered":"n.b. ze d\u00e4ne Zuesatz- bzw. BassPiccolo_Stimme: das sin k\u00e4yni &#8220;g&#8217;normte&#8221; (em &#8220;Kanon&#8221; entspr\u00e4chende) vierte Stimme, sondern meh wie &#8220;theoretischy Regelbr\u00fcch&#8221;&#8230; es wird uf d&#8217;Harmonielehr pfiffe&#8230; es isch (m\u00e4ngmol) &#8220;kontra&#8221;&#8230;punkt&#8230; &#8230;Stimmkr\u00fctzige sin k\u00e4y Vrbr\u00e4che, genau so wenig wie do und d\u00f6rt e bitz derbery Ryybyg o.\u00e4&#8230;. &#8230;die St\u00fcggli sin eifach e&#8217;n&#8217;andery Sichtwyys, e&#8217;n&#8217;andery &#8220;Spielart&#8221;&#8230; e gr\u00f6ssere...","protected":false},"author":1,"featured_media":0,"parent":3142,"menu_order":0,"comment_status":"closed","ping_status":"closed","template":"","meta":[],"acf":[],"_links":{"self":[{"href":"https:\/\/mensch3000.ch\/en\/wp-json\/wp\/v2\/pages\/3146"}],"collection":[{"href":"https:\/\/mensch3000.ch\/en\/wp-json\/wp\/v2\/pages"}],"about":[{"href":"https:\/\/mensch3000.ch\/en\/wp-json\/wp\/v2\/types\/page"}],"author":[{"embeddable":true,"href":"https:\/\/mensch3000.ch\/en\/wp-json\/wp\/v2\/users\/1"}],"replies":[{"embeddable":true,"href":"https:\/\/mensch3000.ch\/en\/wp-json\/wp\/v2\/comments?post=3146"}],"version-history":[{"count":1,"href":"https:\/\/mensch3000.ch\/en\/wp-json\/wp\/v2\/pages\/3146\/revisions"}],"predecessor-version":[{"id":3240,"href":"https:\/\/mensch3000.ch\/en\/wp-json\/wp\/v2\/pages\/3146\/revisions\/3240"}],"up":[{"embeddable":true,"href":"https:\/\/mensch3000.ch\/en\/wp-json\/wp\/v2\/pages\/3142"}],"wp:attachment":[{"href":"https:\/\/mensch3000.ch\/en\/wp-json\/wp\/v2\/media?parent=3146"}],"curies":[{"name":"wp","href":"https:\/\/api.w.org\/{rel}","templated":true}]}}