{"id":3145,"date":"2022-05-26T12:55:58","date_gmt":"2022-05-26T12:55:58","guid":{"rendered":"https:\/\/mensch3000.ch\/fasnacht\/schlampegroove\/"},"modified":"2024-04-05T06:04:41","modified_gmt":"2024-04-05T06:04:41","slug":"schlampegroove","status":"publish","type":"page","link":"https:\/\/mensch3000.ch\/en\/fasnacht\/schlampegroove\/","title":{"rendered":"Schlampegroove"},"content":{"rendered":"<section class=\"l-section wpb_row height_medium\"><div class=\"l-section-h i-cf\"><div class=\"g-cols vc_row via_grid cols_1 laptops-cols_inherit tablets-cols_inherit mobiles-cols_1 valign_top type_default stacking_default\"><div class=\"wpb_column vc_column_container\"><div class=\"vc_column-inner\"><div class=\"wpb_text_column\"><div class=\"wpb_wrapper\"><p><strong>sway is the way!<\/strong><\/p>\n<p><span style=\"font-family: Arial; font-size: large;\">&#8230;vo w\u00e4ge &#8220;neyem Doon&#8221;: &#8220;neu&#8221; an so&#8217;n&#8217;eme M\u00fcsigli mit Pfyffe&#8217;n&#8217;und Drummle isch allefalls e raffinyiertery Form vo Rythmus &#8211; <\/span><span style=\"font-family: Arial; font-size: large;\">Groove vs Marsch &#8211; &#8230;drum die Begrifflik\u00e4yt vom &#8220;Schlampegroove&#8221; (das mag d\u00e4 ney Doon vilicht no am beschte umschryybe):<br \/>\n<\/span><\/p>\n<p><span style=\"font-family: Arial; font-size: large;\">Schlampegroove isch e&#8217;n&#8217;Euphemismus fir Nano-Rythmik, wo dr &#8220;Fuudyblutt&#8221;, dr &#8220;Schnuurepflutteri&#8221; und dr &#8220;Tatter Rabatt&#8221; drmit behaftet sin:<br \/>\neso wie d&#8217;Tamboure yyre Schlepp h\u00e4n, h\u00e4n mir Pfyffer ebe&#8217;n&#8217;unsere Schlamp (de Gitarischte l\u00f6mer iire Blues)&#8230;<\/span><\/p>\n<p><span style=\"font-family: Arial; font-size: large;\"><b>Tanzed<\/b> doch \u00e4ndlig emol in d\u00e4ne struube Zyte&#8230; sprich: nimmy so styff, h\u00f6sch!! &#8211; me lauft das doch schliesslig nid mit em Hirni, sondern schunklet&#8217;s mit em <u><i>Geh<\/i><\/u>-Hirni.. ebe:<br \/>\n<\/span><\/p>\n<pre><span style=\"font-family: Arial; font-size: large;\"><strong>sway is the way!<\/strong>\r\n<\/span><\/pre>\n<p><span style=\"font-family: Arial; font-size: large;\">mit vill Synkope, Vorzoogene und sunschtige Quirlikeite, wo&#8217;s &#8220;un&#8217;g&#8217;wohnt&#8221; mache, wo sech nimmy an Marsch per se halte, wo (vrmeintlig) &#8220;schlampig&#8221; gspiilt sin, und doch <b><u>zwingend<\/u>\u00a0groove<\/b>\u00a0mien!<br \/>\nE&#8217;n&#8217;interessanti Gegeniberstellig vo synkopischem Spiil seht me z.B. weme die geniale rythmische W\u00e4ndige bim Beery aaluegt: dert isch oft &#8220;vorzooge&#8221;, d.h. es wird <i>vor<\/i>\u00a0em Downbeat (\u00fcberbunde) aagsetzt, und\/oder, wie bim Schlampegroove, wo\u00a0<i>nach<\/i> em Downbeat no e &#8220;Verschnuufer-16-tely&#8221; kunnt bevor dr Doon yysetzt. D.h. me &#8220;vrschlampt&#8221; quasi dr Ysatz, (aber denn bittsch\u00f6n drf\u00fcr dalli mi banago uf e Punkt!)!<br \/>\n<\/span><span style=\"font-family: Arial;\">oder e&#8217;n&#8217;ander Byspiel: drey 16-tely als Uftakt, also e 16-tel Pause und denn drey 16-tel -; das, wo u.a. dr 7ti V\u00e4rs bim Lumpesammler (&#8220;em Scott syn&#8221;) immer so j\u00e4mmerlig holpere lot &#8211; wenn&#8217;s nid sitzt! \ud83d\ude42 &#8230;<br \/>\n<\/span><span style=\"font-family: Arial; font-size: large;\">Oder no e&#8217;n&#8217;ander Byspiil vo d\u00e4m verschlampte Groove zeigt au dr folgend Unterschied zw\u00fcsche<\/span><\/p>\n<\/div><\/div><div class=\"w-image align_center meta_simple\"><div class=\"w-image-h\"><img width=\"207\" height=\"282\" src=\"https:\/\/mensch3000.ch\/wp-content\/uploads\/2022\/05\/Beispiel-1.bmp?wsr\" class=\"attachment-full size-full\" alt=\"\" decoding=\"async\" loading=\"lazy\" \/><\/div><div class=\"w-image-meta\"><div class=\"w-image-title\">Beispiel 1<\/div><\/div><\/div><div class=\"w-image align_center meta_simple\"><div class=\"w-image-h\"><img width=\"171\" height=\"256\" src=\"https:\/\/mensch3000.ch\/wp-content\/uploads\/2022\/05\/Beispiel-2.jpg?wsr\" class=\"attachment-large size-large\" alt=\"\" decoding=\"async\" loading=\"lazy\" \/><\/div><div class=\"w-image-meta\"><div class=\"w-image-title\">Beispiel 2<\/div><\/div><\/div><div class=\"wpb_text_column\"><div class=\"wpb_wrapper\"><p style=\"text-align: left;\" align=\"center\"><span style=\"font-family: Arial; font-size: large;\">isch nid umbedingt en &#8220;entweder oder&#8221;, sondern e &#8220;sowohl als au&#8221;&#8230;<br \/>\n(wie s&#8217;meischte im L\u00e4be&#8230; mit em Schlampegroove g&#8217;hert&#8217;s &#8220;pr\u00e4zis nid uf e Punkt spiile&#8221; zem guete Doon!)<br \/>\nGroove isch e L\u00e4bensyystellig!<\/span><span style=\"font-family: Arial;\"> Dr Swing isch im Ding (oder in d\u00e4m neye Doon?)&#8230;<br \/>\nAm beschte &#8211; wemme&#8217;s als Lauflied begryffe will &#8211;<b>\u00a0<\/b>im Offbeat laufe, so wie in d\u00e4m <b><\/b><a href=\"https:\/\/mensch3000.ch\/wp-content\/uploads\/2022\/05\/schwaflet-im-Teig.mp3\">Uszug usem SchnuurePflutteri<\/a><br \/>\n<\/span><span style=\"font-family: Arial; font-size: large;\"><br \/>\n<\/span><span style=\"font-family: Arial; font-size: large;\">Die rythmische Quirlikeite erlaube u.a. au, in de Stimmfyierige &#8220;gwogty&#8221; Sache z&#8217;schryybe:<br \/>\nmol do e Ton, wo ribt, aber rythmisch e M\u00fc vrsetzt isch, oder dert e Synkope, wo zem Stoplere&#8217;n&#8217;animiert&#8230;<br \/>\nSogar emol e Kr\u00fczig ab und zue, damit die erschti Stimm z.B. meh &#8220;Kraft&#8221; het, me Druck us ere Dopplig zieht, usw.<\/span><\/p>\n<p style=\"text-align: left;\" align=\"center\"><span style=\"font-family: Arial; font-size: large;\">E&#8217;n&#8217;andere gsunde zivile&#8217;n&#8217;Ungehorsam isch, mit dr Fleete s&#8217;Muulstigg gege&#8217;n&#8217;yyne dr\u00fclle (\u00e4hnlig wie bim\u00a0<a href=\"https:\/\/www.mensch3000.ch\/Internet%20das%20Ende.htm\">Intonyiere<\/a>)<br \/>\n(eso wie me das im fb! immer wieder heert&#8230; &#8230;s&#8217;isch durchus eso gmeint, wie&#8217;s gschryybe&#8217;n&#8217;isch&#8230;)<br \/>\n<\/span><span style=\"font-family: Arial;\"><a href=\"https:\/\/www.youtube.com\/watch?v=CDx_cj08bdA\">Uf d\u00e4m Video seht me &#8211; ab 2 min 10 sec &#8211; ganz guet, wie me das macht<\/a>&#8230;<br \/>\n<a href=\"https:\/\/www.youtube.com\/watch?v=kuNPkN3TF88\">oder uf d\u00e4m &#8211; ab 9 min&#8230;<\/a><br \/>\n<\/span><span style=\"font-family: Arial; font-size: large;\">Eso git&#8217;s d\u00e4 zues\u00e4tzlig &#8220;Drall&#8221; (abe&#8217;s&#8217;zue), wo d&#8217;Gitarischte dr Doon eso l\u00e4ssig aabedrugge mit ihrem &#8220;Wammy-bar&#8221;<\/span><\/p>\n<\/div><\/div><div class=\"w-image align_none\"><div class=\"w-image-h\"><img width=\"460\" height=\"707\" src=\"https:\/\/mensch3000.ch\/wp-content\/uploads\/2022\/05\/Wammy-Bar-on-Strat.jpg?wsr\" class=\"attachment-large size-large\" alt=\"\" decoding=\"async\" loading=\"lazy\" srcset=\"https:\/\/mensch3000.ch\/wp-content\/uploads\/2022\/05\/Wammy-Bar-on-Strat.jpg 460w, https:\/\/mensch3000.ch\/wp-content\/uploads\/2022\/05\/Wammy-Bar-on-Strat-195x300.jpg 195w, https:\/\/mensch3000.ch\/wp-content\/uploads\/2022\/05\/Wammy-Bar-on-Strat-260x400.jpg 260w\" sizes=\"(max-width: 460px) 100vw, 460px\" \/><\/div><\/div><div class=\"wpb_text_column\"><div class=\"wpb_wrapper\"><p style=\"text-align: left;\" align=\"center\"><span style=\"font-family: Arial; font-size: large;\">&#8230;es git jo scho r\u00e4cht vill Usdrucks-Zeiche und Forme (all die <a ref=\"magnificPopup\" href=\"https:\/\/mensch3000.ch\/wp-content\/uploads\/2022\/05\/Addenda-zem-fuudyblutt.jpg\">Hyeroglyphe<\/a>,\u00a0<a ref=\"magnificPopup\" href=\"https:\/\/mensch3000.ch\/wp-content\/uploads\/2022\/05\/A-Tribute-to-Alban-Batschelet.jpg\">Strichli<\/a>\u00a0und\u00a0<a ref=\"magnificPopup\" href=\"https:\/\/www.mensch3000.ch\/images\/a%20w%C3%A4ltmusig%20Notation.jpg\">B\u00f6lleli<\/a>\u00a0<a ref=\"magnificPopup\" href=\"https:\/\/mensch3000.ch\/wp-content\/uploads\/2022\/05\/PantherMitDackel.jpg\">etc.<\/a>)&#8230; und dorum h\u00e4n d&#8217;Notationsh\u00e4rsteller (Finale &amp; Co.) die Marktlugge ebefalls entdeckt und me schribt d\u00e4 U\u00e4mmi jetz &#8216;zertifizyiert&#8217; syt neyschtem mit emene Abw\u00e4rt- oder Ufw\u00e4rtspfyyl&#8230;<\/span><\/p>\n<\/div><\/div><\/div><\/div><\/div><\/div><\/section>\n","protected":false},"excerpt":{"rendered":"sway is the way! &#8230;vo w\u00e4ge &#8220;neyem Doon&#8221;: &#8220;neu&#8221; an so&#8217;n&#8217;eme M\u00fcsigli mit Pfyffe&#8217;n&#8217;und Drummle isch allefalls e raffinyiertery Form vo Rythmus &#8211; Groove vs Marsch &#8211; &#8230;drum die Begrifflik\u00e4yt vom &#8220;Schlampegroove&#8221; (das mag d\u00e4 ney Doon vilicht no am beschte umschryybe): Schlampegroove isch e&#8217;n&#8217;Euphemismus fir Nano-Rythmik, wo dr &#8220;Fuudyblutt&#8221;, dr &#8220;Schnuurepflutteri&#8221; und dr &#8220;Tatter...","protected":false},"author":1,"featured_media":0,"parent":3142,"menu_order":0,"comment_status":"closed","ping_status":"closed","template":"","meta":[],"acf":[],"_links":{"self":[{"href":"https:\/\/mensch3000.ch\/en\/wp-json\/wp\/v2\/pages\/3145"}],"collection":[{"href":"https:\/\/mensch3000.ch\/en\/wp-json\/wp\/v2\/pages"}],"about":[{"href":"https:\/\/mensch3000.ch\/en\/wp-json\/wp\/v2\/types\/page"}],"author":[{"embeddable":true,"href":"https:\/\/mensch3000.ch\/en\/wp-json\/wp\/v2\/users\/1"}],"replies":[{"embeddable":true,"href":"https:\/\/mensch3000.ch\/en\/wp-json\/wp\/v2\/comments?post=3145"}],"version-history":[{"count":2,"href":"https:\/\/mensch3000.ch\/en\/wp-json\/wp\/v2\/pages\/3145\/revisions"}],"predecessor-version":[{"id":3738,"href":"https:\/\/mensch3000.ch\/en\/wp-json\/wp\/v2\/pages\/3145\/revisions\/3738"}],"up":[{"embeddable":true,"href":"https:\/\/mensch3000.ch\/en\/wp-json\/wp\/v2\/pages\/3142"}],"wp:attachment":[{"href":"https:\/\/mensch3000.ch\/en\/wp-json\/wp\/v2\/media?parent=3145"}],"curies":[{"name":"wp","href":"https:\/\/api.w.org\/{rel}","templated":true}]}}