{"id":3144,"date":"2022-05-26T13:05:47","date_gmt":"2022-05-26T13:05:47","guid":{"rendered":"https:\/\/mensch3000.ch\/fasnacht\/nb-zum-basspiccolo-vs-em-schreyholz\/"},"modified":"2024-04-05T06:03:11","modified_gmt":"2024-04-05T06:03:11","slug":"nb-zum-basspiccolo-vs-em-schreyholz","status":"publish","type":"page","link":"https:\/\/mensch3000.ch\/en\/fasnacht\/nb-zum-basspiccolo-vs-em-schreyholz\/","title":{"rendered":"NB zum BassPiccolo vs. em Schreyholz"},"content":{"rendered":"<section class=\"l-section wpb_row height_medium\"><div class=\"l-section-h i-cf\"><div class=\"g-cols vc_row via_grid cols_1 laptops-cols_inherit tablets-cols_inherit mobiles-cols_1 valign_top type_default stacking_default\"><div class=\"wpb_column vc_column_container\"><div class=\"vc_column-inner\"><div class=\"wpb_text_column\"><div class=\"wpb_wrapper\"><p style=\"text-align: center;\"><b><span style=\"font-family: Arial; font-size: large;\">NB zum <a href=\"http:\/\/www.aebi-flutes.com\/index.php\/de\/bass-piccolo\">BassPiccolo<\/a> vs. em Schreyholz:<\/span><\/b><\/p>\n<\/div><\/div><div class=\"w-image align_center\"><div class=\"w-image-h\"><img width=\"1024\" height=\"131\" src=\"https:\/\/mensch3000.ch\/wp-content\/uploads\/2022\/05\/Basspiccolo.jpg?wsr\" class=\"attachment-large size-large\" alt=\"\" decoding=\"async\" loading=\"lazy\" srcset=\"https:\/\/mensch3000.ch\/wp-content\/uploads\/2022\/05\/Basspiccolo.jpg 1024w, https:\/\/mensch3000.ch\/wp-content\/uploads\/2022\/05\/Basspiccolo-300x38.jpg 300w, https:\/\/mensch3000.ch\/wp-content\/uploads\/2022\/05\/Basspiccolo-800x102.jpg 800w, https:\/\/mensch3000.ch\/wp-content\/uploads\/2022\/05\/Basspiccolo-600x77.jpg 600w\" sizes=\"(max-width: 1024px) 100vw, 1024px\" \/><\/div><\/div><div class=\"wpb_text_column\"><div class=\"wpb_wrapper\"><p>zu d\u00e4m fantastische BassPiccolo git&#8217;s (m\u00e4ngmol) e sog. alternativy 4ty Stimm f\u00fcr&#8217;s gweenlige Schreyholz. Beidi Versione sin zwar nid immer genau glyych, aber me kha si trotzd\u00e4m \/ beidy mitenand spiile, wenn&#8217;s Dr\u00fcppli pfyffig gnueg isch.<br \/>\nE wirklige&#8217;n&#8217;Ersatz zem BassPiccolo isch so&#8217;n&#8217;e gweenlig Schreyholz allahDings niemols, (aber d&#8217;St\u00fcck blyybe trotzd\u00e4m &#8220;vollw\u00e4rtyg&#8221;&#8230;)<\/p>\n<\/div><\/div><div class=\"wpb_text_column\"><div class=\"wpb_wrapper\"><p>&#8230;und zu d\u00e4m neye Doon, wo me&#8217;n&#8217;em Fuudyblutt, em Schnuurepflutteri, em TatterRabatt und sicher au em Cantiga del Dragon neuerdings nooche s\u00e4yt, do e&#8217;n&#8217;<a href=\"https:\/\/mensch3000.ch\/fasnacht\/schlampegroove\/\">Exegese<\/a><\/p>\n<\/div><\/div><\/div><\/div><\/div><\/div><\/section>\n","protected":false},"excerpt":{"rendered":"NB zum BassPiccolo vs. em Schreyholz: zu d\u00e4m fantastische BassPiccolo git&#8217;s (m\u00e4ngmol) e sog. alternativy 4ty Stimm f\u00fcr&#8217;s gweenlige Schreyholz. Beidi Versione sin zwar nid immer genau glyych, aber me kha si trotzd\u00e4m \/ beidy mitenand spiile, wenn&#8217;s Dr\u00fcppli pfyffig gnueg isch. E wirklige&#8217;n&#8217;Ersatz zem BassPiccolo isch so&#8217;n&#8217;e gweenlig Schreyholz allahDings niemols, (aber d&#8217;St\u00fcck blyybe...","protected":false},"author":1,"featured_media":0,"parent":3142,"menu_order":0,"comment_status":"closed","ping_status":"closed","template":"","meta":[],"acf":[],"_links":{"self":[{"href":"https:\/\/mensch3000.ch\/en\/wp-json\/wp\/v2\/pages\/3144"}],"collection":[{"href":"https:\/\/mensch3000.ch\/en\/wp-json\/wp\/v2\/pages"}],"about":[{"href":"https:\/\/mensch3000.ch\/en\/wp-json\/wp\/v2\/types\/page"}],"author":[{"embeddable":true,"href":"https:\/\/mensch3000.ch\/en\/wp-json\/wp\/v2\/users\/1"}],"replies":[{"embeddable":true,"href":"https:\/\/mensch3000.ch\/en\/wp-json\/wp\/v2\/comments?post=3144"}],"version-history":[{"count":3,"href":"https:\/\/mensch3000.ch\/en\/wp-json\/wp\/v2\/pages\/3144\/revisions"}],"predecessor-version":[{"id":3737,"href":"https:\/\/mensch3000.ch\/en\/wp-json\/wp\/v2\/pages\/3144\/revisions\/3737"}],"up":[{"embeddable":true,"href":"https:\/\/mensch3000.ch\/en\/wp-json\/wp\/v2\/pages\/3142"}],"wp:attachment":[{"href":"https:\/\/mensch3000.ch\/en\/wp-json\/wp\/v2\/media?parent=3144"}],"curies":[{"name":"wp","href":"https:\/\/api.w.org\/{rel}","templated":true}]}}