{"id":3143,"date":"2022-05-26T12:46:44","date_gmt":"2022-05-26T12:46:44","guid":{"rendered":"https:\/\/mensch3000.ch\/fasnacht\/fuudyblutt\/"},"modified":"2024-02-26T11:17:17","modified_gmt":"2024-02-26T11:17:17","slug":"fuudyblutt","status":"publish","type":"page","link":"https:\/\/mensch3000.ch\/en\/fasnacht\/fuudyblutt\/","title":{"rendered":"Fuudyblutt!"},"content":{"rendered":"<section class=\"l-section wpb_row height_medium\"><div class=\"l-section-h i-cf\"><div class=\"g-cols vc_row via_grid cols_1 laptops-cols_inherit tablets-cols_inherit mobiles-cols_1 valign_top type_default stacking_default\"><div class=\"wpb_column vc_column_container\"><div class=\"vc_column-inner\"><div class=\"wpb_text_column\"><div class=\"wpb_wrapper\"><p style=\"text-align: left;\" align=\"center\"><span style=\"color: #000000;\"><b><span style=\"font-size: xx-large;\">&#8220;fuudyblutt! (2021)&#8221;<br \/>\n<\/span><\/b><\/span><\/p>\n<p style=\"text-align: left;\" align=\"center\">e neye Doon im <a href=\"https:\/\/mensch3000.ch\/fasnacht\/schlampegroove\/\">Schlampe-Groove<\/a> (e Form vo Mento in Richtyg Calypso) fir 3 Schreyknebel und e vierti Stimm fir <a href=\"https:\/\/mensch3000.ch\/fasnacht\/nb-zum-basspiccolo-vs-em-schreyholz\/\">BassPiccolo <\/a><br \/>\n+ e&#8217;n&#8217;alternatyvy 4ty Stimm fir BP_Renit\u00e4ntli, also fir&#8217;s gweenlige Schreyholz<\/p>\n<p style=\"text-align: left;\" align=\"center\">Drummelt\u00e4ggscht vom Urs Gehrig<\/p>\n<p style=\"text-align: left;\" align=\"center\">s&#8217; &#8220;2021&#8221; stoht f\u00fcr: wie s&#8217;Original, bzw. d&#8217;Druggleegig anno 2015,<br \/>\nalso ohny Mitteld\u00e4yl wie j\u00fcngscht no im 2018;<br \/>\nund d\u00e4 Mitteld\u00e4yl findet me denn drf\u00fcr wieder im &#8220;Schnuurepflutteri&#8221;<br \/>\n(d\u00f6rt heisst d\u00e4 D\u00e4yl &#8220;dr Gossehauer&#8221;)<\/p>\n<p><span style=\"font-family: Arial; font-size: large;\"><b><a href=\"https:\/\/www.youtube.com\/watch?v=2h1UaSbfk-M&amp;feature=youtu.be\">2015<\/a><\/b>\u00a0f\u00fcr d&#8217;<b><a href=\"https:\/\/www.youtube.com\/watch?v=2h1UaSbfk-M&amp;feature=youtu.be\">Premi\u00e8re<\/a><\/b><br \/>\nam 21.11.2015 im Casino Basel<br \/>\npfiffe vom fantastische SJDS_Piccolo_Ensemble<br \/>\n<\/span><\/p>\n<p style=\"text-align: left;\" align=\"center\"><img decoding=\"async\" loading=\"lazy\" class=\"wp-image-362 size-full aligncenter\" src=\"https:\/\/mensch3000.ch\/wp-content\/uploads\/2022\/05\/SJDSLive.jpg\" alt=\"\" width=\"769\" height=\"439\" srcset=\"https:\/\/mensch3000.ch\/wp-content\/uploads\/2022\/05\/SJDSLive.jpg 769w, https:\/\/mensch3000.ch\/wp-content\/uploads\/2022\/05\/SJDSLive-300x171.jpg 300w, https:\/\/mensch3000.ch\/wp-content\/uploads\/2022\/05\/SJDSLive-600x343.jpg 600w\" sizes=\"(max-width: 769px) 100vw, 769px\" \/><br \/>\n<b>2016<\/b>\u00a0im Pfyfferli<br \/>\n<b><a href=\"https:\/\/www.youtube.com\/watch?v=7Z2su4WCFzc&amp;feature=youtu.be\">2017<\/a><\/b>\u00a0als Solo-Duo am Offizielle<br \/>\n<b><a href=\"https:\/\/www.youtube.com\/watch?v=PTbfOtQd834&amp;feature=youtu.be\">2018<\/a><\/b>\u00a0<i><u>Schwyzr-Meischter\u00a0<\/u><\/i>mit dr UFS in Bulle<br \/>\n<b><a href=\"https:\/\/youtu.be\/mw3U3AqRvxc\">2019<\/a><\/b>\u00a0Erschte am Offizielle mit de G\u00e4\u00e4le Stickoholiker<br \/>\n<a href=\"https:\/\/youtu.be\/JPwXwL0hZqw\"><b>2022<\/b>\u00a0<\/a>Erschte am Offizielle mit dr Fabienne<\/p>\n<\/div><\/div><div class=\"w-separator size_medium\"><\/div><div class=\"g-cols wpb_row via_grid cols_2 laptops-cols_inherit tablets-cols_inherit mobiles-cols_1 valign_top type_default stacking_default\"><div class=\"wpb_column vc_column_container\"><div class=\"vc_column-inner\"><div class=\"wpb_text_column\"><div class=\"wpb_wrapper\"><p style=\"text-align: left;\"><img decoding=\"async\" loading=\"lazy\" class=\"aligncenter wp-image-1753 size-full\" src=\"https:\/\/mensch3000.ch\/wp-content\/uploads\/2022\/07\/Drummeltekscht_fuudyblutt_Druckvorlage2015.jpg\" alt=\"\" width=\"1653\" height=\"2339\" srcset=\"https:\/\/mensch3000.ch\/wp-content\/uploads\/2022\/07\/Drummeltekscht_fuudyblutt_Druckvorlage2015.jpg 1653w, https:\/\/mensch3000.ch\/wp-content\/uploads\/2022\/07\/Drummeltekscht_fuudyblutt_Druckvorlage2015-212x300.jpg 212w, https:\/\/mensch3000.ch\/wp-content\/uploads\/2022\/07\/Drummeltekscht_fuudyblutt_Druckvorlage2015-724x1024.jpg 724w, https:\/\/mensch3000.ch\/wp-content\/uploads\/2022\/07\/Drummeltekscht_fuudyblutt_Druckvorlage2015-565x800.jpg 565w, https:\/\/mensch3000.ch\/wp-content\/uploads\/2022\/07\/Drummeltekscht_fuudyblutt_Druckvorlage2015-283x400.jpg 283w\" sizes=\"(max-width: 1653px) 100vw, 1653px\" \/><\/p>\n<\/div><\/div><\/div><\/div><\/div><div class=\"wpb_text_column\"><div class=\"wpb_wrapper\"><p>&#8230;dr Urversion h\u00e4tt sotte&#8217;n&#8217;e zues\u00e4tzlig V\u00e4rsli (dr <a href=\"https:\/\/mensch3000.ch\/wp-content\/uploads\/2022\/05\/Tutti_a_capella-1.mp3\">Fyygeblatt_V\u00e4rs<\/a>) spendiert byko mit em FyygeblattSticker uf dr Partitur, soz. s&#8217; AD LIBIDO\u00a0 f\u00fcr uners\u00e4ttligy Fuudyblittler&#8230;<br \/>\n&#8230;aber ebe&#8230;<br \/>\nd&#8217;Idee isch guet gsi und alles, nur h\u00e4tt me das myesse&#8217;n&#8217;yebe (&#8230;) -; drum git&#8217;s h\u00fct wieder\/nur no d&#8217;Urversion.<\/p>\n<p>n.B. d\u00e4 Mitteld\u00e4yl isch aber nid ganz vrlore&#8230; \u00e4r isch z&#8217;toll gsi zem schreddere, also hany nur 2 schwiiryge T\u00e4kt ew\u00e4gg loo und en em <a href=\"https:\/\/mensch3000.ch\/schnuurepflutteri-2020\/\">SchnuurePflutteri<\/a> spendyiert&#8230;<\/p>\n<\/div><\/div><\/div><\/div><\/div><\/div><\/section>\n","protected":false},"excerpt":{"rendered":"&#8220;fuudyblutt! (2021)&#8221; e neye Doon im Schlampe-Groove (e Form vo Mento in Richtyg Calypso) fir 3 Schreyknebel und e vierti Stimm fir BassPiccolo + e&#8217;n&#8217;alternatyvy 4ty Stimm fir BP_Renit\u00e4ntli, also fir&#8217;s gweenlige Schreyholz Drummelt\u00e4ggscht vom Urs Gehrig s&#8217; &#8220;2021&#8221; stoht f\u00fcr: wie s&#8217;Original, bzw. d&#8217;Druggleegig anno 2015, also ohny Mitteld\u00e4yl wie j\u00fcngscht no im 2018;...","protected":false},"author":1,"featured_media":0,"parent":3142,"menu_order":0,"comment_status":"closed","ping_status":"closed","template":"","meta":[],"acf":[],"_links":{"self":[{"href":"https:\/\/mensch3000.ch\/en\/wp-json\/wp\/v2\/pages\/3143"}],"collection":[{"href":"https:\/\/mensch3000.ch\/en\/wp-json\/wp\/v2\/pages"}],"about":[{"href":"https:\/\/mensch3000.ch\/en\/wp-json\/wp\/v2\/types\/page"}],"author":[{"embeddable":true,"href":"https:\/\/mensch3000.ch\/en\/wp-json\/wp\/v2\/users\/1"}],"replies":[{"embeddable":true,"href":"https:\/\/mensch3000.ch\/en\/wp-json\/wp\/v2\/comments?post=3143"}],"version-history":[{"count":1,"href":"https:\/\/mensch3000.ch\/en\/wp-json\/wp\/v2\/pages\/3143\/revisions"}],"predecessor-version":[{"id":3235,"href":"https:\/\/mensch3000.ch\/en\/wp-json\/wp\/v2\/pages\/3143\/revisions\/3235"}],"up":[{"embeddable":true,"href":"https:\/\/mensch3000.ch\/en\/wp-json\/wp\/v2\/pages\/3142"}],"wp:attachment":[{"href":"https:\/\/mensch3000.ch\/en\/wp-json\/wp\/v2\/media?parent=3143"}],"curies":[{"name":"wp","href":"https:\/\/api.w.org\/{rel}","templated":true}]}}