{"id":3142,"date":"2022-04-04T13:28:16","date_gmt":"2022-04-04T13:28:16","guid":{"rendered":"https:\/\/mensch3000.ch\/fasnacht\/"},"modified":"2025-10-26T21:33:11","modified_gmt":"2025-10-26T21:33:11","slug":"fasnacht","status":"publish","type":"page","link":"https:\/\/mensch3000.ch\/en\/fasnacht\/","title":{"rendered":"Fasnacht"},"content":{"rendered":"<section class=\"l-section wpb_row us_custom_8e09cc6b height_medium\"><div class=\"l-section-h i-cf\"><div class=\"g-cols vc_row via_grid cols_1 laptops-cols_inherit tablets-cols_inherit mobiles-cols_1 valign_top type_default stacking_default\"><div class=\"wpb_column vc_column_container\"><div class=\"vc_column-inner\">[vc_custom_heading text=&#8221;this whole section is untranslateable, i.e. only for &#8220;natives&#8220; (of Basel)&#8221; font_container=&#8221;tag:h1|text_align:center&#8221; use_theme_fonts=&#8221;yes&#8221; link=&#8221;url:https%3A%2F%2Fmensch3000.ch%2Fvirtuell-inschtruggdr%2F&#8221;]<\/div><\/div><\/div><\/div><\/section><section class=\"l-section wpb_row height_medium\"><div class=\"l-section-h i-cf\"><div class=\"g-cols vc_row via_grid cols_2 laptops-cols_inherit tablets-cols_inherit mobiles-cols_1 valign_top type_default stacking_default\"><div class=\"wpb_column vc_column_container us_custom_259c77ac\"><div class=\"vc_column-inner\"><div class=\"wpb_text_column\"><div class=\"wpb_wrapper\"><p><strong><a href=\"https:\/\/mensch3000.ch\/virtuell-inschtruggdr\/\">dr virtuell Inschtruktr\u00a0<\/a><\/strong><\/p>\n<p>isch e &#8220;didaktisch&#8221; W\u00e4rkzyyg mit\/f\u00fcr Piccolostigg &#8216;zem Mitspiile&#8217;, bzw.<br \/>\ne &#8216;haptischy Spiilhilf&#8217; mit Einzelstimme (mit Metronom oder Drummle) und d&#8217;Playbacks (Music minus One) drzue<\/p>\n<p>+<\/p>\n<p>&#8211; alternatyvy 4ty Stimme<\/p>\n<p>&#8211; Hintergrundinfo<\/p>\n<p>&#8211; e Wunschlischte!<\/p>\n<p>u.a.m.<\/p>\n<p style=\"text-align: center;\">Ganz spezifisch f\u00fcr <a href=\"https:\/\/mensch3000.ch\/fasnacht\/nb-zum-basspiccolo-vs-em-schreyholz\/\">BassPiccolo &#8211; Afficionados<\/a><\/p>\n<p style=\"text-align: center;\">z.B. dr&#8217; &#8220;<strong>Baskilisk<\/strong>&#8220;<\/p>\n<p style=\"text-align: center;\"><img decoding=\"async\" loading=\"lazy\" class=\"alignnone size-medium wp-image-3645\" src=\"https:\/\/mensch3000.ch\/wp-content\/uploads\/2024\/02\/drache-uf-dr-Pfalz-3-225x300.jpg\" alt=\"\" width=\"225\" height=\"300\" srcset=\"https:\/\/mensch3000.ch\/wp-content\/uploads\/2024\/02\/drache-uf-dr-Pfalz-3-225x300.jpg 225w, https:\/\/mensch3000.ch\/wp-content\/uploads\/2024\/02\/drache-uf-dr-Pfalz-3-768x1024.jpg 768w, https:\/\/mensch3000.ch\/wp-content\/uploads\/2024\/02\/drache-uf-dr-Pfalz-3-600x800.jpg 600w, https:\/\/mensch3000.ch\/wp-content\/uploads\/2024\/02\/drache-uf-dr-Pfalz-3-300x400.jpg 300w, https:\/\/mensch3000.ch\/wp-content\/uploads\/2024\/02\/drache-uf-dr-Pfalz-3-scaled.jpg 1995w\" sizes=\"(max-width: 225px) 100vw, 225px\" \/><\/p>\n<p>zem loose \/ <a href=\"https:\/\/mensch3000.ch\/wp-content\/uploads\/2025\/06\/Baskilisk-juno-7.mp3\">pour \u00e9couter<\/a>: <a href=\"https:\/\/mensch3000.ch\/wp-content\/uploads\/2025\/10\/Baskilisk-Last-Waltz-Edit.mp3\">do drugge<\/a><br \/>\ne 5-stimmigs St\u00fcck f\u00fcr 3 BassPiccoli\u00a0 und 2 Schreyh\u00f6lzer in 5\/8tel als <a href=\"https:\/\/de.wikipedia.org\/wiki\/Cantus_firmus\">cantus firmus!<\/a><br \/>\ndemn\u00e4gscht uf 5 Syte Leporello!<\/p>\n<p>uf ally F\u00e4ll wird&#8217;s sicher digital aabe-laad-bary Stimmusz\u00fcg g\u00e4, damit das denn alles au uf eme Notest\u00e4nder Blatz h\u00e4tt&#8230;<br \/>\n&#8230;d&#8217;Einzelstimme und Playb\u00e4cks drzue finde&#8217;n&#8217;r im Setzkaschte, Stand 10te Hornig &#8217;25<\/p>\n<p><strong>Wie der Drache zum B\u00e2s<\/strong><strong>k<\/strong><strong>ilisken wurde<\/strong><\/p>\n<p>Eine ziemlich wahre Geschichte \u00fcber Musik und warum das Straucheln kreatives Potential hat<\/p>\n<p>Die Eierschale hatte bereits Spr\u00fcnge bekommen. Es tat sich etwas im Innern der H\u00fclle. Energisch pickten Krallen und rieben Schuppen an der Schale. Dann brach das Ei entzwei und heraus kam ein kleiner gr\u00fcner Drache. Er sch\u00fcttelte den letzten Rest der H\u00fclle von sich und versuchte ein wenig Feuer zu spucken. Das Ei zu knacken war doch anstrengend gewesen, so setzte er sich ersch\u00f6pft hin und schaute sich um. Ein Bach rauschte zu seiner Linken und \u00fcber ihm w\u00f6lbte sich eine alte Steinbr\u00fccke. Mit einem langen G\u00e4hnen klappte sein erstaunlich grosses Maul auf. Ein erstes Nickerchen ausserhalb des Eies w\u00fcrde ihm guttun, sagte er sich und rollte sich an einer moosigen Stelle ein. Gerade driftete er ins Land der Tr\u00e4ume ab, als er durch ein Ger\u00e4usch wieder geweckt wurde. Er spitzte seine kleinen Ohren so gut er konnte. Was war das? Es schnipste, es klatschte und er h\u00f6rte Stimmen \u2013 doch da war noch mehr. Die Stimmen h\u00f6rten sich gut an. So gut, dass er vergass, dass er hatte schlafen wollen. Vorsichtig stand er auf und kroch so weit an die Steinbr\u00fccke heran, dass er \u00fcber das Gel\u00e4nder schauen konnte. Einige Frauen sassen da, schnipsten mit den Fingern und klatschten einen komplizierten Rhythmus. Begleitet wurden sie von drei Musikern, einer davon sang ein Lied. Der Drache kannte Musik \u2013 aber viel leiser und ged\u00e4mpfter. In seiner Eierschale waren nie alle T\u00f6ne durchgedrungen. Die Melodie ging ihm geradewegs von den Ohren ins Herz. Er begann sich in den H\u00fcften zu wiegen und schliesslich brummelte er mit. Bisher hatte ihn die Musikgruppe nicht bemerkt, doch nun, da seine Stimme sich ein bisschen wie ein Donnergrollen anh\u00f6rte, wurden sie auf ihn aufmerksam. Der Geiger liess den Bogen sinken und sah zum Himmel. Auch einige Frauen schauten sich um, bis eine mit Klatschen aufh\u00f6rte und mit grossen Augen auf den Drachen zeigte. Die Musik brach Note f\u00fcr Note ab und der Drache h\u00e4tte sich am liebsten unter der Br\u00fccke verkrochen.<\/p>\n<p>\u00abKomm doch herauf!\u00bb riefen jedoch bereits einige Frauen und winkten. Vorsichtig kam er n\u00e4her und sofort wurde er umringt. Hier wurde neugierig \u00fcber eine Schnuppe gestrichen, dort fuhr jemand \u00fcber seine Ohren. Hatten die Menschen Angst vor ihm? Mochten sie ihn?<\/p>\n<p>Schliesslich wagte er es, sich aufrecht hinzustellen und einigen direkt in die Augen zu sehen.<\/p>\n<p>\u00abIhr macht so sch\u00f6ne Musik. Ich wollte mitsingen\u2026\u00bb<\/p>\n<p>\u00abHm, das musst du noch ein bisschen \u00fcben!\u00bb lachte der S\u00e4nger. \u00abZeigst du mir, wie das geht?\u00bb fragte der Drache. Und seine Lehre begann.<\/p>\n<p>Jeden Tag nahm sich der Musiker nun Zeit f\u00fcr den Drachen und \u00fcbte Intervalle, Tonleitern und Melodien mit ihm. Und wenn es ihm besonders gut gelang, leuchteten seine Schuppen silbern und golden. Wenn er aber ausser Atem geriet oder einen Ton nicht getroffen hatte, entfuhr ihm eine Stichflamme.<\/p>\n<p>Die Konzerte in Santiago de Compostela, wo sich die Musikgruppe befand, gingen zu Ende und die Reise ging weiter. Der Drache war sich nicht schl\u00fcssig, ob er mit den Menschen mitgehen sollte oder nicht.<\/p>\n<p>\u00abKommst du mit uns?\u00bb wurde er auch schon gefragt. Seine Drachenstimme hatte sich zu einem warmen, tiefen Bass entwickelt, mit dem er die Lieder begleitete. Kurz wiegte er den Kopf hin und her und nickte dann. Die Reise ging quer durch die Lande und schliesslich kamen sie in einer Stadt mit einem breiten Fluss an. Der Drache z\u00e4hlte vier F\u00e4hren und f\u00fcnf Br\u00fccken. Er passierte eine Br\u00fccke, die zweite und bei der dritten zuckte er zusammen. Was war das f\u00fcr eine Darstellung bei den Pfeilern? Er hatte ein Tier entdeckt, das ihm zwar sehr \u00e4hnlich war, aber doch nicht vollkommen glich. Der Kopf hatte etwas von einem Hahn, eine Schlange konnte darin auch erkannt werden. Er fragte eine der Frauen seiner Musikgruppe. Sie dachte kurz nach und erkl\u00e4rte dann: \u00abLieber Drache, das ist ein Basilisk. Er steht f\u00fcr eine giftige Drachenart, f\u00fcr einen Schlangenk\u00f6nig, ein Mischwesen. Woher er kommt, wird in etwa so beschrieben: Ein alter Hahn legt ein Ei in den Mist, dieses wird von einer Schlange (oder Kr\u00f6te) umschlungen und durch deren W\u00e4rme ausgebr\u00fctet. Es schl\u00fcpft daraus der Basilisk, der allein durch seinen Blick oder Atem einen Menschen t\u00f6ten kann.\u00bb<\/p>\n<p>Der Drache erschrak und zog den Kopf ein. Die Frau strich ihm leicht \u00fcber die Schuppen: \u00abHier wurde schon lange kein leibhaftiger Basilisk gesehen, du brauchst dich nicht zu f\u00fcrchten.\u00bb<\/p>\n<p>\u00abAber vielleicht f\u00fcrchten sich die Menschen vor mir?\u00bb fl\u00fcsterte der Drache. Da erst fiel der Frau die \u00c4hnlichkeit der beiden auf. Wieder ber\u00fchrte sie beruhigend seine Schuppen: \u00abDeine Sanftmut sehen dir doch alle an, du machst Musik, du bist freundlich\u2026\u00bb &#8211; \u00ab\u2026 und ich spucke Feuer, wenn ich den Ton nicht treffe! Das ist doch erschreckend???? Vielleicht denken sie dann doch, ich bin ein Basilisk und will sie t\u00f6ten?\u00bb Da umarmte die Frau den Drachen ganz fest. \u00abDu bist der sanfteste und sympathischste Basilisk der ganzen Stadt!\u00bb<\/p>\n<p>Am n\u00e4chsten Morgen wachte er mit dem Gedanken auf: \u00abIch bin ein sanfter und friedlicher Basilisk!\u00bb Schwungvoll h\u00fcpfte er aus dem Bett und krachte aus Versehen gegen den Tisch. Schmerzhaft verzog er sein Gesicht und rieb sich den Vorderfuss und einen Fl\u00fcgel. Nun hatte er die Bescherung: er hatte sich den Fuss und den Fl\u00fcgel verstaucht und hinkte.<\/p>\n<p>Statt \u00fcber die Br\u00fccken zu laufen oder zu fliegen, fuhr er jetzt mit der F\u00e4hre. Alle 25 Basilisken-Brunnen der Stadt wollte er abklappern. Vielleicht war er ja nicht der einzige nette Drachen\u2026<\/p>\n<p>Gerade humpelte er auf eine Brunnenfigur zu, als er den Eindruck hatte, beobachtet zu werden. Langsam drehte er sich um und schaute einem Mann in die Augen: \u00abWer bist du und was ist dir passiert? Du hinkst ja!\u00bb<\/p>\n<p>\u00abIch bin ein freundlicher Basilisk und heute Morgen aus dem Bett gefallen\u2026\u00bb<\/p>\n<p>\u00abIch hab\u2019 f\u00fcr dich etwas zum Trost\u00bb, sagte da der Mann und holte aus seiner Manteltasche eine kleine Fl\u00f6te, auf der er gleich zu spielen begann. Die T\u00f6ne hallten zwischen den H\u00e4usern hell und klar und als der Mann damit fertig war, f\u00fchlte sich der friedliebende Basilisk etwas leichter.<\/p>\n<p>\u00abEs geht mir besser \u2013 das hat deine Musik gemacht!\u00bb freute er sich.<\/p>\n<p>\u00abSch\u00f6n, hat dir mein neues St\u00fcckchen, das Hinkebein, gefallen. Ich habe es gerade speziell f\u00fcr dich erfunden.\u00bb<\/p>\n<p>Erneut spielte es der Fl\u00f6tenmann und der Basilisk fiel mit seiner Bassstimme ein. Als sie geendet hatten, wollte sich der Drache auf den Nachhauseweg machen. Doch da rief eine Stimme: \u00abHalt, bleib wie du bist! Ich bin noch nicht ganz fertig!\u00bb Ein junger Mann skizzierte mit leichter Hand auf seinem Block ein Portrait vom Drachen mit der riesigen Kirche im Hintergrund. Nun schaute er zufrieden auf sein Werk. \u00abHier, f\u00fcr dich!\u00bb damit \u00fcberreichte er die Zeichnung dem Drachen. Sorgsam rollte dieser sie zusammen und verstaute sie in den Tiefen seiner Schuppen. Er sah wirklich freundlich auf dem Bild aus.<\/p>\n<p>Bald war das Engagement der Truppe auch in dieser Stadt vorbei, Fuss und Fl\u00fcgel waren dank der Hinkebein-Medizin wieder voll einsatzf\u00e4hig. Am Tag der Abreise schlug der Basilisk daher vor: \u00abSetzt euch alle auf meinen R\u00fccken! Fliegen wir doch in die n\u00e4chste Stadt!\u00bb<\/p>\n<p>Schnell waren alle auf den Drachen geklettert und los ging der Flug. Nach zwei Stunden sahen sie den \u00fcber 300 Metern hohen, schlanken und grazilen Turm, das Wahrzeichen dieser Stadt. Durch die Eisenkonstruktion des Turmes schimmerte die Sonne und blendete den Drachen. Er blinzelte und versuchte, das Geb\u00e4ude in einem weiten Bogen zu umfliegen. Bei der Landung geriet er dennoch ins Straucheln und nur mit knapper Not gelang es ihm schliesslich, sich selbst und die Musiktruppe gesund auf den Boden zu bringen. Ungl\u00fccklicherweise rempelte er dabei einen Mann an: \u00abQue bascules-tu par ici?\u00bb fragte ihn dieser emp\u00f6rt.<\/p>\n<p>\u00abOhh, das tut mir leid! Die Sonne\u2026 der lange Flug\u2026\u00bb stotterte der Drache. Der Mann betrachtete ihn skeptisch: \u00abQui es-tu?\u00bb<\/p>\n<p>\u00abC\u2019est notre dragon!\u00bb riefen die Musikerinnen. \u00abIl est compl\u00e8tement gentil, vraiment!\u00bb riefen die Musiker. \u00abEigentlich bin ich ja ein friedfertiger Basilisk\u2026\u00bb nuschelte da der Drache.<\/p>\n<p>\u00abPardon? Tu es un Basilisk? Mais non! Je crois que tu es un B\u00e2s<strong>K<\/strong>ilisk! Tu as beaucoup bascul\u00e9, n\u2019est-ce pas?\u201d<\/p>\n<p>Gerade wollte der Basilisk, der soeben zum B\u00e2skilisken geworden war, etwas erwidern, als der Blick des Mannes auf den Geigenkasten fiel. \u00abVous fa\u00eetes de la musique?\u00bb Und flugs zog auch er eine Fl\u00f6te aus der Tasche und pfiff ein Lied. Als er geendet hatte, klatschten alle. Da verbeugte sich der Fl\u00f6tist und schaute verschmitzt zum B\u00e2skilisken: \u00abEt voil\u00e0 \u2013 c\u2019etait \u00abLe dragon lunaire\u00bb pour toi! C\u2019est vrais, tu es un dragon sympa et un tr\u00e9s, tr\u00e9s gentil B\u00e2skilisk!\u00bb<\/p>\n<\/div><\/div><div class=\"wpb_text_column\"><div class=\"wpb_wrapper\"><p style=\"text-align: center;\"><span style=\"color: #ff0000;\"><strong><a style=\"color: #ff0000;\" href=\"https:\/\/mensch3000.ch\/virtuell-inschtruggdr\/\">\u00a0<\/a><\/strong><\/span><\/p>\n<\/div><\/div><\/div><\/div><div class=\"wpb_column vc_column_container\"><div class=\"vc_column-inner\"><div class=\"w-image align_none\"><a href=\"https:\/\/mensch3000.ch\/virtuell-inschtruggdr\/\" aria-label=\"Link\" class=\"w-image-h\"><img width=\"400\" height=\"400\" src=\"https:\/\/mensch3000.ch\/wp-content\/uploads\/2022\/06\/Kokopeli4.jpg?wsr\" class=\"attachment-large size-large\" alt=\"\" decoding=\"async\" loading=\"lazy\" srcset=\"https:\/\/mensch3000.ch\/wp-content\/uploads\/2022\/06\/Kokopeli4.jpg 400w, https:\/\/mensch3000.ch\/wp-content\/uploads\/2022\/06\/Kokopeli4-300x300.jpg 300w, https:\/\/mensch3000.ch\/wp-content\/uploads\/2022\/06\/Kokopeli4-150x150.jpg 150w\" sizes=\"(max-width: 400px) 100vw, 400px\" \/><\/a><\/div><\/div><\/div><\/div><\/div><\/section>\n","protected":false},"excerpt":{"rendered":"[vc_custom_heading text=\"this whole section is untranslateable, i.e. only for ``natives`` (of Basel)\" font_container=\"tag:h1|text_align:center\" use_theme_fonts=\"yes\" link=\"url:https%3A%2F%2Fmensch3000.ch%2Fvirtuell-inschtruggdr%2F\"]dr virtuell Inschtruktr\u00a0 isch e &#8220;didaktisch&#8221; W\u00e4rkzyyg mit\/f\u00fcr Piccolostigg &#8216;zem Mitspiile&#8217;, bzw. e &#8216;haptischy Spiilhilf&#8217; mit Einzelstimme (mit Metronom oder Drummle) und d&#8217;Playbacks (Music minus One) drzue + &#8211; alternatyvy 4ty Stimme &#8211; Hintergrundinfo &#8211; e Wunschlischte! u.a.m. Ganz spezifisch f\u00fcr...","protected":false},"author":1,"featured_media":0,"parent":0,"menu_order":0,"comment_status":"closed","ping_status":"closed","template":"","meta":[],"acf":[],"_links":{"self":[{"href":"https:\/\/mensch3000.ch\/en\/wp-json\/wp\/v2\/pages\/3142"}],"collection":[{"href":"https:\/\/mensch3000.ch\/en\/wp-json\/wp\/v2\/pages"}],"about":[{"href":"https:\/\/mensch3000.ch\/en\/wp-json\/wp\/v2\/types\/page"}],"author":[{"embeddable":true,"href":"https:\/\/mensch3000.ch\/en\/wp-json\/wp\/v2\/users\/1"}],"replies":[{"embeddable":true,"href":"https:\/\/mensch3000.ch\/en\/wp-json\/wp\/v2\/comments?post=3142"}],"version-history":[{"count":33,"href":"https:\/\/mensch3000.ch\/en\/wp-json\/wp\/v2\/pages\/3142\/revisions"}],"predecessor-version":[{"id":4965,"href":"https:\/\/mensch3000.ch\/en\/wp-json\/wp\/v2\/pages\/3142\/revisions\/4965"}],"wp:attachment":[{"href":"https:\/\/mensch3000.ch\/en\/wp-json\/wp\/v2\/media?parent=3142"}],"curies":[{"name":"wp","href":"https:\/\/api.w.org\/{rel}","templated":true}]}}