{"id":3140,"date":"2022-05-19T13:55:52","date_gmt":"2022-05-19T13:55:52","guid":{"rendered":"https:\/\/mensch3000.ch\/dr-tatterrabatt\/"},"modified":"2024-04-17T18:00:00","modified_gmt":"2024-04-17T18:00:00","slug":"dr-tatterrabatt","status":"publish","type":"page","link":"https:\/\/mensch3000.ch\/en\/dr-tatterrabatt\/","title":{"rendered":"dr TatterRabatt"},"content":{"rendered":"<section class=\"l-section wpb_row height_medium\"><div class=\"l-section-h i-cf\"><div class=\"g-cols vc_row via_grid cols_1 laptops-cols_inherit tablets-cols_inherit mobiles-cols_1 valign_top type_default stacking_default\"><div class=\"wpb_column vc_column_container\"><div class=\"vc_column-inner\"><div class=\"w-image align_center\"><div class=\"w-image-h\"><img width=\"177\" height=\"400\" src=\"https:\/\/mensch3000.ch\/wp-content\/uploads\/2022\/07\/Kokopelli9-177x400.jpg?wsr\" class=\"attachment-us_600_400 size-us_600_400\" alt=\"\" decoding=\"async\" loading=\"lazy\" srcset=\"https:\/\/mensch3000.ch\/wp-content\/uploads\/2022\/07\/Kokopelli9-177x400.jpg 177w, https:\/\/mensch3000.ch\/wp-content\/uploads\/2022\/07\/Kokopelli9-452x1024.jpg 452w, https:\/\/mensch3000.ch\/wp-content\/uploads\/2022\/07\/Kokopelli9-353x800.jpg 353w, https:\/\/mensch3000.ch\/wp-content\/uploads\/2022\/07\/Kokopelli9.jpg 572w\" sizes=\"(max-width: 177px) 100vw, 177px\" \/><\/div><\/div><div class=\"wpb_text_column\"><div class=\"wpb_wrapper\"><p style=\"text-align: left;\" align=\"center\"><span style=\"font-family: Arial;\">d&#8217;Entstehyg vom TattrRabatt het eigentlig erscht NACH em SchnuurePflutteri statt g&#8217;funde, d.h. dr SchnuurePfluttery het (nach em Fuudyblutt) so vil &#8220;H\u00fctyge&#8221; dure g&#8217;macht, bzw. isch so vil mol vor em Schreddere gstande, dasy (us Prot\u00e4scht vor st\u00e4ndyger N\u00f6lerey, irgend ebbis am SchnuurePfluttery sey nid r\u00e4cht, k\u00f6nn me nid mache, sey w\u00fcescht\/falsch o.\u00e4.) &#8220;z&#8217;L\u00e4yd&#8221; e <a href=\"https:\/\/www.youtube.com\/watch?v=6d07jUw0HnM\">24 V\u00e4rs langs Video<\/a> us vrschiidenschte Vrsatzst\u00fcck baschtlet ha &#8230;<br \/>\n&#8230;d\u00e4 urspr\u00fcnglig 9 min\u00fctig &#8220;Pigmento&#8221; &#8211; ydampft fir Oholiker als &#8220;TatterRabatt&#8221; in <a href=\"https:\/\/youtu.be\/84ERkIam47o\">4\/4tel Version<\/a> &#8211; het schluss\u00e4ndlig mutyiert in e 7\/8-tel balkanysche Hudyg\u00e4\u00e4keler&#8230; durchus &#8216;begehbar&#8217; mit 1 Schritt pro Takt &#8211; e wunderbare Sway! <\/span><\/p>\n<p><a href=\"https:\/\/mensch3000.ch\/wp-content\/uploads\/2024\/02\/Tatter-StimmUszug-BP.pdf\">https:\/\/mensch3000.ch\/wp-content\/uploads\/2024\/02\/Tatter-StimmUszug-BP.pdf<\/a><\/p>\n<p style=\"text-align: left;\" align=\"center\"><span style=\"font-family: Arial;\">&#8211; <a href=\"https:\/\/mensch3000.ch\/fasnacht\/schlampegroove\/\">sway is the way<\/a>!&#8230;<br \/>\n<\/span><\/p>\n<p style=\"text-align: left;\" align=\"center\"><span style=\"font-family: Arial;\">&#8230; mit fulminante (vermeintlige) &#8220;Rythme-W\u00e4chsel&#8221;:<br \/>\ns&#8217;Ganze&#8217;n&#8217;<\/span><span style=\"font-family: Arial;\">eso usgl\u00e4yt, dass d&#8217;16-tel ally (usnahmslos) immer bi &#8220;glyychem&#8221; Metronom laufe, aber in &#8220;vrschiidene Kaliber&#8221;:<br \/>\n&#8211; dr erschty Abschnitt als 7\/16-tel (ei Schritt pro Takt)<br \/>\n&#8211; dr zweit Abschnitt als 2\/2tel (mit em Schrittw\u00e4chsel im Takt 45)<br \/>\n&#8211; dr dritt Abschnitt mit eme empyrische Ufbau tern\u00e4r als 12\/16-tel &#8220;Jig&#8221; und denn schliesslig<br \/>\n&#8211; dr Abschluss als 4\/4tel<\/span><\/p>\n<p>&#8230;dr TattrRabatt zelebryiert &#8220;GoldAlpe Variazione&#8221; mit freygeischtige Kurzfassige vo Roma- und Son_Musig, mit Rever\u00e4nzler und harte Z\u00e4sure vo H\u00f6rdy bis G\u00f6rdy, <span style=\"font-family: Arial;\">inspyriert vo<br \/>\nAlph\u00f6rner, vo Rastas und Bastas, vo Popury mit Vrsatzstigg us vrschiedene&#8217;n&#8217;Ecke und Kante <\/span><span style=\"color: #000000; font-family: Arial Rounded MT Bold, sans-serif;\">wo Basel gr\u00e4nzelos an Peru stoosst, Jamaika an d&#8217;Mongolei, und Uganda an Balkan,<br \/>\n<\/span> <span style=\"font-family: Arial;\">vom Gross-Druid &#8220;Hadouk&#8221; (1492 &#8211; 1599,\u00a0 Wikipedia, Pataphysik) und vo vil anderem&#8230;<\/span><\/p>\n<p style=\"text-align: left;\" align=\"center\"><span style=\"font-family: Arial;\">Mit ere Vrbeugyg uf Ohreheechy zem Cornelius Buser, wo wieder emol genialisch g&#8217;Rambambelet het&#8230;<br \/>\n<\/span><span style=\"font-family: Arial;\">Dr Dsch\u00e4s mues sowieso aaneheebe, wenn&#8217;s ebbis z&#8217;Vrpriigle gubbt&#8230;<br \/>\n<\/span><\/p>\n<p style=\"text-align: left;\" align=\"center\"><span style=\"font-family: Arial Rounded MT Bold, sans-serif;\">mit V\u00e4rsli wie:<br \/>\n&#8211; dr Zittriopopettli<br \/>\n&#8211; e Knick in dr Fichte mit ere Jig als Irrl\u00e4ndler<br \/>\n&#8211; s&#8217;H\u00f6rgr\u00e4t<br \/>\n&#8211; dr Alois<br \/>\n&#8211; Parkinscheyk baby scheyk<br \/>\n&#8211; weisch no, fryiener?<br \/>\n&#8211; womr no h\u00e4n fiidleblutt d\u00f6rfe<br \/>\n&#8211; Geiferlatz und Schnabeltasse<br \/>\n&#8211; s&#8217;ArtReesli<br \/>\n&#8211; s&#8217;NeyReesli<br \/>\n&#8211; s&#8217;TromBeesli (mit Gichtstimm)<br \/>\n&#8211; dr Proschtatter<br \/>\n&#8211; dr KnatterTatter<br \/>\n&#8211; dr BeschTatter<br \/>\n&#8211; im Hohn-Alter<br \/>\n&#8211; s&#8217;Stitzstrimpfli<br \/>\n&#8211; s&#8217;Dem\u00e4nzli<br \/>\n&#8211; s&#8217;Inkontin\u00e4nzli<\/span><span style=\"font-family: Arial Rounded MT Bold, sans-serif;\"><br \/>\n&#8211; no bis zu de Finkespitze<br \/>\n&#8211; vo Leitstell ze Leidstell<br \/>\n&#8211; Placebo forte<br \/>\n&#8211; Parajos en la cabeza<br \/>\n&#8211; Exit (fertig fiidleblutt, jetz!)<br \/>\n&#8211; Rock&#8217;n&#8217;Rollator<br \/>\n&#8211; d&#8217;H\u00e4ppy Pille<br \/>\n&#8211; siebzig Jahr blondes Haar<br \/>\n&#8211; d\u00e4, woni wiedr n\u00fcm weiss, wie&#8217;n&#8217;r heisst&#8230;<br \/>\n&#8211; oh baby, Beery, B\u00e2le \u00e0 Bali<br \/>\n&#8211; le B\u00e2l(e) de l&#8217;Oiseau und l&#8217;Oiseau de B\u00e2le<\/span><span style=\"font-family: Arial Rounded MT Bold, sans-serif;\">u.v.a.<\/span><\/p>\n<p style=\"text-align: left;\" align=\"center\"><span style=\"font-family: Arial;\">und w\u00e4r&#8217;s nid glaubt, s\u00f6ll doch sini L\u00e4ckerli s\u00e4lber mache. Do isch&#8217;s Rez\u00e4pt drzue:<br \/>\n<a class=\"moz-txt-link-freetext\" href=\"http:\/\/youtu.be\/faOAWV0HQmI\">http:\/\/youtu.be\/faOAWV0HQmI<\/a><\/span><\/p>\n<\/div><\/div><\/div><\/div><\/div><\/div><\/section>\n","protected":false},"excerpt":{"rendered":"d&#8217;Entstehyg vom TattrRabatt het eigentlig erscht NACH em SchnuurePflutteri statt g&#8217;funde, d.h. dr SchnuurePfluttery het (nach em Fuudyblutt) so vil &#8220;H\u00fctyge&#8221; dure g&#8217;macht, bzw. isch so vil mol vor em Schreddere gstande, dasy (us Prot\u00e4scht vor st\u00e4ndyger N\u00f6lerey, irgend ebbis am SchnuurePfluttery sey nid r\u00e4cht, k\u00f6nn me nid mache, sey w\u00fcescht\/falsch o.\u00e4.) &#8220;z&#8217;L\u00e4yd&#8221; e 24...","protected":false},"author":1,"featured_media":0,"parent":0,"menu_order":0,"comment_status":"closed","ping_status":"closed","template":"","meta":[],"acf":[],"_links":{"self":[{"href":"https:\/\/mensch3000.ch\/en\/wp-json\/wp\/v2\/pages\/3140"}],"collection":[{"href":"https:\/\/mensch3000.ch\/en\/wp-json\/wp\/v2\/pages"}],"about":[{"href":"https:\/\/mensch3000.ch\/en\/wp-json\/wp\/v2\/types\/page"}],"author":[{"embeddable":true,"href":"https:\/\/mensch3000.ch\/en\/wp-json\/wp\/v2\/users\/1"}],"replies":[{"embeddable":true,"href":"https:\/\/mensch3000.ch\/en\/wp-json\/wp\/v2\/comments?post=3140"}],"version-history":[{"count":5,"href":"https:\/\/mensch3000.ch\/en\/wp-json\/wp\/v2\/pages\/3140\/revisions"}],"predecessor-version":[{"id":3788,"href":"https:\/\/mensch3000.ch\/en\/wp-json\/wp\/v2\/pages\/3140\/revisions\/3788"}],"wp:attachment":[{"href":"https:\/\/mensch3000.ch\/en\/wp-json\/wp\/v2\/media?parent=3140"}],"curies":[{"name":"wp","href":"https:\/\/api.w.org\/{rel}","templated":true}]}}