{"id":3139,"date":"2022-05-19T13:47:38","date_gmt":"2022-05-19T13:47:38","guid":{"rendered":"https:\/\/mensch3000.ch\/info-zum-schnuurepflutteri\/"},"modified":"2024-02-26T11:16:52","modified_gmt":"2024-02-26T11:16:52","slug":"info-zum-schnuurepflutteri","status":"publish","type":"page","link":"https:\/\/mensch3000.ch\/en\/info-zum-schnuurepflutteri\/","title":{"rendered":"Dr Schnuurepflutteri"},"content":{"rendered":"<section class=\"l-section wpb_row height_medium\"><div class=\"l-section-h i-cf\"><div class=\"g-cols vc_row via_grid cols_1 laptops-cols_inherit tablets-cols_inherit mobiles-cols_1 valign_top type_default stacking_default\"><div class=\"wpb_column vc_column_container\"><div class=\"vc_column-inner\">[vc_custom_heading text=&#8221;Dr Schnuurepflutteri&#8221; font_container=&#8221;tag:h2|text_align:center&#8221; use_theme_fonts=&#8221;yes&#8221;]<\/div><\/div><\/div><\/div><\/section><section class=\"l-section wpb_row height_medium\"><div class=\"l-section-h i-cf\"><div class=\"g-cols vc_row via_grid cols_1 laptops-cols_inherit tablets-cols_inherit mobiles-cols_1 valign_top type_default stacking_default\"><div class=\"wpb_column vc_column_container\"><div class=\"vc_column-inner\"><div class=\"g-cols wpb_row via_grid cols_2 laptops-cols_inherit tablets-cols_inherit mobiles-cols_1 valign_top type_default stacking_default\"><div class=\"wpb_column vc_column_container\"><div class=\"vc_column-inner\"><div class=\"wpb_text_column\"><div class=\"wpb_wrapper\"><p>e Piccolo-D\u00e9rangement fir BassPiccolo und 3 Schreyhelzer<br \/>\nmit eme fantastische DrummelZauber vom Moritz (&#8220;M\u00f6tzli&#8221;) Frei<br \/>\n+ e&#8217;n&#8217;alternativy 4ty Stimm&#8230;<br \/>\n&#8230;zer erschte Fasnacht ohny Beeri (R.I.P.)<br \/>\n&#8230;eigentlig e <a href=\"https:\/\/mensch3000.ch\/fasnacht\/nb-zum-basspiccolo-vs-em-schreyholz\/\">BassPiccolo<\/a>\u00a0featurette<br \/>\nmit Begl\u00e4ytGmyes f\u00fcr Schreyh\u00f6lzer&#8230;<br \/>\n&#8230; PiccoloMusig, aber k\u00e4y &#8220;Marsch&#8221;.<br \/>\nNach em Fyygeblatt (vom Fuudyblutt) jetz also<br \/>\ns&#8217;Muul_halte_Manifescht f\u00fcr e dummy Schnuure<\/p>\n<\/div><\/div><\/div><\/div><div class=\"wpb_column vc_column_container\"><div class=\"vc_column-inner\"><div class=\"w-image align_none\"><div class=\"w-image-h\"><img width=\"500\" height=\"353\" src=\"https:\/\/mensch3000.ch\/wp-content\/uploads\/2022\/05\/zivilerUngehorsam.jpg?wsr\" class=\"attachment-large size-large\" alt=\"\" decoding=\"async\" loading=\"lazy\" srcset=\"https:\/\/mensch3000.ch\/wp-content\/uploads\/2022\/05\/zivilerUngehorsam.jpg 500w, https:\/\/mensch3000.ch\/wp-content\/uploads\/2022\/05\/zivilerUngehorsam-300x212.jpg 300w\" sizes=\"(max-width: 500px) 100vw, 500px\" \/><\/div><\/div><\/div><\/div><\/div><div class=\"w-separator size_medium\"><\/div><div class=\"g-cols wpb_row via_grid cols_1 laptops-cols_inherit tablets-cols_inherit mobiles-cols_1 valign_top type_default stacking_default\"><div class=\"wpb_column vc_column_container\"><div class=\"vc_column-inner\"><div class=\"wpb_text_column\"><div class=\"wpb_wrapper\"><p>e&#8217;n&#8217;Ufforderyg, mit d\u00e4ne 3 Versione (1. Gossehauer Version, 2. konzertanty Vollversion, 3. Version ohny Drummle)<br \/>\ndoch z&#8217;spiile, z&#8217;improvisyiere, z.B. Vrzyieryge und Praller mit Bedacht z&#8217;modifizyiere o.\u00e4.,<br \/>\nund alles (vor allem sech s\u00e4lber) doch nid eso f\u00fcrchterlig \u00e4rnscht z&#8217;n\u00e4h&#8230;<br \/>\n<b>usser<\/b>: rythmisch disziplinyiert und unbarmh\u00e4rzig rygoros <u>musikalisch<\/u>\u00a0(souver\u00e4n) z&#8217;blyybe!<\/p>\n<p>Und jetz mues doch au emol en energyschy Danksagyg vom Stapel laufe:<\/p>\n<p>ohny <a href=\"https:\/\/geraldpretot.ch\/kompositionen-und-arrangements\/\">G\u00e9rald Pr\u00e9t\u00f4t<\/a> und d&#8217;Rita Wenk h\u00e4tt das niemols eso&#8217;n&#8217;e tolly Partitur g\u00e4. \u00dcberhaupt sin die zwei tolly W\u00e4gbegl\u00e4yter und h\u00e4n unsch\u00e4tzbary Sch\u00fctzehilf gleischtet f\u00fcr mi Wirrkopf, wo sunscht gar nid f\u00e4hig gsi w\u00e4r, so Granate z&#8217;lancyiere.<br \/>\nUnd ganze h\u00e4rzhafty Vrbeugyg an die unvrzichtbar w\u00e4rtvolly Emin\u00e4nz vom Cornelius Buser&#8230;<\/p>\n<p>&#8230;d&#8217;Wurzle vo d\u00e4re Farfl\u00fcttrie g\u00f6n quasi duure&#8217;n&#8217;\u00c4rdball, d.h. durch s\u00fcdfranzeesische Wurzle (Puechredon \/ Uz\u00e8s \/ S\u00e8te) einersyts und em Nuggizapfe schl\u00e4chthii: d&#8217;N\u00e4\u00e4germusig vom R &amp; B mit eme Schuss<br \/>\n<a href=\"https:\/\/mensch3000.ch\/wp-content\/uploads\/2022\/05\/Schnuure-La-La-Laller.mp3\">Jimi Hendrix Akkord uf Georges Brassens-Zeuerli<\/a><br \/>\n+ DoppelZungeschlaag (zytg\u00e4yschtig f\u00fcr Doppelmoral und Doppelhumor und Doppleraff\u00e4kt usw.).<br \/>\nS&#8217;erscht mol &#8220;g&#8217;h\u00f6rt&#8221; hany d\u00e4 <a href=\"https:\/\/www.youtube.com\/watch?v=S-Flnq3S2gQ\">Schnuurepflutteri uf dr Karlsbrugg<\/a>\u00a0 (\u00fcber d&#8217;Moldau) in Prag: zu so me W\u00f6schbr\u00e4tt g&#8217;h\u00f6rt e guete Pfiff, oder sch\u00f6ner w\u00e4r, wenn zumene guete Pfiff emol W\u00f6schbr\u00e4tt kummty&#8230;<br \/>\nF\u00fcr das Lalala La lala lala La lala\u00a0 ka me locker au schnuuredrummle mit Tekete Te kete kete Te kete&#8230;<br \/>\nIn Spanie het eine (2003!) scho mol e Remix in ere&#8217;n&#8217; <a href=\"https:\/\/endogamic.bandcamp.com\/track\/peeni-waali-schnuurepflutteri-vs-an-innocent-bug-inna-wicked-world\">UrVersion<\/a> uf Vinyl uuseg\u00e4\u00e4<\/p>\n<\/div><\/div><\/div><\/div><\/div><div class=\"w-separator size_medium\"><\/div><div class=\"w-image align_center\"><div class=\"w-image-h\"><img width=\"1024\" height=\"336\" src=\"https:\/\/mensch3000.ch\/wp-content\/uploads\/2022\/04\/vil-Schnuure2-1024x336.jpg?wsr\" class=\"attachment-large size-large\" alt=\"\" decoding=\"async\" loading=\"lazy\" srcset=\"https:\/\/mensch3000.ch\/wp-content\/uploads\/2022\/04\/vil-Schnuure2-1024x336.jpg 1024w, https:\/\/mensch3000.ch\/wp-content\/uploads\/2022\/04\/vil-Schnuure2-300x98.jpg 300w, https:\/\/mensch3000.ch\/wp-content\/uploads\/2022\/04\/vil-Schnuure2-800x263.jpg 800w, https:\/\/mensch3000.ch\/wp-content\/uploads\/2022\/04\/vil-Schnuure2-600x197.jpg 600w, https:\/\/mensch3000.ch\/wp-content\/uploads\/2022\/04\/vil-Schnuure2.jpg 1560w\" sizes=\"(max-width: 1024px) 100vw, 1024px\" \/><\/div><\/div><div class=\"w-separator size_medium\"><\/div><div class=\"wpb_text_column\"><div class=\"wpb_wrapper\"><p>Dr SchnuurePflutteri isch wieder so&#8217;n&#8217;e S\u00fcdsee_Hudyg\u00e4\u00e4keler \u00e0 la Beau Lac de B\u00e2le, wo im Hintergrund &#8211; s\u00e4lbverst\u00e4ndlig &#8211; au immer wieder die glyyche alte Haud\u00e4ge e guete&#8217;n&#8217;Yfall zu&#8217;n&#8217;ere <a href=\"https:\/\/youtu.be\/CRVQ86123pA\">W\u00e4ndig do<\/a>, e <a href=\"https:\/\/www.youtube.com\/watch?v=zMIp3-POVww\">Zitat d\u00f6rt<\/a>\u00a0 ybrocht h\u00e4n<br \/>\nund und und&#8230;<br \/>\ns&#8217;Netzw\u00e4rk blibt leb\u00e4ndig&#8230;<\/p>\n<\/div><\/div><\/div><\/div><\/div><\/div><\/section>\n","protected":false},"excerpt":{"rendered":"[vc_custom_heading text=\"Dr Schnuurepflutteri\" font_container=\"tag:h2|text_align:center\" use_theme_fonts=\"yes\"]e Piccolo-D\u00e9rangement fir BassPiccolo und 3 Schreyhelzer mit eme fantastische DrummelZauber vom Moritz (&#8220;M\u00f6tzli&#8221;) Frei + e&#8217;n&#8217;alternativy 4ty Stimm&#8230; &#8230;zer erschte Fasnacht ohny Beeri (R.I.P.) &#8230;eigentlig e BassPiccolo\u00a0featurette mit Begl\u00e4ytGmyes f\u00fcr Schreyh\u00f6lzer&#8230; &#8230; PiccoloMusig, aber k\u00e4y &#8220;Marsch&#8221;. Nach em Fyygeblatt (vom Fuudyblutt) jetz also s&#8217;Muul_halte_Manifescht f\u00fcr e dummy Schnuure e&#8217;n&#8217;Ufforderyg, mit...","protected":false},"author":1,"featured_media":0,"parent":0,"menu_order":0,"comment_status":"closed","ping_status":"closed","template":"","meta":[],"acf":[],"_links":{"self":[{"href":"https:\/\/mensch3000.ch\/en\/wp-json\/wp\/v2\/pages\/3139"}],"collection":[{"href":"https:\/\/mensch3000.ch\/en\/wp-json\/wp\/v2\/pages"}],"about":[{"href":"https:\/\/mensch3000.ch\/en\/wp-json\/wp\/v2\/types\/page"}],"author":[{"embeddable":true,"href":"https:\/\/mensch3000.ch\/en\/wp-json\/wp\/v2\/users\/1"}],"replies":[{"embeddable":true,"href":"https:\/\/mensch3000.ch\/en\/wp-json\/wp\/v2\/comments?post=3139"}],"version-history":[{"count":1,"href":"https:\/\/mensch3000.ch\/en\/wp-json\/wp\/v2\/pages\/3139\/revisions"}],"predecessor-version":[{"id":3230,"href":"https:\/\/mensch3000.ch\/en\/wp-json\/wp\/v2\/pages\/3139\/revisions\/3230"}],"wp:attachment":[{"href":"https:\/\/mensch3000.ch\/en\/wp-json\/wp\/v2\/media?parent=3139"}],"curies":[{"name":"wp","href":"https:\/\/api.w.org\/{rel}","templated":true}]}}