{"id":3137,"date":"2022-04-04T09:08:19","date_gmt":"2022-04-04T09:08:19","guid":{"rendered":"https:\/\/mensch3000.ch\/discography\/"},"modified":"2024-02-26T11:16:45","modified_gmt":"2024-02-26T11:16:45","slug":"discography","status":"publish","type":"page","link":"https:\/\/mensch3000.ch\/en\/discography\/","title":{"rendered":"Discography"},"content":{"rendered":"<section class=\"l-section wpb_row height_large\"><div class=\"l-section-overlay\" style=\"background:rgba(255,255,255,0.45)\"><\/div><div class=\"l-section-h i-cf\"><div class=\"g-cols vc_row via_grid cols_3 laptops-cols_inherit tablets-cols_inherit mobiles-cols_1 valign_middle type_default stacking_default\"><div class=\"wpb_column vc_column_container\"><div class=\"vc_column-inner\"><\/div><\/div><div class=\"wpb_column vc_column_container\"><div class=\"vc_column-inner\"><h1 class=\"w-post-elm post_title align_center entry-title color_link_inherit\">Discography<\/h1><\/div><\/div><div class=\"wpb_column vc_column_container\"><div class=\"vc_column-inner\"><\/div><\/div><\/div><\/div><\/section><section class=\"l-section wpb_row height_medium\"><div class=\"l-section-h i-cf\"><div class=\"g-cols vc_row via_grid cols_1 laptops-cols_inherit tablets-cols_inherit mobiles-cols_1 valign_top type_default stacking_default\"><div class=\"wpb_column vc_column_container\"><div class=\"vc_column-inner\"><div class=\"w-tabs style_default switch_click accordion has_scrolling\" style=\"--sections-title-size:inherit\"><div class=\"w-tabs-sections titles-align_none icon_chevron cpos_right\"><div class=\"w-tabs-section\" id=\"g451\"><button aria-controls=\"content-g451\" class=\"w-tabs-section-header\"><div class=\"w-tabs-section-title\">The Mensch Records catalogue<\/div><div class=\"w-tabs-section-control\"><\/div><\/button><div  class=\"w-tabs-section-content\" id=\"content-g451\" aria-expanded=\"false\"><div class=\"w-tabs-section-content-h i-cf\"><div class=\"g-cols wpb_row via_grid cols_1 laptops-cols_inherit tablets-cols_inherit mobiles-cols_1 valign_top type_default stacking_default\"><div class=\"wpb_column vc_column_container\"><div class=\"vc_column-inner\"><div class=\"wpb_text_column\"><div class=\"wpb_wrapper\"><table width=\"698\">\n<tbody>\n<tr>\n<td width=\"8%\">1982<\/td>\n<td width=\"26%\">LP AGR 001<\/td>\n<td width=\"63%\">&#8220;Kulu Hatha Mamnua&#8221; (Fizz\u00e8)<\/td>\n<\/tr>\n<tr>\n<td width=\"8%\">1987<\/td>\n<td width=\"26%\">LP AGR 002<\/td>\n<td width=\"63%\">&#8220;Manoeuvres d\u2019Automne&#8221; by Gilles-V. &#8220;Dizzi&#8221; Rieder<\/td>\n<\/tr>\n<tr>\n<td width=\"8%\">1988<\/td>\n<td width=\"26%\">Maxi AGR 003<\/td>\n<td width=\"63%\">&#8220;featuring Rico&#8221; (\u2018Can\u2019t stop Rudie\u2019)<\/td>\n<\/tr>\n<tr>\n<td width=\"8%\">1989<\/td>\n<td width=\"26%\">CD AGR 004 \/ LP AGR 006 \/ 45 rrpm AGR 005<\/td>\n<td width=\"63%\">&#8220;The Dawn of Peeni Waali&#8221; (Fizz\u00e8) \/ single &#8220;Rockaman Soul&#8221; feat. Rico<\/td>\n<\/tr>\n<tr>\n<td width=\"8%\">1991<\/td>\n<td width=\"26%\">CD AGR 007<\/td>\n<td width=\"63%\">Linton Kwesi Johnson\u2019s &#8220;Tings An Times&#8221;<\/td>\n<\/tr>\n<tr>\n<td width=\"8%\">1996<\/td>\n<td width=\"26%\">CD AGR 008<\/td>\n<td width=\"63%\">&#8220;Kulu \/ Manoeuvres&#8221; (Fizz\u00e8\/Dizzi)<\/td>\n<\/tr>\n<tr>\n<td width=\"8%\">1997<\/td>\n<td width=\"26%\">CD AGR 009<\/td>\n<td width=\"63%\">&#8220;The Return of Peeni Waali &#8221; (Fizz\u00e8)<\/td>\n<\/tr>\n<tr>\n<td width=\"8%\">1998<\/td>\n<td width=\"26%\">CD AGR 010<\/td>\n<td width=\"63%\">Tobias Morgenstern\u2019s &#8220;Morgenstern&#8221;<\/td>\n<\/tr>\n<tr>\n<td width=\"8%\">1999<\/td>\n<td width=\"26%\">CD AGR 011<\/td>\n<td width=\"63%\">Roland Schiltknecht\u2019s &#8220;Tunsch&#8221;<\/td>\n<\/tr>\n<tr>\n<td width=\"8%\">2001<\/td>\n<td width=\"26%\">CD AGR 012<\/td>\n<td width=\"63%\">Gumbo &#8220;Canabeat&#8221;<\/td>\n<\/tr>\n<tr>\n<td width=\"8%\">2000<\/td>\n<td width=\"26%\">2CD AGR 013<\/td>\n<td width=\"63%\">&#8220;The Eve of Peeni Waali &#8220;<\/td>\n<\/tr>\n<\/tbody>\n<\/table>\n<table width=\"779\">\n<tbody>\n<tr>\n<td width=\"8%\">2006<\/td>\n<td width=\"23%\">CD AGR 014<\/td>\n<td width=\"67%\">&#8220;SHA&#8221; (Peeni Waali vs. Schildpatt)<\/td>\n<\/tr>\n<\/tbody>\n<\/table>\n<table width=\"777\">\n<tbody>\n<tr>\n<td width=\"8%\">2007<\/td>\n<td width=\"23%\">CD AGR 015<\/td>\n<td width=\"67%\">&#8220;Besinnungslose Zeiten&#8221; 12 songs and 12 stories of Assi Schr\u00f6der<\/td>\n<\/tr>\n<\/tbody>\n<\/table>\n<table width=\"777\">\n<tbody>\n<tr>\n<td width=\"8%\">2008<\/td>\n<td width=\"23%\">special private edition<\/td>\n<td width=\"67%\">&#8220;Papa singt&#8221; &#8211; no comment&#8230;<\/td>\n<\/tr>\n<\/tbody>\n<\/table>\n<table width=\"777\">\n<tbody>\n<tr>\n<td width=\"8%\">2010<\/td>\n<td width=\"23%\">CD AGR 016<\/td>\n<td width=\"67%\">&#8220;Film(musik) f\u00fcr Blinde&#8221; 30 years of Mensch Music<\/td>\n<\/tr>\n<\/tbody>\n<\/table>\n<table width=\"777\">\n<tbody>\n<tr>\n<td width=\"8%\">2012<\/td>\n<td width=\"23%\">CD AGR 017<\/td>\n<td width=\"67%\">&#8220;Shab Tab&#8221; &amp; the Peeni Waali All Stars<\/td>\n<\/tr>\n<\/tbody>\n<\/table>\n<\/div><\/div><\/div><\/div><\/div><\/div><\/div><\/div><div class=\"w-tabs-section\" id=\"kb20\"><button aria-controls=\"content-kb20\" class=\"w-tabs-section-header\"><div class=\"w-tabs-section-title\">As recording\/mixing engineer \/ producer (additional musician)<\/div><div class=\"w-tabs-section-control\"><\/div><\/button><div  class=\"w-tabs-section-content\" id=\"content-kb20\" aria-expanded=\"false\"><div class=\"w-tabs-section-content-h i-cf\"><div class=\"g-cols wpb_row via_grid cols_1 laptops-cols_inherit tablets-cols_inherit mobiles-cols_1 valign_top type_default stacking_default\"><div class=\"wpb_column vc_column_container\"><div class=\"vc_column-inner\"><div class=\"wpb_text_column\"><div class=\"wpb_wrapper\"><table width=\"698\">\n<tbody>\n<tr>\n<td width=\"8%\">1984<\/td>\n<td width=\"20%\">LP RecRec 06<br \/>\nCD RecDec 601<\/td>\n<td width=\"72%\">&#8220;Cadutta Massi&#8221; (\u2018Battre Campagne\u2019) by D\u00e9bile Menthol<br \/>\n&#8220;Cadutta Massi&#8221; (\u2018Emile \u00e0 la Campagne\u2019) by D\u00e9bile Menthol<\/td>\n<\/tr>\n<tr>\n<td width=\"8%\">1992<\/td>\n<td width=\"20%\">CD McSandy002<\/td>\n<td width=\"72%\">&#8220;Adasamma &#8211; for you and I&#8221; by Sandy McAbankwah<\/td>\n<\/tr>\n<tr>\n<td width=\"8%\">1996<\/td>\n<td width=\"20%\">CDKleineFluchten<\/td>\n<td width=\"72%\">&#8220;Heather Winds&#8221; by Frank Mehlin<\/td>\n<\/tr>\n<tr>\n<td width=\"8%\">1997<\/td>\n<td width=\"20%\">CD (BMG)<\/td>\n<td width=\"72%\">&#8220;Pensando En Ti&#8221; by Chus<\/td>\n<\/tr>\n<\/tbody>\n<\/table>\n<table width=\"698\">\n<tbody>\n<tr>\n<td width=\"8%\">1998<\/td>\n<td width=\"20%\">LKJ Records<\/td>\n<td width=\"72%\">&#8220;More Time&#8221; LKJ and the Dub Band<\/td>\n<\/tr>\n<\/tbody>\n<\/table>\n<table width=\"698\">\n<tbody>\n<tr>\n<td width=\"8%\">1999<\/td>\n<td width=\"20%\"><\/td>\n<td width=\"72%\">Daniel Spahni&#8217;s Dub Dancers<\/td>\n<\/tr>\n<\/tbody>\n<\/table>\n<table width=\"698\">\n<tbody>\n<tr>\n<td width=\"45\">2006<\/td>\n<td width=\"132\">Zytglogge<\/td>\n<td width=\"497\">&#8220;Bann&#8221; &#8211; Roland Schiltknecht Trio<\/td>\n<\/tr>\n<\/tbody>\n<\/table>\n<\/div><\/div><\/div><\/div><\/div><\/div><\/div><\/div><div class=\"w-tabs-section\" id=\"qf50\"><button aria-controls=\"content-qf50\" class=\"w-tabs-section-header\"><div class=\"w-tabs-section-title\">As musician \/ session player (recording\/mixing engineer \/ producer)<\/div><div class=\"w-tabs-section-control\"><\/div><\/button><div  class=\"w-tabs-section-content\" id=\"content-qf50\" aria-expanded=\"false\"><div class=\"w-tabs-section-content-h i-cf\"><div class=\"wpb_text_column\"><div class=\"wpb_wrapper\"><table width=\"614\">\n<tbody>\n<tr>\n<td width=\"8%\">1979<\/td>\n<td width=\"20%\">45 rpm<\/td>\n<td width=\"72%\">&#8220;Le Herisson&#8221; with Olive &amp; les Huiles<\/td>\n<\/tr>\n<tr>\n<td width=\"8%\">1980<\/td>\n<td width=\"20%\">45 rpm<\/td>\n<td width=\"72%\">with Etchika<\/td>\n<\/tr>\n<tr>\n<td width=\"8%\">1981<\/td>\n<td width=\"20%\">45 rpm<\/td>\n<td width=\"72%\">with Breeze<\/td>\n<\/tr>\n<tr>\n<td width=\"8%\">1982<\/td>\n<td width=\"20%\">45 rpm<\/td>\n<td width=\"72%\">&#8220;L\u2019ennemi de l\u2019int\u00e9rieur&#8221; with Code<\/td>\n<\/tr>\n<tr>\n<td width=\"8%\">1983<\/td>\n<td width=\"20%\"><\/td>\n<td width=\"72%\">with Rams (Soup Bubble Rain)<\/td>\n<\/tr>\n<tr>\n<td width=\"8%\">1985<\/td>\n<td width=\"20%\">Maxi 45 rpm<\/td>\n<td width=\"72%\">with Chanida Paqwamdee<\/td>\n<\/tr>\n<tr>\n<td width=\"8%\">1987<\/td>\n<td width=\"20%\">LP RecRec 19<\/td>\n<td width=\"72%\">&#8220;La marelle&#8221; with \u00a0 the Nimal Group<\/td>\n<\/tr>\n<tr>\n<td width=\"8%\">1991<\/td>\n<td width=\"20%\">CDAYAA 0289<\/td>\n<td width=\"72%\">&#8220;Elle court, la bassecour&#8221; (\u2018M\u00eame en Hiver\u2019) with L&#8217;Ensemble Ray\u00e9<\/td>\n<\/tr>\n<tr>\n<td width=\"8%\">1992<\/td>\n<td width=\"20%\">CDAYAA 0994<\/td>\n<td width=\"72%\">&#8220;Il pleut&#8221; &amp; &#8220;Moraliste&#8221; (\u2018Un peu d\u2019Air\u2019) with Manoeuvres d\u2019Automne II<\/td>\n<\/tr>\n<tr>\n<td width=\"8%\">1993<\/td>\n<td width=\"20%\">CD AYAA 0993<\/td>\n<td width=\"72%\">&#8220;Saggae aux Vents&#8221; (&#8220;Quelques pi\u00e8ces d\u00e9tach\u00e9es&#8230;&#8221;) with L&#8217;Ensemble Ray\u00e9<\/td>\n<\/tr>\n<\/tbody>\n<\/table>\n<table width=\"614\">\n<tbody>\n<tr>\n<td width=\"8%\">2001<\/td>\n<td width=\"20%\">LKJ 021<\/td>\n<td width=\"72%\">&#8220;LKJ in Dub Vol. 3&#8221; with LKJJ &amp; the Dennis Bovell Dub Band<\/td>\n<\/tr>\n<\/tbody>\n<\/table>\n<\/div><\/div><\/div><\/div><\/div><div class=\"w-tabs-section\" id=\"a6c1\"><button aria-controls=\"content-a6c1\" class=\"w-tabs-section-header\"><div class=\"w-tabs-section-title\">Compilations where we\u2019re part of in either way (musician, mixing\/recording engineer, producer or else)<\/div><div class=\"w-tabs-section-control\"><\/div><\/button><div  class=\"w-tabs-section-content\" id=\"content-a6c1\" aria-expanded=\"false\"><div class=\"w-tabs-section-content-h i-cf\"><div class=\"g-cols wpb_row via_grid cols_1 laptops-cols_inherit tablets-cols_inherit mobiles-cols_1 valign_top type_default stacking_default\"><div class=\"wpb_column vc_column_container\"><div class=\"vc_column-inner\"><div class=\"wpb_text_column\"><div class=\"wpb_wrapper\"><table width=\"614\">\n<tbody>\n<tr>\n<td width=\"8%\">1985<\/td>\n<td width=\"20%\">LP Aux03&lt;<\/td>\n<td width=\"72%\">Terra Incognita \/ with &#8220;Dizzy y los Mentholitos&#8221; (\u2018Colonial\u2019)<\/td>\n<\/tr>\n<tr>\n<td width=\"8%\">1990<\/td>\n<td width=\"20%\">CD Cat.No. 1<\/td>\n<td width=\"72%\">Les Myst\u00e8res des Voix Vulgairees \u00a0 (\u2018Cuisine\u2019, \u2018Peeni Waali\u2019 &amp; \u2018Kulu Hatha Mamnua\u2019)<\/td>\n<\/tr>\n<tr>\n<td width=\"8%\">1993<\/td>\n<td width=\"20%\">K-Tel 6098-2<\/td>\n<td width=\"72%\">World Dance Beat\u00a0 (\u2018;A No Nottn\u2019)<\/td>\n<\/tr>\n<tr>\n<td width=\"8%\">1997<\/td>\n<td width=\"20%\">SRI CD 5\/97<\/td>\n<td width=\"72%\">Swissness &amp; Quality Selections\u00a0 (\u2018Nice Time\u2019)<\/td>\n<\/tr>\n<tr>\n<td width=\"8%\">1998<\/td>\n<td width=\"20%\">CD Cat.No. 5<\/td>\n<td width=\"72%\">Les Myst\u00e8res des Voix Vulgairees Vol. 2 \/ LKJ\u2019s \u2018Beacon of Hope\u2019 &amp;\u2018From Siberia to Nigeria\u2019 &amp; \u2018Colorace\u2019)<\/td>\n<\/tr>\n<tr>\n<td width=\"8%\">1998<\/td>\n<td width=\"20%\">Sony<\/td>\n<td width=\"72%\">Ebony &amp; Ivory \u00a0 (\u2018[Hip] Hop Schwiiz!\u2019)<\/td>\n<\/tr>\n<tr>\n<td width=\"8%\">1999<\/td>\n<td width=\"20%\">LKJ Records (LKJ CD 019)<\/td>\n<td width=\"72%\">&#8220;The Peeni Waali Phenomenon&#8221;<\/td>\n<\/tr>\n<tr>\n<td width=\"8%\">1999<\/td>\n<td width=\"20%\"><\/td>\n<td width=\"72%\">&#8220;Miniatures for the Millennium&#8221; by Morgan Fisher (\u2018Beacon of Hope \u2013 Edit\u2019)<\/td>\n<\/tr>\n<tr>\n<td width=\"8%\">2002<\/td>\n<td width=\"20%\"><\/td>\n<td width=\"72%\">&#8220;Swiss Music&#8221; Double-CD for the MIDEM (hidden Track)<\/td>\n<\/tr>\n<\/tbody>\n<\/table>\n<\/div><\/div><\/div><\/div><\/div><\/div><\/div><\/div><div class=\"w-tabs-section\" id=\"oe8d\"><button aria-controls=\"content-oe8d\" class=\"w-tabs-section-header\"><div class=\"w-tabs-section-title\">Other<\/div><div class=\"w-tabs-section-control\"><\/div><\/button><div  class=\"w-tabs-section-content\" id=\"content-oe8d\" aria-expanded=\"false\"><div class=\"w-tabs-section-content-h i-cf\"><div class=\"g-cols wpb_row via_grid cols_1 laptops-cols_inherit tablets-cols_inherit mobiles-cols_1 valign_top type_default stacking_default\"><div class=\"wpb_column vc_column_container\"><div class=\"vc_column-inner\"><div class=\"wpb_text_column\"><div class=\"wpb_wrapper\"><p>Scharkiat &#8211; Camel Road &#8211; 1996 &#8211;\u00a0<a href=\"http:\/\/face-music.ch\/catalog\/camelroad.html\">http:\/\/face-music.ch\/catalog\/camelroad.html<\/a><br \/>\nBolot &amp; Nohon &#8211; Uech Suemer &#8211; 1996 &#8211;\u00a0<a href=\"http:\/\/face-music.ch\/catalog\/bolotnohon.html\">http:\/\/face-music.ch\/catalog\/bolotnohon.html<\/a><br \/>\nDuo Temuzhin &#8211; Altai-Khangain-Ayalguu &#8211; 1997 &#8211;\u00a0<a href=\"http:\/\/face-music.ch\/catalog\/duo_temuzin.html\">http:\/\/face-music.ch\/catalog\/duo_temuzin.html<\/a><br \/>\nEnsemble Ardiin-Ayalguu &#8211; Solongo &#8211; 1998 &#8211;\u00a0<a href=\"http:\/\/face-music.ch\/catalog\/solongo_ayalguu.html\">http:\/\/face-music.ch\/catalog\/solongo_ayalguu.html<\/a><br \/>\nEnsemble Temuzhin &#8211; Altai-Khangain-Ayalguu 2 &#8211; 1998 &#8211;\u00a0<a href=\"http:\/\/face-music.ch\/catalog\/enstemuzin_altai.html\">http:\/\/face-music.ch\/catalog\/enstemuzin_altai.html<\/a><br \/>\nNohon &#8211; Altai Maktal &#8211; 2000 &#8211;\u00a0<a href=\"http:\/\/face-music.ch\/catalog\/nohon_altaimaktal.html\">http:\/\/face-music.ch\/catalog\/nohon_altaimaktal.html<\/a><br \/>\nEnsemble B\u00fcrler &#8211; Vol. I &#8211; 2000 &#8211;\u00a0<a href=\"http:\/\/face-music.ch\/catalog\/buerlervol_1.html\">http:\/\/face-music.ch\/catalog\/buerlervol_1.html<\/a><br \/>\nEnsemble Tumbash &#8211; Ayalguu &#8211; Vol. I &#8211; 2000 &#8211;\u00a0<a href=\"http:\/\/face-music.ch\/catalog\/tumbashvol_1.html\">http:\/\/face-music.ch\/catalog\/tumbashvol_1.html<\/a><br \/>\nEnsemble Tumbash &#8211; H\u00f6\u00f6mij &#8211; Vol. II &#8211; 2000 &#8211;\u00a0<a href=\"http:\/\/face-music.ch\/catalog\/tumbashvol_2.html\">http:\/\/face-music.ch\/catalog\/tumbashvol_2.html<\/a><br \/>\nEnsemble Tumbash &#8211; Urtiyn duu &#8211; 2000 &#8211;\u00a0<a href=\"http:\/\/face-music.ch\/catalog\/tumbashvol_3.html\">http:\/\/face-music.ch\/catalog\/tumbashvol_3.html<\/a><br \/>\nEnsemble Uech Suemer &#8211; Vol. I &#8211; 2002 &#8211;\u00a0<a href=\"http:\/\/face-music.ch\/catalog\/uechsuemervol_1.html\">http:\/\/face-music.ch\/catalog\/uechsuemervol_1.html<\/a><br \/>\nEnsemble Khan Bogd &#8211; Ayalguu &#8211; Vol. I &#8211; 2005 &#8211;\u00a0<a href=\"http:\/\/face-music.ch\/catalog\/khanbogdvol_1.html\">http:\/\/face-music.ch\/catalog\/khanbogdvol_1.html<\/a><br \/>\nEnsemble Khan Bogd &#8211; Magtaal &#8211; H\u00f6\u00f6mij &#8211; Vol. II &#8211; 2005 &#8211;\u00a0<a href=\"http:\/\/face-music.ch\/catalog\/khanbogdvol_2.html\">http:\/\/face-music.ch\/catalog\/khanbogdvol_2.html<\/a><\/p>\n<table id=\"table9\" border=\"0\" width=\"696\" cellspacing=\"0\" cellpadding=\"4\">\n<tbody>\n<tr>\n<td valign=\"TOP\" width=\"8%\"><span style=\"font-family: Arial;\">2006<\/span><\/td>\n<td valign=\"TOP\" width=\"20%\"><span style=\"font-family: Arial;\">CD FM 50041 (Face Music)<\/span><\/td>\n<td valign=\"TOP\" width=\"70%\"><span style=\"font-family: Arial;\">&#8220;Traditional Music from Uganda&#8221; Pedson Kasume &amp; Sarah Ndagire<\/span><\/td>\n<\/tr>\n<\/tbody>\n<\/table>\n<table id=\"table10\" border=\"0\" width=\"694\" cellspacing=\"0\" cellpadding=\"4\">\n<tbody>\n<tr>\n<td valign=\"TOP\" width=\"8%\"><span style=\"font-family: Arial;\">2006<\/span><\/td>\n<td valign=\"TOP\" width=\"20%\"><span style=\"font-family: Arial;\">CD FM 50047 (Face Music)<\/span><\/td>\n<td valign=\"TOP\" width=\"70%\"><span style=\"font-family: Arial;\">&#8220;Traditional Music of the Bantu women&#8221; Sarah Ndagire &amp; Pedson Kasume<\/span><\/td>\n<\/tr>\n<\/tbody>\n<\/table>\n<\/div><\/div><\/div><\/div><\/div><\/div><\/div><\/div><\/div><\/div><\/div><\/div><\/div><\/div><\/section>\n","protected":false},"excerpt":{"rendered":"DiscographyThe Mensch Records catalogue 1982 LP AGR 001 &#8220;Kulu Hatha Mamnua&#8221; (Fizz\u00e8) 1987 LP AGR 002 &#8220;Manoeuvres d\u2019Automne&#8221; by Gilles-V. &#8220;Dizzi&#8221; Rieder 1988 Maxi AGR 003 &#8220;featuring Rico&#8221; (\u2018Can\u2019t stop Rudie\u2019) 1989 CD AGR 004 \/ LP AGR 006 \/ 45 rrpm AGR 005 &#8220;The Dawn of Peeni Waali&#8221; (Fizz\u00e8) \/ single &#8220;Rockaman Soul&#8221; feat....","protected":false},"author":1,"featured_media":3138,"parent":0,"menu_order":0,"comment_status":"closed","ping_status":"closed","template":"","meta":[],"acf":[],"_links":{"self":[{"href":"https:\/\/mensch3000.ch\/en\/wp-json\/wp\/v2\/pages\/3137"}],"collection":[{"href":"https:\/\/mensch3000.ch\/en\/wp-json\/wp\/v2\/pages"}],"about":[{"href":"https:\/\/mensch3000.ch\/en\/wp-json\/wp\/v2\/types\/page"}],"author":[{"embeddable":true,"href":"https:\/\/mensch3000.ch\/en\/wp-json\/wp\/v2\/users\/1"}],"replies":[{"embeddable":true,"href":"https:\/\/mensch3000.ch\/en\/wp-json\/wp\/v2\/comments?post=3137"}],"version-history":[{"count":1,"href":"https:\/\/mensch3000.ch\/en\/wp-json\/wp\/v2\/pages\/3137\/revisions"}],"predecessor-version":[{"id":3228,"href":"https:\/\/mensch3000.ch\/en\/wp-json\/wp\/v2\/pages\/3137\/revisions\/3228"}],"wp:featuredmedia":[{"embeddable":true,"href":"https:\/\/mensch3000.ch\/en\/wp-json\/wp\/v2\/media\/3138"}],"wp:attachment":[{"href":"https:\/\/mensch3000.ch\/en\/wp-json\/wp\/v2\/media?parent=3137"}],"curies":[{"name":"wp","href":"https:\/\/api.w.org\/{rel}","templated":true}]}}