{"id":3136,"date":"2023-11-21T08:52:25","date_gmt":"2023-11-21T08:52:25","guid":{"rendered":"https:\/\/mensch3000.ch\/cantiga-del-dragon-lunar-2\/"},"modified":"2025-05-28T09:42:20","modified_gmt":"2025-05-28T09:42:20","slug":"cantiga-del-dragon-lunar-2","status":"publish","type":"page","link":"https:\/\/mensch3000.ch\/en\/cantiga-del-dragon-lunar-2\/","title":{"rendered":"Cantiga del Dragon Lunar"},"content":{"rendered":"<section class=\"l-section wpb_row height_medium\"><div class=\"l-section-h i-cf\"><div class=\"g-cols vc_row via_grid cols_1 laptops-cols_inherit tablets-cols_inherit mobiles-cols_1 valign_top type_default stacking_default\"><div class=\"wpb_column vc_column_container\"><div class=\"vc_column-inner\"><div class=\"wpb_text_column\"><div class=\"wpb_wrapper\"><p style=\"text-align: center;\" align=\"center\"><b><span style=\"font-family: Arial;\"><span style=\"font-size: x-large;\">B\u00e2skilisk<br \/>\n<\/span><\/span><\/b><span style=\"font-family: Arial;\"><span style=\"font-size: x-large;\">(oder<\/span><\/span><b> &#8220;<\/b><span style=\"font-family: Arial;\"><span style=\"font-size: x-large;\">Cantiga del Dragon Lunar&#8221;)<\/span><\/span><\/p>\n<p>Als Laie eso\u2019ne\u2019n\u2019Arrangement ver\u00f6ffentlige z\u2019d\u00f6rfe, h\u00e4tty mi ohny handgriffligs Zuetue vo all d\u00e4ne M\u00e4yschtr niemols traut\u2026<br \/>\nDrum, wie immer, eifach DANKE, d.h. au e h\u00e4rzlige Drachedank em Meischter G\u00e9rald (Pr\u00e9t\u00f4t), wo\u2019s wiedr eso hammerhaft g\u2019lay-outet het, inkl. alle so unabdingbare Hiiwys, Tipps und Tricks, w\u00e4rtvolle Beastandyge, \u00c4nderygsvorschleeg, unermyiedligem Atriib (und mittlerwyle 10-j\u00e4hrigem Z\u00e4me_Spiil) +<br \/>\ndito em Andri, wo ys wieder e visuells TitelblattZwinkere zauberet het\u2026<br \/>\nund ganz nid z\u2019schwyyge danke\u2019n\u2019em Assi-Drache, wo so gschickt (und nid numme) mit de Buechstabe mit\u2019g\u2019stolperet isch in d\u00e4m labori\u00f6se\u2019n\u2018Abent\u00fcr\u2026<\/p>\n<p>Playb\u00e4gs uf\u00a0 <a href=\"https:\/\/mensch3000.ch\/cantiga-del-dragon-lunar-2\/\">https:\/\/mensch3000.ch\/cantiga-del-dragon-lunar-2\/<\/a><\/p>\n<p>Und d\u2018Stimmusz\u00fcg k\u00f6nne\u2019D\u2019r dir\u00e4kt bstelle uf <a href=\"https:\/\/mensch3000.ch\/kontakt\/\">https:\/\/mensch3000.ch\/kontakt\/<\/a> oder mit em QRCode).<\/p>\n<\/div><\/div><div class=\"wpb_text_column\"><div class=\"wpb_wrapper\"><p align=\"center\"><a href=\"https:\/\/mensch3000.ch\/wp-content\/uploads\/2025\/05\/Baskilisk-im-Maye-28-Tutti.mp3\"><b>e pfiffyge DracheZauber in 5\/8tel f\u00fcr 3 BassPiccoli und 2 Schreyh\u00f6lzer<\/b><\/a><\/p>\n<p><span style=\"font-size: large;\">d&#8217;V\u00e4rs 1 und 3 sin <a href=\"https:\/\/de.wikipedia.org\/wiki\/Cantus_firmus\">cantus firmus<\/a>, d.h. <span style=\"color: #ff0000;\"><strong>s&#8217;erschte BassPiccolo het d&#8217;<\/strong><span style=\"color: #3366ff;\"><a style=\"color: #3366ff;\" href=\"https:\/\/mensch3000.ch\/wp-content\/uploads\/2024\/04\/Baskilisk-Stimmuszug-BP-1.pdf\"><strong>Hauptstimm<\/strong><\/a><\/span><\/span>, die andere harmonyiere &#8220;drum ume&#8221; (dorum cantus firmus)<\/span><span style=\"font-size: large;\"> mit<br \/>\n<em><span style=\"color: #ff0000;\"><strong>Usnahm <\/strong><\/span>vom 2te V\u00e4rs (&#8220;Hinkebein&#8221; vom Cornelius Buser): d\u00e4 Abschnitt &#8211; also vo Takt 53 bis 92 &#8211; wird vo de Schreyh\u00f6lzer dominyiert\/g&#8217;fyiehrt<\/em><br \/>\n<\/span><span style=\"font-size: large;\">d&#8217;\u00dcberg\u00e4ng vom und us em Dragon Lunaire sin eme&#8217;n&#8217;Augezwinkere (vomene grossartige Meischtr) tschuldet&#8230; e Fl\u00fcgelschlag vom Schm\u00e4tterling (Takt 93 und Takt 121)&#8230;<br \/>\n<\/span><\/p>\n<\/div><\/div><div class=\"w-separator size_medium\"><\/div><div class=\"wpb_text_column\"><div class=\"wpb_wrapper\"><div id=\"tablepress-21-scroll-wrapper\" class=\"tablepress-scroll-wrapper\">\n\n<table id=\"tablepress-21\" class=\"tablepress tablepress-id-21 tablepress-responsive\">\n<thead>\n<tr class=\"row-1 odd\">\n\t<th class=\"column-1\">Wely Stimm?<\/th><th class=\"column-2\">&nbsp;<\/th><th class=\"column-3\">&nbsp;<\/th><th class=\"column-4\">Wunschprogramm...<\/th><th class=\"column-5\">Yiebygs Schlaufe <\/th><th class=\"column-6\">&nbsp;<\/th><th class=\"column-7\">&nbsp;<\/th>\n<\/tr>\n<\/thead>\n<tbody class=\"row-hover\">\n<tr class=\"row-2 even\">\n\t<td class=\"column-1\"><\/td><td class=\"column-2\"><strong>Einzelstimme<\/strong><\/td><td class=\"column-3\"><strong>Playback<\/strong><\/td><td class=\"column-4\"><strong>Stimmuszug \"bstelle\"!<\/strong><\/td><td class=\"column-5\"><strong>Schlaufe us em Dragon in d'Cantiga<\/strong><\/td><td class=\"column-6\"><strong>bald Eury W\u00fcnsch!<\/strong><\/td><td class=\"column-7\"><strong>Playback<\/strong><\/td>\n<\/tr>\n<tr class=\"row-3 odd\">\n\t<td class=\"column-1\"><strong>Erschty<\/strong><\/td><td class=\"column-2\"><a href=\"https:\/\/mensch3000.ch\/wp-content\/uploads\/2025\/09\/dr-Baskilisk-1ty-zem-Geburri.mp3\"> mit Metronom<\/a>\t<\/td><td class=\"column-3\"><a href=\"https:\/\/mensch3000.ch\/wp-content\/uploads\/2025\/09\/PB-1ty-Baskilisk-zem-Geburri.mp3\">Schreyholz 1<\/a><\/td><td class=\"column-4\"><a href=\"https:\/\/mensch3000.ch\/kontakt\/\">was genau?<\/a><\/td><td class=\"column-5\"><a href=\"https:\/\/mensch3000.ch\/wp-content\/uploads\/2024\/12\/3-Querfloete-mit-Metronom.mp3\"> PB Schlaufe f\u00fcr's erschte Schreyholz <\/a>\t<\/td><td class=\"column-6\"><a href=\"\"> do denn glyy no meh<\/a>\t<\/td><td class=\"column-7\"><\/td>\n<\/tr>\n<tr class=\"row-4 even\">\n\t<td class=\"column-1\"><strong>Zweity<\/strong><\/td><td class=\"column-2\"><a href=\"https:\/\/mensch3000.ch\/wp-content\/uploads\/2025\/10\/LMC-m-M.mp3\"> mit Metronom<\/a>\t<\/td><td class=\"column-3\"><a href=\"https:\/\/mensch3000.ch\/wp-content\/uploads\/2025\/09\/PB-2ty-Baskilisk-zem-Geburri.mp3\">Schreyholz 2<\/a><\/td><td class=\"column-4\"><a href=\"https:\/\/mensch3000.ch\/kontakt\/\">was genau?<\/a><\/td><td class=\"column-5\"><a href=\"\"> PB Schlaufe f\u00fcr's zweite Schreyholz<\/a>\t<\/td><td class=\"column-6\"><a href=\"\"> do denn glyy no meh<\/a>\t<\/td><td class=\"column-7\"><\/td>\n<\/tr>\n<tr class=\"row-5 odd\">\n\t<td class=\"column-1\"><strong>BassPicc 1<\/strong><\/td><td class=\"column-2\"><a href=\"https:\/\/mensch3000.ch\/wp-content\/uploads\/2025\/09\/dr-Baskilisk-3ty-zem-Geburri.mp3\"> mit Metronom<\/a>\t<\/td><td class=\"column-3\"><a href=\"https:\/\/mensch3000.ch\/wp-content\/uploads\/2024\/02\/PB-3ty-Baskilisk-zem-Geburri.mp3\">Bass Picc 1<\/a><\/td><td class=\"column-4\"><a href=\"https:\/\/mensch3000.ch\/kontakt\/\">was genau?<\/a><\/td><td class=\"column-5\"><a href=\"\"> PB Schlaufe f\u00fcr's erschte Bass Piccolo <\/a>\t<\/td><td class=\"column-6\"><a href=\"\"> do denn glyy no meh<\/a>\t<\/td><td class=\"column-7\"><\/td>\n<\/tr>\n<tr class=\"row-6 even\">\n\t<td class=\"column-1\"><strong>BassPicc2<\/strong><\/td><td class=\"column-2\"><a href=\"https:\/\/mensch3000.ch\/wp-content\/uploads\/2025\/10\/LMC-m-M.mp3\"> mit Metronom<\/a><\/td><td class=\"column-3\"><a href=\"https:\/\/mensch3000.ch\/wp-content\/uploads\/2025\/09\/PB-4ty-Baskilisk-zem-Geburri.mp3\">Bass Picc 2<\/a><\/td><td class=\"column-4\"><a href=\"https:\/\/mensch3000.ch\/kontakt\/\">was genau?<\/a><\/td><td class=\"column-5\"><a href=\"\"> PB Schlaufe f\u00fcr's zweite Bass Piccolo<\/a><\/td><td class=\"column-6\"><a href=\"\"> do denn glyy no meh<\/a>\t<\/td><td class=\"column-7\"><\/td>\n<\/tr>\n<tr class=\"row-7 odd\">\n\t<td class=\"column-1\"><strong>BassPicc 3<\/strong><\/td><td class=\"column-2\"><a href=\"https:\/\/mensch3000.ch\/wp-content\/uploads\/2025\/10\/LMC-5-dr-letscht-Mohikaner-m-C.mp3\"> mit Metronom<\/a>\t<\/td><td class=\"column-3\"><a href=\"https:\/\/mensch3000.ch\/wp-content\/uploads\/2025\/09\/PB-5ty-Baskilisk-zem-Geburri.mp3\">Bass Picc 3<\/a><\/td><td class=\"column-4\"><a href=\"https:\/\/mensch3000.ch\/kontakt\/\">was genau?<\/a><\/td><td class=\"column-5\"><a href=\"\"> PB-Schlaufe f\u00fcr's dritte Bass Piccolo <\/a><\/td><td class=\"column-6\"><a href=\"\"> do denn glyy no meh<\/a>\t<\/td><td class=\"column-7\"><\/td>\n<\/tr>\n<tr class=\"row-8 even\">\n\t<td class=\"column-1\"><strong>T U T T I<\/strong><\/td><td class=\"column-2\"><a href=\"https:\/\/mensch3000.ch\/wp-content\/uploads\/2025\/10\/Baskilisk-Last-Waltz-Edit.mp3\"> ohny Metronom<\/a><\/td><td class=\"column-3\"><\/td><td class=\"column-4\"><a href=\"https:\/\/mensch3000.ch\/kontakt\/\">was genau?<\/a><\/td><td class=\"column-5\"><\/td><td class=\"column-6\"><\/td><td class=\"column-7\"><\/td>\n<\/tr>\n<\/tbody>\n<\/table>\n\n<\/div><!-- #tablepress-21 from cache -->\n<\/div><\/div><div class=\"w-separator size_medium\"><\/div><div class=\"wpb_text_column\"><div class=\"wpb_wrapper\"><\/div><\/div><\/div><\/div><\/div><\/div><\/section><section class=\"l-section wpb_row height_huge with_img\"><div class=\"l-section-img\" style=\"background-image: url(https:\/\/mensch3000.ch\/wp-content\/uploads\/2022\/04\/vil-Schnuure2.jpg?wsr);\" data-img-width=\"1560\" data-img-height=\"512\"><\/div><div class=\"l-section-h i-cf\"><div class=\"g-cols vc_row via_grid cols_1 laptops-cols_inherit tablets-cols_inherit mobiles-cols_1 valign_top type_default stacking_default\"><div class=\"wpb_column vc_column_container\"><div class=\"vc_column-inner\"><\/div><\/div><\/div><\/div><\/section>\n","protected":false},"excerpt":{"rendered":"B\u00e2skilisk (oder &#8220;Cantiga del Dragon Lunar&#8221;) Als Laie eso\u2019ne\u2019n\u2019Arrangement ver\u00f6ffentlige z\u2019d\u00f6rfe, h\u00e4tty mi ohny handgriffligs Zuetue vo all d\u00e4ne M\u00e4yschtr niemols traut\u2026 Drum, wie immer, eifach DANKE, d.h. au e h\u00e4rzlige Drachedank em Meischter G\u00e9rald (Pr\u00e9t\u00f4t), wo\u2019s wiedr eso hammerhaft g\u2019lay-outet het, inkl. alle so unabdingbare Hiiwys, Tipps und Tricks, w\u00e4rtvolle Beastandyge, \u00c4nderygsvorschleeg, unermyiedligem Atriib...","protected":false},"author":1,"featured_media":0,"parent":0,"menu_order":0,"comment_status":"closed","ping_status":"closed","template":"","meta":[],"acf":[],"_links":{"self":[{"href":"https:\/\/mensch3000.ch\/en\/wp-json\/wp\/v2\/pages\/3136"}],"collection":[{"href":"https:\/\/mensch3000.ch\/en\/wp-json\/wp\/v2\/pages"}],"about":[{"href":"https:\/\/mensch3000.ch\/en\/wp-json\/wp\/v2\/types\/page"}],"author":[{"embeddable":true,"href":"https:\/\/mensch3000.ch\/en\/wp-json\/wp\/v2\/users\/1"}],"replies":[{"embeddable":true,"href":"https:\/\/mensch3000.ch\/en\/wp-json\/wp\/v2\/comments?post=3136"}],"version-history":[{"count":59,"href":"https:\/\/mensch3000.ch\/en\/wp-json\/wp\/v2\/pages\/3136\/revisions"}],"predecessor-version":[{"id":4543,"href":"https:\/\/mensch3000.ch\/en\/wp-json\/wp\/v2\/pages\/3136\/revisions\/4543"}],"wp:attachment":[{"href":"https:\/\/mensch3000.ch\/en\/wp-json\/wp\/v2\/media?parent=3136"}],"curies":[{"name":"wp","href":"https:\/\/api.w.org\/{rel}","templated":true}]}}